{"id":711,"date":"2021-07-02T07:56:26","date_gmt":"2021-07-02T05:56:26","guid":{"rendered":"http:\/\/immobilien-einkommen.de\/?page_id=711"},"modified":"2023-09-28T09:10:54","modified_gmt":"2023-09-28T07:10:54","slug":"dominik-spooren","status":"publish","type":"page","link":"https:\/\/immobilien-einkommen.de\/en\/dominik-spooren","title":{"rendered":"Dominik Spooren"},"content":{"rendered":"<div data-elementor-type=\"wp-page\" data-elementor-id=\"711\" class=\"elementor elementor-711\">\n\t\t\t\t\t\t<section class=\"elementor-section elementor-top-section elementor-element elementor-element-27d890e7 elementor-section-content-middle elementor-section-stretched elementor-section-boxed elementor-section-height-default elementor-section-height-default\" data-id=\"27d890e7\" data-element_type=\"section\" data-e-type=\"section\" data-settings=\"{&quot;stretch_section&quot;:&quot;section-stretched&quot;,&quot;background_background&quot;:&quot;classic&quot;}\">\n\t\t\t\t\t\t<div class=\"elementor-container elementor-column-gap-no\">\n\t\t\t\t\t<div class=\"elementor-column elementor-col-50 elementor-top-column elementor-element elementor-element-ad7716d\" data-id=\"ad7716d\" data-element_type=\"column\" data-e-type=\"column\">\n\t\t\t<div class=\"elementor-widget-wrap elementor-element-populated\">\n\t\t\t\t\t\t<div class=\"elementor-element elementor-element-7cca79a3 elementor-widget elementor-widget-image\" data-id=\"7cca79a3\" data-element_type=\"widget\" data-e-type=\"widget\" data-widget_type=\"image.default\">\n\t\t\t\t<div class=\"elementor-widget-container\">\n\t\t\t\t\t\t\t\t\t\t\t\t\t\t\t<img fetchpriority=\"high\" decoding=\"async\" width=\"5504\" height=\"8256\" src=\"https:\/\/immobilien-einkommen.de\/wp-content\/uploads\/2023\/09\/045_Berater_40237HerrSpoorenDominik.png\" class=\"attachment-full size-full wp-image-10842\" alt=\"\" srcset=\"https:\/\/immobilien-einkommen.de\/wp-content\/uploads\/2023\/09\/045_Berater_40237HerrSpoorenDominik.png 5504w, https:\/\/immobilien-einkommen.de\/wp-content\/uploads\/2023\/09\/045_Berater_40237HerrSpoorenDominik-200x300.png 200w, https:\/\/immobilien-einkommen.de\/wp-content\/uploads\/2023\/09\/045_Berater_40237HerrSpoorenDominik-683x1024.png 683w, https:\/\/immobilien-einkommen.de\/wp-content\/uploads\/2023\/09\/045_Berater_40237HerrSpoorenDominik-768x1152.png 768w, https:\/\/immobilien-einkommen.de\/wp-content\/uploads\/2023\/09\/045_Berater_40237HerrSpoorenDominik-1024x1536.png 1024w, https:\/\/immobilien-einkommen.de\/wp-content\/uploads\/2023\/09\/045_Berater_40237HerrSpoorenDominik-1365x2048.png 1365w, https:\/\/immobilien-einkommen.de\/wp-content\/uploads\/2023\/09\/045_Berater_40237HerrSpoorenDominik-8x12.png 8w\" sizes=\"(max-width: 5504px) 100vw, 5504px\" \/>\t\t\t\t\t\t\t\t\t\t\t\t\t\t\t<\/div>\n\t\t\t\t<\/div>\n\t\t\t\t\t<\/div>\n\t\t<\/div>\n\t\t\t\t<div class=\"elementor-column elementor-col-50 elementor-top-column elementor-element elementor-element-70ecc784\" data-id=\"70ecc784\" data-element_type=\"column\" data-e-type=\"column\">\n\t\t\t<div class=\"elementor-widget-wrap elementor-element-populated\">\n\t\t\t\t\t\t<div class=\"elementor-element elementor-element-12c65bb2 elementor-view-default elementor-widget elementor-widget-icon\" data-id=\"12c65bb2\" data-element_type=\"widget\" data-e-type=\"widget\" data-widget_type=\"icon.default\">\n\t\t\t\t<div class=\"elementor-widget-container\">\n\t\t\t\t\t\t\t<div class=\"elementor-icon-wrapper\">\n\t\t\t<div class=\"elementor-icon\">\n\t\t\t<i aria-hidden=\"true\" class=\"fas fa-quote-left\"><\/i>\t\t\t<\/div>\n\t\t<\/div>\n\t\t\t\t\t\t<\/div>\n\t\t\t\t<\/div>\n\t\t\t\t<div class=\"elementor-element elementor-element-3a5da76c elementor-widget elementor-widget-text-editor\" data-id=\"3a5da76c\" data-element_type=\"widget\" data-e-type=\"widget\" data-widget_type=\"text-editor.default\">\n\t\t\t\t<div class=\"elementor-widget-container\">\n\t\t\t\t\t\t\t\t\t<p>Dominik has been working intensively with Martin for 10 years. He supports him as a real estate specialist in consultations and viewings, conducts notary appointments, coordinates the pre-reservations and property allocations. In addition, Dominik is very competently responsible for the IT area, is extremely reliable and also very likeable.<\/p>\t\t\t\t\t\t\t\t<\/div>\n\t\t\t\t<\/div>\n\t\t\t\t<div class=\"elementor-element elementor-element-253290b elementor-widget elementor-widget-heading\" data-id=\"253290b\" data-element_type=\"widget\" data-e-type=\"widget\" data-widget_type=\"heading.default\">\n\t\t\t\t<div class=\"elementor-widget-container\">\n\t\t\t\t\t<h2 class=\"elementor-heading-title elementor-size-default\">Dominik Spooren<\/h2>\t\t\t\t<\/div>\n\t\t\t\t<\/div>\n\t\t\t\t<div class=\"elementor-element elementor-element-55251bd2 elementor-widget elementor-widget-heading\" data-id=\"55251bd2\" data-element_type=\"widget\" data-e-type=\"widget\" data-widget_type=\"heading.default\">\n\t\t\t\t<div class=\"elementor-widget-container\">\n\t\t\t\t\t<h2 class=\"elementor-heading-title elementor-size-default\">Assistant<\/h2>\t\t\t\t<\/div>\n\t\t\t\t<\/div>\n\t\t\t\t<div class=\"elementor-element elementor-element-b146fa2 elementor-widget elementor-widget-text-editor\" data-id=\"b146fa2\" data-element_type=\"widget\" data-e-type=\"widget\" data-widget_type=\"text-editor.default\">\n\t\t\t\t<div class=\"elementor-widget-container\">\n\t\t\t\t\t\t\t\t\t<p>Mobile:<br \/><a href=\"tel:+491799130393\">+49 (0)179 \u2013 91 30 393<\/a><\/p><p>Email:<br \/><a href=\"mailto:dominik.spooren@swisslife-select.de\" target=\"_blank\" rel=\"noopener\">dominik.spooren@swisslife-select.de<\/a><\/p><p>Address:<br><a href=\"http:\/\/maps.google.com\/maps?q=50670 K\u00f6ln,Im Mediapark 8\">In the Mediapark 8<\/a><br><a href=\"http:\/\/maps.google.com\/maps?q=50670 K\u00f6ln, Im Mediapark 8\">50670 Cologne<\/a><\/p>\nPostal address:<br>\nDominik Spooren, Mozartstr. 28, 42115 Wuppertal, Germany\t\t\t\t\t\t\t\t<\/div>\n\t\t\t\t<\/div>\n\t\t\t\t<div class=\"elementor-element elementor-element-377715b elementor-shape-circle e-grid-align-left elementor-grid-0 elementor-widget elementor-widget-social-icons\" data-id=\"377715b\" data-element_type=\"widget\" data-e-type=\"widget\" data-widget_type=\"social-icons.default\">\n\t\t\t\t<div class=\"elementor-widget-container\">\n\t\t\t\t\t\t\t<div class=\"elementor-social-icons-wrapper elementor-grid\" role=\"list\">\n\t\t\t\t\t\t\t<span class=\"elementor-grid-item\" role=\"listitem\">\n\t\t\t\t\t<a class=\"elementor-icon elementor-social-icon elementor-social-icon-facebook elementor-repeater-item-987cbe4\" href=\"https:\/\/www.facebook.com\/dominik.spooren\/\" target=\"_blank\">\n\t\t\t\t\t\t<span class=\"elementor-screen-only\">Facebook<\/span>\n\t\t\t\t\t\t<i aria-hidden=\"true\" class=\"fab fa-facebook\"><\/i>\t\t\t\t\t<\/a>\n\t\t\t\t<\/span>\n\t\t\t\t\t\t\t<span class=\"elementor-grid-item\" role=\"listitem\">\n\t\t\t\t\t<a class=\"elementor-icon elementor-social-icon elementor-social-icon-instagram elementor-repeater-item-931cb87\" href=\"https:\/\/www.instagram.com\/dominikspooren\/\" target=\"_blank\">\n\t\t\t\t\t\t<span class=\"elementor-screen-only\">Instagram<\/span>\n\t\t\t\t\t\t<i aria-hidden=\"true\" class=\"fab fa-instagram\"><\/i>\t\t\t\t\t<\/a>\n\t\t\t\t<\/span>\n\t\t\t\t\t\t\t<span class=\"elementor-grid-item\" role=\"listitem\">\n\t\t\t\t\t<a class=\"elementor-icon elementor-social-icon elementor-social-icon-whatsapp elementor-repeater-item-6ba4ecc\" href=\"https:\/\/wa.me\/491799130393\" target=\"_blank\">\n\t\t\t\t\t\t<span class=\"elementor-screen-only\">Whatsapp<\/span>\n\t\t\t\t\t\t<i aria-hidden=\"true\" class=\"fab fa-whatsapp\"><\/i>\t\t\t\t\t<\/a>\n\t\t\t\t<\/span>\n\t\t\t\t\t<\/div>\n\t\t\t\t\t\t<\/div>\n\t\t\t\t<\/div>\n\t\t\t\t<div class=\"elementor-element elementor-element-52aba56 elementor-button-success elementor-align-justify elementor-widget elementor-widget-button\" data-id=\"52aba56\" data-element_type=\"widget\" data-e-type=\"widget\" data-widget_type=\"button.default\">\n\t\t\t\t<div class=\"elementor-widget-container\">\n\t\t\t\t\t\t\t\t\t<div class=\"elementor-button-wrapper\">\n\t\t\t\t\t<a class=\"elementor-button elementor-button-link elementor-size-sm\" href=\"\/en\/team\/\">\n\t\t\t\t\t\t<span class=\"elementor-button-content-wrapper\">\n\t\t\t\t\t\t\t\t\t<span class=\"elementor-button-text\">Team overview<\/span>\n\t\t\t\t\t<\/span>\n\t\t\t\t\t<\/a>\n\t\t\t\t<\/div>\n\t\t\t\t\t\t\t\t<\/div>\n\t\t\t\t<\/div>\n\t\t\t\t\t<\/div>\n\t\t<\/div>\n\t\t\t\t\t<\/div>\n\t\t<\/section>\n\t\t\t\t<\/div>","protected":false},"excerpt":{"rendered":"<p>Dominik arbeitet seit 10 Jahren intensiv mit Martin zusammen. Er unterst\u00fctzt ihn als Immobilienspezialist bei Beratungen und Besichtigungen, f\u00fchrt Notartermine durch, koordiniert die Vorreservierungen und Objektzuteilungen. Zus\u00e4tzlich verantwortet Dominik sehr [&hellip;]<\/p>\n","protected":false},"author":2,"featured_media":499,"parent":0,"menu_order":0,"comment_status":"closed","ping_status":"closed","template":"elementor_header_footer","meta":{"footnotes":""},"class_list":["post-711","page","type-page","status-publish","has-post-thumbnail","hentry","wpbf-post"],"yoast_head":"<!-- This site is optimized with the Yoast SEO plugin v27.1.1 - https:\/\/yoast.com\/product\/yoast-seo-wordpress\/ -->\n<title>Dominik Spooren | Assistent &amp; Immobilienspezialist bei Beratungen<\/title>\n<meta name=\"description\" content=\"Dominik Spooren | Assistent und unterst\u00fctzt Martin Kramer als Immobilienspezialist bei Beratungen und Besichtigungen.\" \/>\n<meta name=\"robots\" content=\"index, follow, max-snippet:-1, max-image-preview:large, max-video-preview:-1\" \/>\n<link rel=\"canonical\" href=\"https:\/\/immobilien-einkommen.de\/en\/dominik-spooren\/\" \/>\n<meta property=\"og:locale\" content=\"en_US\" \/>\n<meta property=\"og:type\" content=\"article\" \/>\n<meta property=\"og:title\" content=\"Dominik Spooren | Assistent &amp; Immobilienspezialist bei Beratungen\" \/>\n<meta property=\"og:description\" content=\"Dominik Spooren | Assistent und unterst\u00fctzt Martin Kramer als Immobilienspezialist bei Beratungen und Besichtigungen.\" \/>\n<meta property=\"og:url\" content=\"https:\/\/immobilien-einkommen.de\/en\/dominik-spooren\/\" \/>\n<meta property=\"og:site_name\" content=\"Immobilien Einkommen\" \/>\n<meta property=\"article:modified_time\" content=\"2023-09-28T07:10:54+00:00\" \/>\n<meta property=\"og:image\" content=\"https:\/\/immobilien-einkommen.de\/wp-content\/uploads\/2021\/06\/dominik-spooren.image_.png\" \/>\n\t<meta property=\"og:image:width\" content=\"903\" \/>\n\t<meta property=\"og:image:height\" content=\"1280\" \/>\n\t<meta property=\"og:image:type\" content=\"image\/png\" \/>\n<meta name=\"twitter:card\" content=\"summary_large_image\" \/>\n<meta name=\"twitter:label1\" content=\"Est. reading time\" \/>\n\t<meta name=\"twitter:data1\" content=\"1 minute\" \/>\n<script type=\"application\/ld+json\" class=\"yoast-schema-graph\">{\"@context\":\"https:\/\/schema.org\",\"@graph\":[{\"@type\":\"WebPage\",\"@id\":\"https:\/\/immobilien-einkommen.de\/dominik-spooren\",\"url\":\"https:\/\/immobilien-einkommen.de\/dominik-spooren\",\"name\":\"Dominik Spooren | Assistent & Immobilienspezialist bei Beratungen\",\"isPartOf\":{\"@id\":\"https:\/\/immobilien-einkommen.de\/#website\"},\"primaryImageOfPage\":{\"@id\":\"https:\/\/immobilien-einkommen.de\/dominik-spooren#primaryimage\"},\"image\":{\"@id\":\"https:\/\/immobilien-einkommen.de\/dominik-spooren#primaryimage\"},\"thumbnailUrl\":\"https:\/\/immobilien-einkommen.de\/wp-content\/uploads\/2021\/06\/dominik-spooren.image_.png\",\"datePublished\":\"2021-07-02T05:56:26+00:00\",\"dateModified\":\"2023-09-28T07:10:54+00:00\",\"description\":\"Dominik Spooren | Assistent und unterst\u00fctzt Martin Kramer als Immobilienspezialist bei Beratungen und Besichtigungen.\",\"breadcrumb\":{\"@id\":\"https:\/\/immobilien-einkommen.de\/dominik-spooren#breadcrumb\"},\"inLanguage\":\"en-US\",\"potentialAction\":[{\"@type\":\"ReadAction\",\"target\":[\"https:\/\/immobilien-einkommen.de\/dominik-spooren\"]}]},{\"@type\":\"ImageObject\",\"inLanguage\":\"en-US\",\"@id\":\"https:\/\/immobilien-einkommen.de\/dominik-spooren#primaryimage\",\"url\":\"https:\/\/immobilien-einkommen.de\/wp-content\/uploads\/2021\/06\/dominik-spooren.image_.png\",\"contentUrl\":\"https:\/\/immobilien-einkommen.de\/wp-content\/uploads\/2021\/06\/dominik-spooren.image_.png\",\"width\":903,\"height\":1280},{\"@type\":\"BreadcrumbList\",\"@id\":\"https:\/\/immobilien-einkommen.de\/dominik-spooren#breadcrumb\",\"itemListElement\":[{\"@type\":\"ListItem\",\"position\":1,\"name\":\"Startseite\",\"item\":\"https:\/\/immobilien-einkommen.de\/\"},{\"@type\":\"ListItem\",\"position\":2,\"name\":\"Dominik Spooren\"}]},{\"@type\":\"WebSite\",\"@id\":\"https:\/\/immobilien-einkommen.de\/#website\",\"url\":\"https:\/\/immobilien-einkommen.de\/\",\"name\":\"Immobilien Einkommen\",\"description\":\"\",\"publisher\":{\"@id\":\"https:\/\/immobilien-einkommen.de\/#\/schema\/person\/d56a4fdec187ddb642d134edb3f6d320\"},\"potentialAction\":[{\"@type\":\"SearchAction\",\"target\":{\"@type\":\"EntryPoint\",\"urlTemplate\":\"https:\/\/immobilien-einkommen.de\/?s={search_term_string}\"},\"query-input\":{\"@type\":\"PropertyValueSpecification\",\"valueRequired\":true,\"valueName\":\"search_term_string\"}}],\"inLanguage\":\"en-US\"},{\"@type\":[\"Person\",\"Organization\"],\"@id\":\"https:\/\/immobilien-einkommen.de\/#\/schema\/person\/d56a4fdec187ddb642d134edb3f6d320\",\"name\":\"Martin Kramer\",\"image\":{\"@type\":\"ImageObject\",\"inLanguage\":\"en-US\",\"@id\":\"https:\/\/immobilien-einkommen.de\/#\/schema\/person\/image\/\",\"url\":\"https:\/\/immobilien-einkommen.de\/wp-content\/uploads\/2024\/01\/cropped-cropped-Logo3.png\",\"contentUrl\":\"https:\/\/immobilien-einkommen.de\/wp-content\/uploads\/2024\/01\/cropped-cropped-Logo3.png\",\"width\":531,\"height\":290,\"caption\":\"Martin Kramer\"},\"logo\":{\"@id\":\"https:\/\/immobilien-einkommen.de\/#\/schema\/person\/image\/\"},\"sameAs\":[\"http:\/\/immobilien-einkommen.de\"]}]}<\/script>\n<!-- \/ Yoast SEO plugin. -->","yoast_head_json":{"title":"Dominik Spooren | Assistant &amp; Real Estate Specialist at Consultancies","description":"Dominik Spooren | Assistant and supports Martin Kramer as a real estate specialist during consultations and viewings.","robots":{"index":"index","follow":"follow","max-snippet":"max-snippet:-1","max-image-preview":"max-image-preview:large","max-video-preview":"max-video-preview:-1"},"canonical":"https:\/\/immobilien-einkommen.de\/en\/dominik-spooren\/","og_locale":"en_US","og_type":"article","og_title":"Dominik Spooren | Assistent & Immobilienspezialist bei Beratungen","og_description":"Dominik Spooren | Assistent und unterst\u00fctzt Martin Kramer als Immobilienspezialist bei Beratungen und Besichtigungen.","og_url":"https:\/\/immobilien-einkommen.de\/en\/dominik-spooren\/","og_site_name":"Immobilien Einkommen","article_modified_time":"2023-09-28T07:10:54+00:00","og_image":[{"width":903,"height":1280,"url":"https:\/\/immobilien-einkommen.de\/wp-content\/uploads\/2021\/06\/dominik-spooren.image_.png","type":"image\/png"}],"twitter_card":"summary_large_image","twitter_misc":{"Est. reading time":"1 minute"},"schema":{"@context":"https:\/\/schema.org","@graph":[{"@type":"WebPage","@id":"https:\/\/immobilien-einkommen.de\/dominik-spooren","url":"https:\/\/immobilien-einkommen.de\/dominik-spooren","name":"Dominik Spooren | Assistant &amp; Real Estate Specialist at Consultancies","isPartOf":{"@id":"https:\/\/immobilien-einkommen.de\/#website"},"primaryImageOfPage":{"@id":"https:\/\/immobilien-einkommen.de\/dominik-spooren#primaryimage"},"image":{"@id":"https:\/\/immobilien-einkommen.de\/dominik-spooren#primaryimage"},"thumbnailUrl":"https:\/\/immobilien-einkommen.de\/wp-content\/uploads\/2021\/06\/dominik-spooren.image_.png","datePublished":"2021-07-02T05:56:26+00:00","dateModified":"2023-09-28T07:10:54+00:00","description":"Dominik Spooren | Assistant and supports Martin Kramer as a real estate specialist during consultations and viewings.","breadcrumb":{"@id":"https:\/\/immobilien-einkommen.de\/dominik-spooren#breadcrumb"},"inLanguage":"en-US","potentialAction":[{"@type":"ReadAction","target":["https:\/\/immobilien-einkommen.de\/dominik-spooren"]}]},{"@type":"ImageObject","inLanguage":"en-US","@id":"https:\/\/immobilien-einkommen.de\/dominik-spooren#primaryimage","url":"https:\/\/immobilien-einkommen.de\/wp-content\/uploads\/2021\/06\/dominik-spooren.image_.png","contentUrl":"https:\/\/immobilien-einkommen.de\/wp-content\/uploads\/2021\/06\/dominik-spooren.image_.png","width":903,"height":1280},{"@type":"BreadcrumbList","@id":"https:\/\/immobilien-einkommen.de\/dominik-spooren#breadcrumb","itemListElement":[{"@type":"ListItem","position":1,"name":"Startseite","item":"https:\/\/immobilien-einkommen.de\/"},{"@type":"ListItem","position":2,"name":"Dominik Spooren"}]},{"@type":"WebSite","@id":"https:\/\/immobilien-einkommen.de\/#website","url":"https:\/\/immobilien-einkommen.de\/","name":"Real estate income","description":"","publisher":{"@id":"https:\/\/immobilien-einkommen.de\/#\/schema\/person\/d56a4fdec187ddb642d134edb3f6d320"},"potentialAction":[{"@type":"SearchAction","target":{"@type":"EntryPoint","urlTemplate":"https:\/\/immobilien-einkommen.de\/?s={search_term_string}"},"query-input":{"@type":"PropertyValueSpecification","valueRequired":true,"valueName":"search_term_string"}}],"inLanguage":"en-US"},{"@type":["Person","Organization"],"@id":"https:\/\/immobilien-einkommen.de\/#\/schema\/person\/d56a4fdec187ddb642d134edb3f6d320","name":"Martin Kramer","image":{"@type":"ImageObject","inLanguage":"en-US","@id":"https:\/\/immobilien-einkommen.de\/#\/schema\/person\/image\/","url":"https:\/\/immobilien-einkommen.de\/wp-content\/uploads\/2024\/01\/cropped-cropped-Logo3.png","contentUrl":"https:\/\/immobilien-einkommen.de\/wp-content\/uploads\/2024\/01\/cropped-cropped-Logo3.png","width":531,"height":290,"caption":"Martin Kramer"},"logo":{"@id":"https:\/\/immobilien-einkommen.de\/#\/schema\/person\/image\/"},"sameAs":["http:\/\/immobilien-einkommen.de"]}]}},"_links":{"self":[{"href":"https:\/\/immobilien-einkommen.de\/en\/wp-json\/wp\/v2\/pages\/711","targetHints":{"allow":["GET"]}}],"collection":[{"href":"https:\/\/immobilien-einkommen.de\/en\/wp-json\/wp\/v2\/pages"}],"about":[{"href":"https:\/\/immobilien-einkommen.de\/en\/wp-json\/wp\/v2\/types\/page"}],"author":[{"embeddable":true,"href":"https:\/\/immobilien-einkommen.de\/en\/wp-json\/wp\/v2\/users\/2"}],"replies":[{"embeddable":true,"href":"https:\/\/immobilien-einkommen.de\/en\/wp-json\/wp\/v2\/comments?post=711"}],"version-history":[{"count":59,"href":"https:\/\/immobilien-einkommen.de\/en\/wp-json\/wp\/v2\/pages\/711\/revisions"}],"predecessor-version":[{"id":10845,"href":"https:\/\/immobilien-einkommen.de\/en\/wp-json\/wp\/v2\/pages\/711\/revisions\/10845"}],"wp:featuredmedia":[{"embeddable":true,"href":"https:\/\/immobilien-einkommen.de\/en\/wp-json\/wp\/v2\/media\/499"}],"wp:attachment":[{"href":"https:\/\/immobilien-einkommen.de\/en\/wp-json\/wp\/v2\/media?parent=711"}],"curies":[{"name":"wp","href":"https:\/\/api.w.org\/{rel}","templated":true}]}}