{"id":706,"date":"2021-07-02T07:55:23","date_gmt":"2021-07-02T05:55:23","guid":{"rendered":"http:\/\/immobilien-einkommen.de\/?page_id=706"},"modified":"2023-02-09T10:12:00","modified_gmt":"2023-02-09T08:12:00","slug":"larissa-kuehl","status":"publish","type":"page","link":"https:\/\/immobilien-einkommen.de\/en\/larissa-kuehl","title":{"rendered":"Larissa K\u00fchl"},"content":{"rendered":"<div data-elementor-type=\"wp-page\" data-elementor-id=\"706\" class=\"elementor elementor-706\">\n\t\t\t\t\t\t<section class=\"elementor-section elementor-top-section elementor-element elementor-element-27d890e7 elementor-section-content-middle elementor-section-stretched elementor-section-boxed elementor-section-height-default elementor-section-height-default\" data-id=\"27d890e7\" data-element_type=\"section\" data-e-type=\"section\" data-settings=\"{&quot;stretch_section&quot;:&quot;section-stretched&quot;,&quot;background_background&quot;:&quot;classic&quot;}\">\n\t\t\t\t\t\t<div class=\"elementor-container elementor-column-gap-no\">\n\t\t\t\t\t<div class=\"elementor-column elementor-col-50 elementor-top-column elementor-element elementor-element-ad7716d\" data-id=\"ad7716d\" data-element_type=\"column\" data-e-type=\"column\">\n\t\t\t<div class=\"elementor-widget-wrap elementor-element-populated\">\n\t\t\t\t\t\t<div class=\"elementor-element elementor-element-7cca79a3 elementor-widget elementor-widget-image\" data-id=\"7cca79a3\" data-element_type=\"widget\" data-e-type=\"widget\" data-widget_type=\"image.default\">\n\t\t\t\t<div class=\"elementor-widget-container\">\n\t\t\t\t\t\t\t\t\t\t\t\t\t\t\t<img fetchpriority=\"high\" decoding=\"async\" width=\"1766\" height=\"2560\" src=\"https:\/\/immobilien-einkommen.de\/wp-content\/uploads\/2021\/10\/Passport2021-scaled.jpeg\" class=\"attachment-full size-full wp-image-4523\" alt=\"\" srcset=\"https:\/\/immobilien-einkommen.de\/wp-content\/uploads\/2021\/10\/Passport2021-scaled.jpeg 1766w, https:\/\/immobilien-einkommen.de\/wp-content\/uploads\/2021\/10\/Passport2021-scaled-800x1160.jpeg 800w, https:\/\/immobilien-einkommen.de\/wp-content\/uploads\/2021\/10\/Passport2021-207x300.jpeg 207w, https:\/\/immobilien-einkommen.de\/wp-content\/uploads\/2021\/10\/Passport2021-707x1024.jpeg 707w, https:\/\/immobilien-einkommen.de\/wp-content\/uploads\/2021\/10\/Passport2021-768x1113.jpeg 768w, https:\/\/immobilien-einkommen.de\/wp-content\/uploads\/2021\/10\/Passport2021-1060x1536.jpeg 1060w, https:\/\/immobilien-einkommen.de\/wp-content\/uploads\/2021\/10\/Passport2021-1413x2048.jpeg 1413w, https:\/\/immobilien-einkommen.de\/wp-content\/uploads\/2021\/10\/Passport2021-34x50.jpeg 34w, https:\/\/immobilien-einkommen.de\/wp-content\/uploads\/2021\/10\/Passport2021-650x942.jpeg 650w, https:\/\/immobilien-einkommen.de\/wp-content\/uploads\/2021\/10\/Passport2021-1000x1449.jpeg 1000w, https:\/\/immobilien-einkommen.de\/wp-content\/uploads\/2021\/10\/Passport2021-50x72.jpeg 50w\" sizes=\"(max-width: 1766px) 100vw, 1766px\" \/>\t\t\t\t\t\t\t\t\t\t\t\t\t\t\t<\/div>\n\t\t\t\t<\/div>\n\t\t\t\t\t<\/div>\n\t\t<\/div>\n\t\t\t\t<div class=\"elementor-column elementor-col-50 elementor-top-column elementor-element elementor-element-70ecc784\" data-id=\"70ecc784\" data-element_type=\"column\" data-e-type=\"column\">\n\t\t\t<div class=\"elementor-widget-wrap elementor-element-populated\">\n\t\t\t\t\t\t<div class=\"elementor-element elementor-element-12c65bb2 elementor-view-default elementor-widget elementor-widget-icon\" data-id=\"12c65bb2\" data-element_type=\"widget\" data-e-type=\"widget\" data-widget_type=\"icon.default\">\n\t\t\t\t<div class=\"elementor-widget-container\">\n\t\t\t\t\t\t\t<div class=\"elementor-icon-wrapper\">\n\t\t\t<div class=\"elementor-icon\">\n\t\t\t\t\t\t\t<i class=\"fa fa-quote-left\" aria-hidden=\"true\"><\/i>\n\t\t\t\t\t\t<\/div>\n\t\t<\/div>\n\t\t\t\t\t\t<\/div>\n\t\t\t\t<\/div>\n\t\t\t\t<div class=\"elementor-element elementor-element-3a5da76c elementor-widget elementor-widget-text-editor\" data-id=\"3a5da76c\" data-element_type=\"widget\" data-e-type=\"widget\" data-widget_type=\"text-editor.default\">\n\t\t\t\t<div class=\"elementor-widget-container\">\n\t\t\t\t\t\t\t\t\t<p>Larissa has been watching Martin's back for more than 10 years. She takes care of the coordination of the client seminars, the mailing of documents, the evaluation on the qualified preferred list, customer inquiries, administration, conducts notary appointments, settles documentation and billing issues and much more. Larissa manages the entire back office in a highly competent manner, is incredibly reliable and extremely likeable.<\/p>\t\t\t\t\t\t\t\t<\/div>\n\t\t\t\t<\/div>\n\t\t\t\t<div class=\"elementor-element elementor-element-253290b elementor-widget elementor-widget-heading\" data-id=\"253290b\" data-element_type=\"widget\" data-e-type=\"widget\" data-widget_type=\"heading.default\">\n\t\t\t\t<div class=\"elementor-widget-container\">\n\t\t\t\t\t<h2 class=\"elementor-heading-title elementor-size-default\">Larissa K\u00fchl<\/h2>\t\t\t\t<\/div>\n\t\t\t\t<\/div>\n\t\t\t\t<div class=\"elementor-element elementor-element-55251bd2 elementor-widget elementor-widget-heading\" data-id=\"55251bd2\" data-element_type=\"widget\" data-e-type=\"widget\" data-widget_type=\"heading.default\">\n\t\t\t\t<div class=\"elementor-widget-container\">\n\t\t\t\t\t<h2 class=\"elementor-heading-title elementor-size-default\">Assistant<\/h2>\t\t\t\t<\/div>\n\t\t\t\t<\/div>\n\t\t\t\t<div class=\"elementor-element elementor-element-b146fa2 elementor-widget elementor-widget-text-editor\" data-id=\"b146fa2\" data-element_type=\"widget\" data-e-type=\"widget\" data-widget_type=\"text-editor.default\">\n\t\t\t\t<div class=\"elementor-widget-container\">\n\t\t\t\t\t\t\t\t\t<p>Office:<br \/><a href=\"tel:+492026985045\">0202 \u2013 69 85 045<\/a><\/p><p>Email:<br \/><a href=\"mailto:larissa.kuehl@swisslife-select.de\">larissa.kuehl@swisslife-select.de<\/a><\/p><p>Address:<br><a href=\"http:\/\/maps.google.com\/maps?q=50670 K\u00f6ln,Im Mediapark 8\">In the Mediapark 8<\/a><br><a href=\"http:\/\/maps.google.com\/maps?q=50670 K\u00f6ln, Im Mediapark 8\">50670 Cologne<\/a><\/p>\nPostal address:<br>\nLarissa K\u00fchl, Mozartstr. 28, 42115 Wuppertal, Germany\t\t\t\t\t\t\t\t<\/div>\n\t\t\t\t<\/div>\n\t\t\t\t<div class=\"elementor-element elementor-element-448e272 elementor-button-success elementor-align-justify elementor-widget elementor-widget-button\" data-id=\"448e272\" data-element_type=\"widget\" data-e-type=\"widget\" data-widget_type=\"button.default\">\n\t\t\t\t<div class=\"elementor-widget-container\">\n\t\t\t\t\t\t\t\t\t<div class=\"elementor-button-wrapper\">\n\t\t\t\t\t<a class=\"elementor-button elementor-button-link elementor-size-sm\" href=\"\/en\/team\/\">\n\t\t\t\t\t\t<span class=\"elementor-button-content-wrapper\">\n\t\t\t\t\t\t\t\t\t<span class=\"elementor-button-text\">Team overview<\/span>\n\t\t\t\t\t<\/span>\n\t\t\t\t\t<\/a>\n\t\t\t\t<\/div>\n\t\t\t\t\t\t\t\t<\/div>\n\t\t\t\t<\/div>\n\t\t\t\t\t<\/div>\n\t\t<\/div>\n\t\t\t\t\t<\/div>\n\t\t<\/section>\n\t\t\t\t<\/div>","protected":false},"excerpt":{"rendered":"<p>Larissa h\u00e4lt Martin seit mehr als 10 Jahren den R\u00fccken frei. Sie k\u00fcmmert sich um die Koordination der Mandantenseminare, den Unterlagenversand, Einwertungen auf der qualifizierten Vorzugsliste, Kundenanfragen, Verwaltung, f\u00fchrt Notartermine [&hellip;]<\/p>\n","protected":false},"author":2,"featured_media":4962,"parent":0,"menu_order":0,"comment_status":"closed","ping_status":"closed","template":"elementor_header_footer","meta":{"footnotes":""},"class_list":["post-706","page","type-page","status-publish","has-post-thumbnail","hentry","wpbf-post"],"yoast_head":"<!-- This site is optimized with the Yoast SEO plugin v27.1.1 - https:\/\/yoast.com\/product\/yoast-seo-wordpress\/ -->\n<title>Larissa K\u00fchl | Assistentin f\u00fchrt Notartermine durch &amp; Finanzierungen<\/title>\n<meta name=\"description\" content=\"Larissa K\u00fchl | Assistentin f\u00fchrt Notartermine durch &amp; Finanzierungen | Dazu leitet Sie hochkompetent das gesamte Backoffice.\" \/>\n<meta name=\"robots\" content=\"index, follow, max-snippet:-1, max-image-preview:large, max-video-preview:-1\" \/>\n<link rel=\"canonical\" href=\"https:\/\/immobilien-einkommen.de\/en\/larissa-kuehl\/\" \/>\n<meta property=\"og:locale\" content=\"en_US\" \/>\n<meta property=\"og:type\" content=\"article\" \/>\n<meta property=\"og:title\" content=\"Larissa K\u00fchl | Assistentin f\u00fchrt Notartermine durch &amp; Finanzierungen\" \/>\n<meta property=\"og:description\" content=\"Larissa K\u00fchl | Assistentin f\u00fchrt Notartermine durch &amp; Finanzierungen | Dazu leitet Sie hochkompetent das gesamte Backoffice.\" \/>\n<meta property=\"og:url\" content=\"https:\/\/immobilien-einkommen.de\/en\/larissa-kuehl\/\" \/>\n<meta property=\"og:site_name\" content=\"Immobilien Einkommen\" \/>\n<meta property=\"article:modified_time\" content=\"2023-02-09T08:12:00+00:00\" \/>\n<meta property=\"og:image\" content=\"https:\/\/immobilien-einkommen.de\/wp-content\/uploads\/2021\/11\/Larissa-Kuehl.png\" \/>\n\t<meta property=\"og:image:width\" content=\"400\" \/>\n\t<meta property=\"og:image:height\" content=\"400\" \/>\n\t<meta property=\"og:image:type\" content=\"image\/png\" \/>\n<meta name=\"twitter:card\" content=\"summary_large_image\" \/>\n<meta name=\"twitter:label1\" content=\"Est. reading time\" \/>\n\t<meta name=\"twitter:data1\" content=\"1 minute\" \/>\n<script type=\"application\/ld+json\" class=\"yoast-schema-graph\">{\"@context\":\"https:\/\/schema.org\",\"@graph\":[{\"@type\":\"WebPage\",\"@id\":\"https:\/\/immobilien-einkommen.de\/larissa-kuehl\",\"url\":\"https:\/\/immobilien-einkommen.de\/larissa-kuehl\",\"name\":\"Larissa K\u00fchl | Assistentin f\u00fchrt Notartermine durch & Finanzierungen\",\"isPartOf\":{\"@id\":\"https:\/\/immobilien-einkommen.de\/#website\"},\"primaryImageOfPage\":{\"@id\":\"https:\/\/immobilien-einkommen.de\/larissa-kuehl#primaryimage\"},\"image\":{\"@id\":\"https:\/\/immobilien-einkommen.de\/larissa-kuehl#primaryimage\"},\"thumbnailUrl\":\"https:\/\/immobilien-einkommen.de\/wp-content\/uploads\/2021\/11\/Larissa-Kuehl.png\",\"datePublished\":\"2021-07-02T05:55:23+00:00\",\"dateModified\":\"2023-02-09T08:12:00+00:00\",\"description\":\"Larissa K\u00fchl | Assistentin f\u00fchrt Notartermine durch & Finanzierungen | Dazu leitet Sie hochkompetent das gesamte Backoffice.\",\"breadcrumb\":{\"@id\":\"https:\/\/immobilien-einkommen.de\/larissa-kuehl#breadcrumb\"},\"inLanguage\":\"en-US\",\"potentialAction\":[{\"@type\":\"ReadAction\",\"target\":[\"https:\/\/immobilien-einkommen.de\/larissa-kuehl\"]}]},{\"@type\":\"ImageObject\",\"inLanguage\":\"en-US\",\"@id\":\"https:\/\/immobilien-einkommen.de\/larissa-kuehl#primaryimage\",\"url\":\"https:\/\/immobilien-einkommen.de\/wp-content\/uploads\/2021\/11\/Larissa-Kuehl.png\",\"contentUrl\":\"https:\/\/immobilien-einkommen.de\/wp-content\/uploads\/2021\/11\/Larissa-Kuehl.png\",\"width\":400,\"height\":400},{\"@type\":\"BreadcrumbList\",\"@id\":\"https:\/\/immobilien-einkommen.de\/larissa-kuehl#breadcrumb\",\"itemListElement\":[{\"@type\":\"ListItem\",\"position\":1,\"name\":\"Startseite\",\"item\":\"https:\/\/immobilien-einkommen.de\/\"},{\"@type\":\"ListItem\",\"position\":2,\"name\":\"Larissa K\u00fchl\"}]},{\"@type\":\"WebSite\",\"@id\":\"https:\/\/immobilien-einkommen.de\/#website\",\"url\":\"https:\/\/immobilien-einkommen.de\/\",\"name\":\"Immobilien Einkommen\",\"description\":\"\",\"publisher\":{\"@id\":\"https:\/\/immobilien-einkommen.de\/#\/schema\/person\/d56a4fdec187ddb642d134edb3f6d320\"},\"potentialAction\":[{\"@type\":\"SearchAction\",\"target\":{\"@type\":\"EntryPoint\",\"urlTemplate\":\"https:\/\/immobilien-einkommen.de\/?s={search_term_string}\"},\"query-input\":{\"@type\":\"PropertyValueSpecification\",\"valueRequired\":true,\"valueName\":\"search_term_string\"}}],\"inLanguage\":\"en-US\"},{\"@type\":[\"Person\",\"Organization\"],\"@id\":\"https:\/\/immobilien-einkommen.de\/#\/schema\/person\/d56a4fdec187ddb642d134edb3f6d320\",\"name\":\"Martin Kramer\",\"image\":{\"@type\":\"ImageObject\",\"inLanguage\":\"en-US\",\"@id\":\"https:\/\/immobilien-einkommen.de\/#\/schema\/person\/image\/\",\"url\":\"https:\/\/immobilien-einkommen.de\/wp-content\/uploads\/2024\/01\/cropped-cropped-Logo3.png\",\"contentUrl\":\"https:\/\/immobilien-einkommen.de\/wp-content\/uploads\/2024\/01\/cropped-cropped-Logo3.png\",\"width\":531,\"height\":290,\"caption\":\"Martin Kramer\"},\"logo\":{\"@id\":\"https:\/\/immobilien-einkommen.de\/#\/schema\/person\/image\/\"},\"sameAs\":[\"http:\/\/immobilien-einkommen.de\"]}]}<\/script>\n<!-- \/ Yoast SEO plugin. -->","yoast_head_json":{"title":"Larissa K\u00fchl | Assistant conducts notary appointments &amp; financings","description":"Larissa K\u00fchl | Assistant conducts notary appointments &amp; financing | In addition, she manages the entire back office in a highly competent manner.","robots":{"index":"index","follow":"follow","max-snippet":"max-snippet:-1","max-image-preview":"max-image-preview:large","max-video-preview":"max-video-preview:-1"},"canonical":"https:\/\/immobilien-einkommen.de\/en\/larissa-kuehl\/","og_locale":"en_US","og_type":"article","og_title":"Larissa K\u00fchl | Assistentin f\u00fchrt Notartermine durch & Finanzierungen","og_description":"Larissa K\u00fchl | Assistentin f\u00fchrt Notartermine durch & Finanzierungen | Dazu leitet Sie hochkompetent das gesamte Backoffice.","og_url":"https:\/\/immobilien-einkommen.de\/en\/larissa-kuehl\/","og_site_name":"Immobilien Einkommen","article_modified_time":"2023-02-09T08:12:00+00:00","og_image":[{"width":400,"height":400,"url":"https:\/\/immobilien-einkommen.de\/wp-content\/uploads\/2021\/11\/Larissa-Kuehl.png","type":"image\/png"}],"twitter_card":"summary_large_image","twitter_misc":{"Est. reading time":"1 minute"},"schema":{"@context":"https:\/\/schema.org","@graph":[{"@type":"WebPage","@id":"https:\/\/immobilien-einkommen.de\/larissa-kuehl","url":"https:\/\/immobilien-einkommen.de\/larissa-kuehl","name":"Larissa K\u00fchl | Assistant conducts notary appointments &amp; financings","isPartOf":{"@id":"https:\/\/immobilien-einkommen.de\/#website"},"primaryImageOfPage":{"@id":"https:\/\/immobilien-einkommen.de\/larissa-kuehl#primaryimage"},"image":{"@id":"https:\/\/immobilien-einkommen.de\/larissa-kuehl#primaryimage"},"thumbnailUrl":"https:\/\/immobilien-einkommen.de\/wp-content\/uploads\/2021\/11\/Larissa-Kuehl.png","datePublished":"2021-07-02T05:55:23+00:00","dateModified":"2023-02-09T08:12:00+00:00","description":"Larissa K\u00fchl | Assistant conducts notary appointments &amp; financing | In addition, she manages the entire back office in a highly competent manner.","breadcrumb":{"@id":"https:\/\/immobilien-einkommen.de\/larissa-kuehl#breadcrumb"},"inLanguage":"en-US","potentialAction":[{"@type":"ReadAction","target":["https:\/\/immobilien-einkommen.de\/larissa-kuehl"]}]},{"@type":"ImageObject","inLanguage":"en-US","@id":"https:\/\/immobilien-einkommen.de\/larissa-kuehl#primaryimage","url":"https:\/\/immobilien-einkommen.de\/wp-content\/uploads\/2021\/11\/Larissa-Kuehl.png","contentUrl":"https:\/\/immobilien-einkommen.de\/wp-content\/uploads\/2021\/11\/Larissa-Kuehl.png","width":400,"height":400},{"@type":"BreadcrumbList","@id":"https:\/\/immobilien-einkommen.de\/larissa-kuehl#breadcrumb","itemListElement":[{"@type":"ListItem","position":1,"name":"Startseite","item":"https:\/\/immobilien-einkommen.de\/"},{"@type":"ListItem","position":2,"name":"Larissa K\u00fchl"}]},{"@type":"WebSite","@id":"https:\/\/immobilien-einkommen.de\/#website","url":"https:\/\/immobilien-einkommen.de\/","name":"Real estate income","description":"","publisher":{"@id":"https:\/\/immobilien-einkommen.de\/#\/schema\/person\/d56a4fdec187ddb642d134edb3f6d320"},"potentialAction":[{"@type":"SearchAction","target":{"@type":"EntryPoint","urlTemplate":"https:\/\/immobilien-einkommen.de\/?s={search_term_string}"},"query-input":{"@type":"PropertyValueSpecification","valueRequired":true,"valueName":"search_term_string"}}],"inLanguage":"en-US"},{"@type":["Person","Organization"],"@id":"https:\/\/immobilien-einkommen.de\/#\/schema\/person\/d56a4fdec187ddb642d134edb3f6d320","name":"Martin Kramer","image":{"@type":"ImageObject","inLanguage":"en-US","@id":"https:\/\/immobilien-einkommen.de\/#\/schema\/person\/image\/","url":"https:\/\/immobilien-einkommen.de\/wp-content\/uploads\/2024\/01\/cropped-cropped-Logo3.png","contentUrl":"https:\/\/immobilien-einkommen.de\/wp-content\/uploads\/2024\/01\/cropped-cropped-Logo3.png","width":531,"height":290,"caption":"Martin Kramer"},"logo":{"@id":"https:\/\/immobilien-einkommen.de\/#\/schema\/person\/image\/"},"sameAs":["http:\/\/immobilien-einkommen.de"]}]}},"_links":{"self":[{"href":"https:\/\/immobilien-einkommen.de\/en\/wp-json\/wp\/v2\/pages\/706","targetHints":{"allow":["GET"]}}],"collection":[{"href":"https:\/\/immobilien-einkommen.de\/en\/wp-json\/wp\/v2\/pages"}],"about":[{"href":"https:\/\/immobilien-einkommen.de\/en\/wp-json\/wp\/v2\/types\/page"}],"author":[{"embeddable":true,"href":"https:\/\/immobilien-einkommen.de\/en\/wp-json\/wp\/v2\/users\/2"}],"replies":[{"embeddable":true,"href":"https:\/\/immobilien-einkommen.de\/en\/wp-json\/wp\/v2\/comments?post=706"}],"version-history":[{"count":54,"href":"https:\/\/immobilien-einkommen.de\/en\/wp-json\/wp\/v2\/pages\/706\/revisions"}],"predecessor-version":[{"id":8341,"href":"https:\/\/immobilien-einkommen.de\/en\/wp-json\/wp\/v2\/pages\/706\/revisions\/8341"}],"wp:featuredmedia":[{"embeddable":true,"href":"https:\/\/immobilien-einkommen.de\/en\/wp-json\/wp\/v2\/media\/4962"}],"wp:attachment":[{"href":"https:\/\/immobilien-einkommen.de\/en\/wp-json\/wp\/v2\/media?parent=706"}],"curies":[{"name":"wp","href":"https:\/\/api.w.org\/{rel}","templated":true}]}}