{"id":6554,"date":"2022-11-07T22:00:04","date_gmt":"2022-11-07T20:00:04","guid":{"rendered":"https:\/\/immobilien-einkommen.de\/?page_id=6554"},"modified":"2024-04-16T08:37:42","modified_gmt":"2024-04-16T06:37:42","slug":"fuehrungskraefte","status":"publish","type":"page","link":"https:\/\/immobilien-einkommen.de\/en\/fuehrungskraefte","title":{"rendered":"Executives"},"content":{"rendered":"<div data-elementor-type=\"wp-page\" data-elementor-id=\"6554\" class=\"elementor elementor-6554\">\n\t\t\t\t\t\t<section class=\"elementor-section elementor-top-section elementor-element elementor-element-4bf1a2f0 elementor-section-content-middle elementor-reverse-mobile elementor-section-stretched elementor-section-boxed elementor-section-height-default elementor-section-height-default\" data-id=\"4bf1a2f0\" data-element_type=\"section\" data-e-type=\"section\" data-settings=\"{&quot;stretch_section&quot;:&quot;section-stretched&quot;,&quot;background_background&quot;:&quot;classic&quot;}\">\n\t\t\t\t\t\t<div class=\"elementor-container elementor-column-gap-no\">\n\t\t\t\t\t<div class=\"elementor-column elementor-col-100 elementor-top-column elementor-element elementor-element-33077d05\" data-id=\"33077d05\" data-element_type=\"column\" data-e-type=\"column\">\n\t\t\t<div class=\"elementor-widget-wrap elementor-element-populated\">\n\t\t\t\t\t\t<section class=\"elementor-section elementor-inner-section elementor-element elementor-element-5fccff3a elementor-section-boxed elementor-section-height-default elementor-section-height-default\" data-id=\"5fccff3a\" data-element_type=\"section\" data-e-type=\"section\">\n\t\t\t\t\t\t<div class=\"elementor-container elementor-column-gap-default\">\n\t\t\t\t\t<div class=\"elementor-column elementor-col-50 elementor-inner-column elementor-element elementor-element-161f6238\" data-id=\"161f6238\" data-element_type=\"column\" data-e-type=\"column\" data-settings=\"{&quot;background_background&quot;:&quot;classic&quot;}\">\n\t\t\t<div class=\"elementor-widget-wrap elementor-element-populated\">\n\t\t\t\t\t\t<div class=\"elementor-element elementor-element-4ba9b4e6 elementor-widget elementor-widget-heading\" data-id=\"4ba9b4e6\" data-element_type=\"widget\" data-e-type=\"widget\" data-widget_type=\"heading.default\">\n\t\t\t\t<div class=\"elementor-widget-container\">\n\t\t\t\t\t<h2 class=\"elementor-heading-title elementor-size-default\">Our added value for office managers, executives and financial advisors<\/h2>\t\t\t\t<\/div>\n\t\t\t\t<\/div>\n\t\t\t\t\t<\/div>\n\t\t<\/div>\n\t\t\t\t<div class=\"elementor-column elementor-col-50 elementor-inner-column elementor-element elementor-element-104570fc elementor-hidden-mobile\" data-id=\"104570fc\" data-element_type=\"column\" data-e-type=\"column\" data-settings=\"{&quot;background_background&quot;:&quot;classic&quot;}\">\n\t\t\t<div class=\"elementor-widget-wrap elementor-element-populated\">\n\t\t\t\t\t\t\t<\/div>\n\t\t<\/div>\n\t\t\t\t\t<\/div>\n\t\t<\/section>\n\t\t\t\t\t<\/div>\n\t\t<\/div>\n\t\t\t\t\t<\/div>\n\t\t<\/section>\n\t\t\t\t<section class=\"elementor-section elementor-top-section elementor-element elementor-element-b394222 elementor-section-boxed elementor-section-height-default elementor-section-height-default\" data-id=\"b394222\" data-element_type=\"section\" data-e-type=\"section\" data-settings=\"{&quot;background_background&quot;:&quot;classic&quot;}\">\n\t\t\t\t\t\t<div class=\"elementor-container elementor-column-gap-default\">\n\t\t\t\t\t<div class=\"elementor-column elementor-col-100 elementor-top-column elementor-element elementor-element-1cb6acf\" data-id=\"1cb6acf\" data-element_type=\"column\" data-e-type=\"column\">\n\t\t\t<div class=\"elementor-widget-wrap elementor-element-populated\">\n\t\t\t\t\t\t<div class=\"elementor-element elementor-element-50089d2e elementor-widget elementor-widget-heading\" data-id=\"50089d2e\" data-element_type=\"widget\" data-e-type=\"widget\" data-widget_type=\"heading.default\">\n\t\t\t\t<div class=\"elementor-widget-container\">\n\t\t\t\t\t<h2 class=\"elementor-heading-title elementor-size-default\">We build the bridge between classic sales and real estate specialist<\/h2>\t\t\t\t<\/div>\n\t\t\t\t<\/div>\n\t\t\t\t<div class=\"elementor-element elementor-element-16e3ad9 elementor-widget elementor-widget-video\" data-id=\"16e3ad9\" data-element_type=\"widget\" data-e-type=\"widget\" data-settings=\"{&quot;video_type&quot;:&quot;vimeo&quot;,&quot;show_image_overlay&quot;:&quot;yes&quot;,&quot;image_overlay&quot;:{&quot;url&quot;:&quot;https:\\\/\\\/immobilien-einkommen.de\\\/wp-content\\\/uploads\\\/2022\\\/11\\\/Mehrwert-Bueroleiter-Fuehrungskraft-Swisslife.png&quot;,&quot;id&quot;:6559,&quot;size&quot;:&quot;&quot;,&quot;alt&quot;:&quot;&quot;,&quot;source&quot;:&quot;library&quot;}}\" data-widget_type=\"video.default\">\n\t\t\t\t<div class=\"elementor-widget-container\">\n\t\t\t\t\t\t\t<div class=\"elementor-wrapper elementor-open-inline\">\n\t\t\t<iframe class=\"elementor-video-iframe\" allowfullscreen allow=\"clipboard-write\" title=\"vimeo Video Player\" src=\"https:\/\/player.vimeo.com\/video\/760963211?color&amp;autopause=0&amp;loop=0&amp;muted=0&amp;title=1&amp;portrait=1&amp;byline=1&amp;h=e53c6d5151#t=\" data-no-translation-title=\"\"><\/iframe>\t\t\t\t<div class=\"elementor-custom-embed-image-overlay\" style=\"background-image: url(https:\/\/immobilien-einkommen.de\/wp-content\/uploads\/2022\/11\/Mehrwert-Bueroleiter-Fuehrungskraft-Swisslife.png);\">\n\t\t\t\t\t\t\t\t\t\t\t\t\t\t\t\t<div class=\"elementor-custom-embed-play\" role=\"button\" aria-label=\"Video abspielen\" tabindex=\"0\" data-no-translation-aria-label=\"\">\n\t\t\t\t\t\t\t<i aria-hidden=\"true\" class=\"eicon-play\"><\/i>\t\t\t\t\t\t<\/div>\n\t\t\t\t\t\t\t\t\t<\/div>\n\t\t\t\t\t<\/div>\n\t\t\t\t\t\t<\/div>\n\t\t\t\t<\/div>\n\t\t\t\t<div class=\"elementor-element elementor-element-3a1783d elementor-widget elementor-widget-spacer\" data-id=\"3a1783d\" data-element_type=\"widget\" data-e-type=\"widget\" data-widget_type=\"spacer.default\">\n\t\t\t\t<div class=\"elementor-widget-container\">\n\t\t\t\t\t\t\t<div class=\"elementor-spacer\">\n\t\t\t<div class=\"elementor-spacer-inner\"><\/div>\n\t\t<\/div>\n\t\t\t\t\t\t<\/div>\n\t\t\t\t<\/div>\n\t\t\t\t\t<\/div>\n\t\t<\/div>\n\t\t\t\t\t<\/div>\n\t\t<\/section>\n\t\t\t\t<\/div>","protected":false},"excerpt":{"rendered":"<p>Our added value for office managers, executives and financial advisors We bridge the gap between classic sales and real estate specialists<\/p>","protected":false},"author":2,"featured_media":6559,"parent":0,"menu_order":0,"comment_status":"closed","ping_status":"closed","template":"","meta":{"footnotes":""},"class_list":["post-6554","page","type-page","status-publish","has-post-thumbnail","hentry","wpbf-post"],"yoast_head":"<!-- This site is optimized with the Yoast SEO plugin v27.1.1 - https:\/\/yoast.com\/product\/yoast-seo-wordpress\/ -->\n<title>Mehrwert f\u00fcr B\u00fcroleitern, F\u00fchrungskr\u00e4ften und FinanzberaterInnen<\/title>\n<meta name=\"description\" content=\"Unser Mehrwert f\u00fcr B\u00fcroleitern, F\u00fchrungskr\u00e4ften und FinanzberaterInnen \u2b50 Immobilien Verkauf \u2b50 Passiv Gehalt \u2b50 Wertanlagen \u2b50 Steigerungen \u2b50\" \/>\n<meta name=\"robots\" content=\"index, follow, max-snippet:-1, max-image-preview:large, max-video-preview:-1\" \/>\n<link rel=\"canonical\" href=\"https:\/\/immobilien-einkommen.de\/en\/fuehrungskraefte\/\" \/>\n<meta property=\"og:locale\" content=\"en_US\" \/>\n<meta property=\"og:type\" content=\"article\" \/>\n<meta property=\"og:title\" content=\"Mehrwert f\u00fcr B\u00fcroleitern, F\u00fchrungskr\u00e4ften und FinanzberaterInnen\" \/>\n<meta property=\"og:description\" content=\"Unser Mehrwert f\u00fcr B\u00fcroleitern, F\u00fchrungskr\u00e4ften und FinanzberaterInnen \u2b50 Immobilien Verkauf \u2b50 Passiv Gehalt \u2b50 Wertanlagen \u2b50 Steigerungen \u2b50\" \/>\n<meta property=\"og:url\" content=\"https:\/\/immobilien-einkommen.de\/en\/fuehrungskraefte\/\" \/>\n<meta property=\"og:site_name\" content=\"Immobilien Einkommen\" \/>\n<meta property=\"article:modified_time\" content=\"2024-04-16T06:37:42+00:00\" \/>\n<meta property=\"og:image\" content=\"https:\/\/immobilien-einkommen.de\/wp-content\/uploads\/2022\/11\/Mehrwert-Bueroleiter-Fuehrungskraft-Swisslife-1024x534.png\" \/>\n\t<meta property=\"og:image:width\" content=\"1024\" \/>\n\t<meta property=\"og:image:height\" content=\"534\" \/>\n\t<meta property=\"og:image:type\" content=\"image\/png\" \/>\n<meta name=\"twitter:card\" content=\"summary_large_image\" \/>\n<meta name=\"twitter:label1\" content=\"Est. reading time\" \/>\n\t<meta name=\"twitter:data1\" content=\"1 minute\" \/>\n<script type=\"application\/ld+json\" class=\"yoast-schema-graph\">{\"@context\":\"https:\/\/schema.org\",\"@graph\":[{\"@type\":\"WebPage\",\"@id\":\"https:\/\/immobilien-einkommen.de\/fuehrungskraefte\",\"url\":\"https:\/\/immobilien-einkommen.de\/fuehrungskraefte\",\"name\":\"Mehrwert f\u00fcr B\u00fcroleitern, F\u00fchrungskr\u00e4ften und FinanzberaterInnen\",\"isPartOf\":{\"@id\":\"https:\/\/immobilien-einkommen.de\/#website\"},\"primaryImageOfPage\":{\"@id\":\"https:\/\/immobilien-einkommen.de\/fuehrungskraefte#primaryimage\"},\"image\":{\"@id\":\"https:\/\/immobilien-einkommen.de\/fuehrungskraefte#primaryimage\"},\"thumbnailUrl\":\"https:\/\/immobilien-einkommen.de\/wp-content\/uploads\/2022\/11\/Mehrwert-Bueroleiter-Fuehrungskraft-Swisslife.png\",\"datePublished\":\"2022-11-07T20:00:04+00:00\",\"dateModified\":\"2024-04-16T06:37:42+00:00\",\"description\":\"Unser Mehrwert f\u00fcr B\u00fcroleitern, F\u00fchrungskr\u00e4ften und FinanzberaterInnen \u2b50 Immobilien Verkauf \u2b50 Passiv Gehalt \u2b50 Wertanlagen \u2b50 Steigerungen \u2b50\",\"breadcrumb\":{\"@id\":\"https:\/\/immobilien-einkommen.de\/fuehrungskraefte#breadcrumb\"},\"inLanguage\":\"en-US\",\"potentialAction\":[{\"@type\":\"ReadAction\",\"target\":[\"https:\/\/immobilien-einkommen.de\/fuehrungskraefte\"]}]},{\"@type\":\"ImageObject\",\"inLanguage\":\"en-US\",\"@id\":\"https:\/\/immobilien-einkommen.de\/fuehrungskraefte#primaryimage\",\"url\":\"https:\/\/immobilien-einkommen.de\/wp-content\/uploads\/2022\/11\/Mehrwert-Bueroleiter-Fuehrungskraft-Swisslife.png\",\"contentUrl\":\"https:\/\/immobilien-einkommen.de\/wp-content\/uploads\/2022\/11\/Mehrwert-Bueroleiter-Fuehrungskraft-Swisslife.png\",\"width\":1915,\"height\":999},{\"@type\":\"BreadcrumbList\",\"@id\":\"https:\/\/immobilien-einkommen.de\/fuehrungskraefte#breadcrumb\",\"itemListElement\":[{\"@type\":\"ListItem\",\"position\":1,\"name\":\"Startseite\",\"item\":\"https:\/\/immobilien-einkommen.de\/\"},{\"@type\":\"ListItem\",\"position\":2,\"name\":\"F\u00fchrungskr\u00e4fte\"}]},{\"@type\":\"WebSite\",\"@id\":\"https:\/\/immobilien-einkommen.de\/#website\",\"url\":\"https:\/\/immobilien-einkommen.de\/\",\"name\":\"Immobilien Einkommen\",\"description\":\"\",\"publisher\":{\"@id\":\"https:\/\/immobilien-einkommen.de\/#\/schema\/person\/d56a4fdec187ddb642d134edb3f6d320\"},\"potentialAction\":[{\"@type\":\"SearchAction\",\"target\":{\"@type\":\"EntryPoint\",\"urlTemplate\":\"https:\/\/immobilien-einkommen.de\/?s={search_term_string}\"},\"query-input\":{\"@type\":\"PropertyValueSpecification\",\"valueRequired\":true,\"valueName\":\"search_term_string\"}}],\"inLanguage\":\"en-US\"},{\"@type\":[\"Person\",\"Organization\"],\"@id\":\"https:\/\/immobilien-einkommen.de\/#\/schema\/person\/d56a4fdec187ddb642d134edb3f6d320\",\"name\":\"Martin Kramer\",\"image\":{\"@type\":\"ImageObject\",\"inLanguage\":\"en-US\",\"@id\":\"https:\/\/immobilien-einkommen.de\/#\/schema\/person\/image\/\",\"url\":\"https:\/\/immobilien-einkommen.de\/wp-content\/uploads\/2024\/01\/cropped-cropped-Logo3.png\",\"contentUrl\":\"https:\/\/immobilien-einkommen.de\/wp-content\/uploads\/2024\/01\/cropped-cropped-Logo3.png\",\"width\":531,\"height\":290,\"caption\":\"Martin Kramer\"},\"logo\":{\"@id\":\"https:\/\/immobilien-einkommen.de\/#\/schema\/person\/image\/\"},\"sameAs\":[\"http:\/\/immobilien-einkommen.de\"]}]}<\/script>\n<!-- \/ Yoast SEO plugin. -->","yoast_head_json":{"title":"Added value for office managers, executives and financial advisors","description":"Our added value for office managers, executives and financial advisors \u2b50 Real estate sales \u2b50 Passive salary \u2b50 Value investments \u2b50 Increases \u2b50","robots":{"index":"index","follow":"follow","max-snippet":"max-snippet:-1","max-image-preview":"max-image-preview:large","max-video-preview":"max-video-preview:-1"},"canonical":"https:\/\/immobilien-einkommen.de\/en\/fuehrungskraefte\/","og_locale":"en_US","og_type":"article","og_title":"Mehrwert f\u00fcr B\u00fcroleitern, F\u00fchrungskr\u00e4ften und FinanzberaterInnen","og_description":"Unser Mehrwert f\u00fcr B\u00fcroleitern, F\u00fchrungskr\u00e4ften und FinanzberaterInnen \u2b50 Immobilien Verkauf \u2b50 Passiv Gehalt \u2b50 Wertanlagen \u2b50 Steigerungen \u2b50","og_url":"https:\/\/immobilien-einkommen.de\/en\/fuehrungskraefte\/","og_site_name":"Immobilien Einkommen","article_modified_time":"2024-04-16T06:37:42+00:00","og_image":[{"width":1024,"height":534,"url":"https:\/\/immobilien-einkommen.de\/wp-content\/uploads\/2022\/11\/Mehrwert-Bueroleiter-Fuehrungskraft-Swisslife-1024x534.png","type":"image\/png"}],"twitter_card":"summary_large_image","twitter_misc":{"Est. reading time":"1 minute"},"schema":{"@context":"https:\/\/schema.org","@graph":[{"@type":"WebPage","@id":"https:\/\/immobilien-einkommen.de\/fuehrungskraefte","url":"https:\/\/immobilien-einkommen.de\/fuehrungskraefte","name":"Added value for office managers, executives and financial advisors","isPartOf":{"@id":"https:\/\/immobilien-einkommen.de\/#website"},"primaryImageOfPage":{"@id":"https:\/\/immobilien-einkommen.de\/fuehrungskraefte#primaryimage"},"image":{"@id":"https:\/\/immobilien-einkommen.de\/fuehrungskraefte#primaryimage"},"thumbnailUrl":"https:\/\/immobilien-einkommen.de\/wp-content\/uploads\/2022\/11\/Mehrwert-Bueroleiter-Fuehrungskraft-Swisslife.png","datePublished":"2022-11-07T20:00:04+00:00","dateModified":"2024-04-16T06:37:42+00:00","description":"Our added value for office managers, executives and financial advisors \u2b50 Real estate sales \u2b50 Passive salary \u2b50 Value investments \u2b50 Increases \u2b50","breadcrumb":{"@id":"https:\/\/immobilien-einkommen.de\/fuehrungskraefte#breadcrumb"},"inLanguage":"en-US","potentialAction":[{"@type":"ReadAction","target":["https:\/\/immobilien-einkommen.de\/fuehrungskraefte"]}]},{"@type":"ImageObject","inLanguage":"en-US","@id":"https:\/\/immobilien-einkommen.de\/fuehrungskraefte#primaryimage","url":"https:\/\/immobilien-einkommen.de\/wp-content\/uploads\/2022\/11\/Mehrwert-Bueroleiter-Fuehrungskraft-Swisslife.png","contentUrl":"https:\/\/immobilien-einkommen.de\/wp-content\/uploads\/2022\/11\/Mehrwert-Bueroleiter-Fuehrungskraft-Swisslife.png","width":1915,"height":999},{"@type":"BreadcrumbList","@id":"https:\/\/immobilien-einkommen.de\/fuehrungskraefte#breadcrumb","itemListElement":[{"@type":"ListItem","position":1,"name":"Startseite","item":"https:\/\/immobilien-einkommen.de\/"},{"@type":"ListItem","position":2,"name":"F\u00fchrungskr\u00e4fte"}]},{"@type":"WebSite","@id":"https:\/\/immobilien-einkommen.de\/#website","url":"https:\/\/immobilien-einkommen.de\/","name":"Real estate income","description":"","publisher":{"@id":"https:\/\/immobilien-einkommen.de\/#\/schema\/person\/d56a4fdec187ddb642d134edb3f6d320"},"potentialAction":[{"@type":"SearchAction","target":{"@type":"EntryPoint","urlTemplate":"https:\/\/immobilien-einkommen.de\/?s={search_term_string}"},"query-input":{"@type":"PropertyValueSpecification","valueRequired":true,"valueName":"search_term_string"}}],"inLanguage":"en-US"},{"@type":["Person","Organization"],"@id":"https:\/\/immobilien-einkommen.de\/#\/schema\/person\/d56a4fdec187ddb642d134edb3f6d320","name":"Martin Kramer","image":{"@type":"ImageObject","inLanguage":"en-US","@id":"https:\/\/immobilien-einkommen.de\/#\/schema\/person\/image\/","url":"https:\/\/immobilien-einkommen.de\/wp-content\/uploads\/2024\/01\/cropped-cropped-Logo3.png","contentUrl":"https:\/\/immobilien-einkommen.de\/wp-content\/uploads\/2024\/01\/cropped-cropped-Logo3.png","width":531,"height":290,"caption":"Martin Kramer"},"logo":{"@id":"https:\/\/immobilien-einkommen.de\/#\/schema\/person\/image\/"},"sameAs":["http:\/\/immobilien-einkommen.de"]}]}},"_links":{"self":[{"href":"https:\/\/immobilien-einkommen.de\/en\/wp-json\/wp\/v2\/pages\/6554","targetHints":{"allow":["GET"]}}],"collection":[{"href":"https:\/\/immobilien-einkommen.de\/en\/wp-json\/wp\/v2\/pages"}],"about":[{"href":"https:\/\/immobilien-einkommen.de\/en\/wp-json\/wp\/v2\/types\/page"}],"author":[{"embeddable":true,"href":"https:\/\/immobilien-einkommen.de\/en\/wp-json\/wp\/v2\/users\/2"}],"replies":[{"embeddable":true,"href":"https:\/\/immobilien-einkommen.de\/en\/wp-json\/wp\/v2\/comments?post=6554"}],"version-history":[{"count":29,"href":"https:\/\/immobilien-einkommen.de\/en\/wp-json\/wp\/v2\/pages\/6554\/revisions"}],"predecessor-version":[{"id":13467,"href":"https:\/\/immobilien-einkommen.de\/en\/wp-json\/wp\/v2\/pages\/6554\/revisions\/13467"}],"wp:featuredmedia":[{"embeddable":true,"href":"https:\/\/immobilien-einkommen.de\/en\/wp-json\/wp\/v2\/media\/6559"}],"wp:attachment":[{"href":"https:\/\/immobilien-einkommen.de\/en\/wp-json\/wp\/v2\/media?parent=6554"}],"curies":[{"name":"wp","href":"https:\/\/api.w.org\/{rel}","templated":true}]}}