{"id":51,"date":"2021-06-15T18:05:39","date_gmt":"2021-06-15T16:05:39","guid":{"rendered":"http:\/\/immobilien-einkommen.de\/?page_id=51"},"modified":"2024-01-15T18:24:30","modified_gmt":"2024-01-15T16:24:30","slug":"martin-kramer","status":"publish","type":"page","link":"https:\/\/immobilien-einkommen.de\/en\/martin-kramer","title":{"rendered":"Martin Kramer"},"content":{"rendered":"<div data-elementor-type=\"wp-page\" data-elementor-id=\"51\" class=\"elementor elementor-51\">\n\t\t\t\t\t\t<section class=\"elementor-section elementor-top-section elementor-element elementor-element-27d890e7 elementor-section-content-middle elementor-section-stretched elementor-section-boxed elementor-section-height-default elementor-section-height-default\" data-id=\"27d890e7\" data-element_type=\"section\" data-e-type=\"section\" data-settings=\"{&quot;stretch_section&quot;:&quot;section-stretched&quot;,&quot;background_background&quot;:&quot;classic&quot;}\">\n\t\t\t\t\t\t<div class=\"elementor-container elementor-column-gap-no\">\n\t\t\t\t\t<div class=\"elementor-column elementor-col-50 elementor-top-column elementor-element elementor-element-ad7716d\" data-id=\"ad7716d\" data-element_type=\"column\" data-e-type=\"column\">\n\t\t\t<div class=\"elementor-widget-wrap elementor-element-populated\">\n\t\t\t\t\t\t<div class=\"elementor-element elementor-element-7cca79a3 elementor-widget elementor-widget-image\" data-id=\"7cca79a3\" data-element_type=\"widget\" data-e-type=\"widget\" data-widget_type=\"image.default\">\n\t\t\t\t<div class=\"elementor-widget-container\">\n\t\t\t\t\t\t\t\t\t\t\t\t\t\t\t<img fetchpriority=\"high\" decoding=\"async\" width=\"2560\" height=\"1703\" src=\"https:\/\/immobilien-einkommen.de\/wp-content\/uploads\/2022\/01\/Office-Martin-Kramer-Immobilien-scaled.jpg\" class=\"attachment-full size-full wp-image-5595\" alt=\"\" srcset=\"https:\/\/immobilien-einkommen.de\/wp-content\/uploads\/2022\/01\/Office-Martin-Kramer-Immobilien-scaled.jpg 2560w, https:\/\/immobilien-einkommen.de\/wp-content\/uploads\/2022\/01\/Office-Martin-Kramer-Immobilien-scaled-800x532.jpg 800w, https:\/\/immobilien-einkommen.de\/wp-content\/uploads\/2022\/01\/Office-Martin-Kramer-Immobilien-300x200.jpg 300w, https:\/\/immobilien-einkommen.de\/wp-content\/uploads\/2022\/01\/Office-Martin-Kramer-Immobilien-1024x681.jpg 1024w, https:\/\/immobilien-einkommen.de\/wp-content\/uploads\/2022\/01\/Office-Martin-Kramer-Immobilien-768x511.jpg 768w, https:\/\/immobilien-einkommen.de\/wp-content\/uploads\/2022\/01\/Office-Martin-Kramer-Immobilien-1536x1022.jpg 1536w, https:\/\/immobilien-einkommen.de\/wp-content\/uploads\/2022\/01\/Office-Martin-Kramer-Immobilien-2048x1363.jpg 2048w, https:\/\/immobilien-einkommen.de\/wp-content\/uploads\/2022\/01\/Office-Martin-Kramer-Immobilien-75x50.jpg 75w, https:\/\/immobilien-einkommen.de\/wp-content\/uploads\/2022\/01\/Office-Martin-Kramer-Immobilien-650x432.jpg 650w, https:\/\/immobilien-einkommen.de\/wp-content\/uploads\/2022\/01\/Office-Martin-Kramer-Immobilien-1000x665.jpg 1000w, https:\/\/immobilien-einkommen.de\/wp-content\/uploads\/2022\/01\/Office-Martin-Kramer-Immobilien-50x33.jpg 50w\" sizes=\"(max-width: 2560px) 100vw, 2560px\" \/>\t\t\t\t\t\t\t\t\t\t\t\t\t\t\t<\/div>\n\t\t\t\t<\/div>\n\t\t\t\t\t<\/div>\n\t\t<\/div>\n\t\t\t\t<div class=\"elementor-column elementor-col-50 elementor-top-column elementor-element elementor-element-70ecc784\" data-id=\"70ecc784\" data-element_type=\"column\" data-e-type=\"column\">\n\t\t\t<div class=\"elementor-widget-wrap elementor-element-populated\">\n\t\t\t\t\t\t<div class=\"elementor-element elementor-element-12c65bb2 elementor-view-default elementor-widget elementor-widget-icon\" data-id=\"12c65bb2\" data-element_type=\"widget\" data-e-type=\"widget\" data-widget_type=\"icon.default\">\n\t\t\t\t<div class=\"elementor-widget-container\">\n\t\t\t\t\t\t\t<div class=\"elementor-icon-wrapper\">\n\t\t\t<div class=\"elementor-icon\">\n\t\t\t\t\t\t\t<i class=\"fa fa-quote-left\" aria-hidden=\"true\"><\/i>\n\t\t\t\t\t\t<\/div>\n\t\t<\/div>\n\t\t\t\t\t\t<\/div>\n\t\t\t\t<\/div>\n\t\t\t\t<div class=\"elementor-element elementor-element-3a5da76c elementor-widget elementor-widget-text-editor\" data-id=\"3a5da76c\" data-element_type=\"widget\" data-e-type=\"widget\" data-widget_type=\"text-editor.default\">\n\t\t\t\t<div class=\"elementor-widget-container\">\n\t\t\t\t\t\t\t\t\t<p><strong>I don't know how you get rich quickly, but I know how you get rich slowly and surely. <\/strong>- Martin Kramer<\/p><p>Are you looking for the best real estate as an investment? You want to buy real estate at a significantly lower price than usual? You want to buy real estate, but you want tenants and the tax office to pay for it? You are looking for the locations with future potential and there the real \"hidden champions\"? You want real passive income? You want to avoid the most common mistakes in real estate acquisition right from the start? You are looking for an experienced and successful professional at your side?<\/p><p>Then I look forward to meeting you.<\/p>\t\t\t\t\t\t\t\t<\/div>\n\t\t\t\t<\/div>\n\t\t\t\t<div class=\"elementor-element elementor-element-253290b elementor-widget elementor-widget-heading\" data-id=\"253290b\" data-element_type=\"widget\" data-e-type=\"widget\" data-widget_type=\"heading.default\">\n\t\t\t\t<div class=\"elementor-widget-container\">\n\t\t\t\t\t<h2 class=\"elementor-heading-title elementor-size-default\">Martin Kramer<\/h2>\t\t\t\t<\/div>\n\t\t\t\t<\/div>\n\t\t\t\t<div class=\"elementor-element elementor-element-55251bd2 elementor-widget elementor-widget-heading\" data-id=\"55251bd2\" data-element_type=\"widget\" data-e-type=\"widget\" data-widget_type=\"heading.default\">\n\t\t\t\t<div class=\"elementor-widget-container\">\n\t\t\t\t\t<h2 class=\"elementor-heading-title elementor-size-default\">Real estate specialist <br>\nSwiss Life Select Franchise Partner<\/h2>\t\t\t\t<\/div>\n\t\t\t\t<\/div>\n\t\t\t\t<div class=\"elementor-element elementor-element-b146fa2 elementor-widget elementor-widget-text-editor\" data-id=\"b146fa2\" data-element_type=\"widget\" data-e-type=\"widget\" data-widget_type=\"text-editor.default\">\n\t\t\t\t<div class=\"elementor-widget-container\">\n\t\t\t\t\t\t\t\t\t<p>Mobile:<br><a href=\"tel:+491772800970\">0177 \u2013 28 00 970<\/a><\/p>\n<p>Email:<br><a href=\"mailto:martin.kramer@swisslife-select.de\">martin.kramer@swisslife-select.de<\/a><\/p>\n<p>Address:<br><a href=\"http:\/\/maps.google.com\/maps?q=50670 K\u00f6ln,Im Mediapark 8\">In the Mediapark 8<\/a><br><a href=\"http:\/\/maps.google.com\/maps?q=50670 K\u00f6ln, Im Mediapark 8\">50670 Cologne<\/a><\/p>\nPostal address:<br>\nMartin Kramer, Mozartstr. 28, 42115 Wuppertal, Germany\t\t\t\t\t\t\t\t<\/div>\n\t\t\t\t<\/div>\n\t\t\t\t<div class=\"elementor-element elementor-element-6c220dc elementor-shape-circle e-grid-align-left elementor-grid-0 elementor-widget elementor-widget-social-icons\" data-id=\"6c220dc\" data-element_type=\"widget\" data-e-type=\"widget\" data-widget_type=\"social-icons.default\">\n\t\t\t\t<div class=\"elementor-widget-container\">\n\t\t\t\t\t\t\t<div class=\"elementor-social-icons-wrapper elementor-grid\" role=\"list\">\n\t\t\t\t\t\t\t<span class=\"elementor-grid-item\" role=\"listitem\">\n\t\t\t\t\t<a class=\"elementor-icon elementor-social-icon elementor-social-icon-facebook elementor-repeater-item-19b6dc8\" href=\"https:\/\/www.facebook.com\/immobilieneinkommen\/\" target=\"_blank\">\n\t\t\t\t\t\t<span class=\"elementor-screen-only\">Facebook<\/span>\n\t\t\t\t\t\t<i aria-hidden=\"true\" class=\"fab fa-facebook\"><\/i>\t\t\t\t\t<\/a>\n\t\t\t\t<\/span>\n\t\t\t\t\t\t\t<span class=\"elementor-grid-item\" role=\"listitem\">\n\t\t\t\t\t<a class=\"elementor-icon elementor-social-icon elementor-social-icon-instagram elementor-repeater-item-cc4b8ff\" href=\"https:\/\/www.instagram.com\/immobilieneinkommen\/\" target=\"_blank\">\n\t\t\t\t\t\t<span class=\"elementor-screen-only\">Instagram<\/span>\n\t\t\t\t\t\t<i aria-hidden=\"true\" class=\"fab fa-instagram\"><\/i>\t\t\t\t\t<\/a>\n\t\t\t\t<\/span>\n\t\t\t\t\t\t\t<span class=\"elementor-grid-item\" role=\"listitem\">\n\t\t\t\t\t<a class=\"elementor-icon elementor-social-icon elementor-social-icon-whatsapp elementor-repeater-item-4fc1e80\" href=\"https:\/\/wa.me\/491772800970\" target=\"_blank\">\n\t\t\t\t\t\t<span class=\"elementor-screen-only\">Whatsapp<\/span>\n\t\t\t\t\t\t<i aria-hidden=\"true\" class=\"fab fa-whatsapp\"><\/i>\t\t\t\t\t<\/a>\n\t\t\t\t<\/span>\n\t\t\t\t\t<\/div>\n\t\t\t\t\t\t<\/div>\n\t\t\t\t<\/div>\n\t\t\t\t<div class=\"elementor-element elementor-element-1253190 elementor-button-success elementor-align-justify elementor-widget elementor-widget-button\" data-id=\"1253190\" data-element_type=\"widget\" data-e-type=\"widget\" data-widget_type=\"button.default\">\n\t\t\t\t<div class=\"elementor-widget-container\">\n\t\t\t\t\t\t\t\t\t<div class=\"elementor-button-wrapper\">\n\t\t\t\t\t<a class=\"elementor-button elementor-button-link elementor-size-sm\" href=\"\/en\/team\/\">\n\t\t\t\t\t\t<span class=\"elementor-button-content-wrapper\">\n\t\t\t\t\t\t\t\t\t<span class=\"elementor-button-text\">Team overview<\/span>\n\t\t\t\t\t<\/span>\n\t\t\t\t\t<\/a>\n\t\t\t\t<\/div>\n\t\t\t\t\t\t\t\t<\/div>\n\t\t\t\t<\/div>\n\t\t\t\t\t<\/div>\n\t\t<\/div>\n\t\t\t\t\t<\/div>\n\t\t<\/section>\n\t\t\t\t<section class=\"elementor-section elementor-top-section elementor-element elementor-element-558dba4 elementor-section-boxed elementor-section-height-default elementor-section-height-default\" data-id=\"558dba4\" data-element_type=\"section\" data-e-type=\"section\">\n\t\t\t\t\t\t<div class=\"elementor-container elementor-column-gap-default\">\n\t\t\t\t\t<div class=\"elementor-column elementor-col-100 elementor-top-column elementor-element elementor-element-f2d4026\" data-id=\"f2d4026\" data-element_type=\"column\" data-e-type=\"column\">\n\t\t\t<div class=\"elementor-widget-wrap elementor-element-populated\">\n\t\t\t\t\t\t<div class=\"elementor-element elementor-element-f5d7b36 elementor-widget-divider--view-line elementor-widget elementor-widget-divider\" data-id=\"f5d7b36\" data-element_type=\"widget\" data-e-type=\"widget\" data-widget_type=\"divider.default\">\n\t\t\t\t<div class=\"elementor-widget-container\">\n\t\t\t\t\t\t\t<div class=\"elementor-divider\">\n\t\t\t<span class=\"elementor-divider-separator\">\n\t\t\t\t\t\t<\/span>\n\t\t<\/div>\n\t\t\t\t\t\t<\/div>\n\t\t\t\t<\/div>\n\t\t\t\t\t<\/div>\n\t\t<\/div>\n\t\t\t\t\t<\/div>\n\t\t<\/section>\n\t\t\t\t<section class=\"elementor-section elementor-top-section elementor-element elementor-element-6379be6 elementor-section-stretched elementor-section-boxed elementor-section-height-default elementor-section-height-default\" data-id=\"6379be6\" data-element_type=\"section\" data-e-type=\"section\" data-settings=\"{&quot;stretch_section&quot;:&quot;section-stretched&quot;,&quot;background_background&quot;:&quot;classic&quot;}\">\n\t\t\t\t\t\t<div class=\"elementor-container elementor-column-gap-default\">\n\t\t\t\t\t<div class=\"elementor-column elementor-col-100 elementor-top-column elementor-element elementor-element-36cee8d\" data-id=\"36cee8d\" data-element_type=\"column\" data-e-type=\"column\">\n\t\t\t<div class=\"elementor-widget-wrap elementor-element-populated\">\n\t\t\t\t\t\t<div class=\"elementor-element elementor-element-5bea58e elementor-widget elementor-widget-heading\" data-id=\"5bea58e\" data-element_type=\"widget\" data-e-type=\"widget\" data-widget_type=\"heading.default\">\n\t\t\t\t<div class=\"elementor-widget-container\">\n\t\t\t\t\t<h2 class=\"elementor-heading-title elementor-size-default\">Martin about the really rich<\/h2>\t\t\t\t<\/div>\n\t\t\t\t<\/div>\n\t\t\t\t<div class=\"elementor-element elementor-element-d4a84e1 elementor-widget elementor-widget-video\" data-id=\"d4a84e1\" data-element_type=\"widget\" data-e-type=\"widget\" data-settings=\"{&quot;video_type&quot;:&quot;vimeo&quot;,&quot;show_image_overlay&quot;:&quot;yes&quot;,&quot;image_overlay&quot;:{&quot;url&quot;:&quot;https:\\\/\\\/immobilien-einkommen.de\\\/wp-content\\\/uploads\\\/2024\\\/01\\\/Martin-Erfolg-der-Reichen-Passiveinkommen.jpg&quot;,&quot;id&quot;:11453,&quot;size&quot;:&quot;&quot;,&quot;alt&quot;:&quot;&quot;,&quot;source&quot;:&quot;library&quot;}}\" data-widget_type=\"video.default\">\n\t\t\t\t<div class=\"elementor-widget-container\">\n\t\t\t\t\t\t\t<div class=\"elementor-wrapper elementor-open-inline\">\n\t\t\t<iframe class=\"elementor-video-iframe\" allowfullscreen allow=\"clipboard-write\" title=\"vimeo Video Player\" src=\"https:\/\/player.vimeo.com\/video\/647806668?color&amp;autopause=0&amp;loop=0&amp;muted=0&amp;title=1&amp;portrait=1&amp;byline=1&amp;h=8be5d79398#t=\" data-no-translation-title=\"\"><\/iframe>\t\t\t\t<div class=\"elementor-custom-embed-image-overlay\" style=\"background-image: url(https:\/\/immobilien-einkommen.de\/wp-content\/uploads\/2024\/01\/Martin-Erfolg-der-Reichen-Passiveinkommen.jpg);\">\n\t\t\t\t\t\t\t\t\t\t\t\t\t\t\t\t<div class=\"elementor-custom-embed-play\" role=\"button\" aria-label=\"Video abspielen\" tabindex=\"0\" data-no-translation-aria-label=\"\">\n\t\t\t\t\t\t\t<i aria-hidden=\"true\" class=\"eicon-play\"><\/i>\t\t\t\t\t\t<\/div>\n\t\t\t\t\t\t\t\t\t<\/div>\n\t\t\t\t\t<\/div>\n\t\t\t\t\t\t<\/div>\n\t\t\t\t<\/div>\n\t\t\t\t\t<\/div>\n\t\t<\/div>\n\t\t\t\t\t<\/div>\n\t\t<\/section>\n\t\t\t\t<\/div>","protected":false},"excerpt":{"rendered":"<p>Ich wei\u00df nicht, wie Du schnell reichst wirst, aber ich wei\u00df wie Du langsam und sicher reich wirst. &#8211; Martin Kramer Du suchst die besten Immobilien als Kapitalanlage? Du m\u00f6chtest [&hellip;]<\/p>\n","protected":false},"author":2,"featured_media":508,"parent":0,"menu_order":0,"comment_status":"closed","ping_status":"closed","template":"elementor_header_footer","meta":{"footnotes":""},"class_list":["post-51","page","type-page","status-publish","has-post-thumbnail","hentry","wpbf-post"],"yoast_head":"<!-- This site is optimized with the Yoast SEO plugin v27.1.1 - https:\/\/yoast.com\/product\/yoast-seo-wordpress\/ -->\n<title>Martin Kramer Immobilien Einkommen \u2714\ufe0f Passiv Gehalt \u2714\ufe0f Wertanlage \u2714\ufe0f<\/title>\n<meta name=\"description\" content=\"Martin Kramer \u2b50 Passiv Einkommen mit Immobilien, da\u00df Ziel beim Kauf einer Kapitalanlage Immobilie \u2b50 Wertanlage mit Rendite \u2b50 Immobilienkauf \u2b50\" \/>\n<meta name=\"robots\" content=\"index, follow, max-snippet:-1, max-image-preview:large, max-video-preview:-1\" \/>\n<link rel=\"canonical\" href=\"https:\/\/immobilien-einkommen.de\/en\/martin-kramer\/\" \/>\n<meta property=\"og:locale\" content=\"en_US\" \/>\n<meta property=\"og:type\" content=\"article\" \/>\n<meta property=\"og:title\" content=\"Martin Kramer Immobilien Einkommen \u2714\ufe0f Passiv Gehalt \u2714\ufe0f Wertanlage \u2714\ufe0f\" \/>\n<meta property=\"og:description\" content=\"Martin Kramer \u2b50 Passiv Einkommen mit Immobilien, da\u00df Ziel beim Kauf einer Kapitalanlage Immobilie \u2b50 Wertanlage mit Rendite \u2b50 Immobilienkauf \u2b50\" \/>\n<meta property=\"og:url\" content=\"https:\/\/immobilien-einkommen.de\/en\/martin-kramer\/\" \/>\n<meta property=\"og:site_name\" content=\"Immobilien Einkommen\" \/>\n<meta property=\"article:modified_time\" content=\"2024-01-15T16:24:30+00:00\" \/>\n<meta property=\"og:image\" content=\"https:\/\/immobilien-einkommen.de\/wp-content\/uploads\/2021\/06\/martin-kramer.image_-1.png\" \/>\n\t<meta property=\"og:image:width\" content=\"903\" \/>\n\t<meta property=\"og:image:height\" content=\"1280\" \/>\n\t<meta property=\"og:image:type\" content=\"image\/png\" \/>\n<meta name=\"twitter:card\" content=\"summary_large_image\" \/>\n<meta name=\"twitter:label1\" content=\"Est. reading time\" \/>\n\t<meta name=\"twitter:data1\" content=\"1 minute\" \/>\n<script type=\"application\/ld+json\" class=\"yoast-schema-graph\">{\"@context\":\"https:\/\/schema.org\",\"@graph\":[{\"@type\":\"WebPage\",\"@id\":\"https:\/\/immobilien-einkommen.de\/martin-kramer\",\"url\":\"https:\/\/immobilien-einkommen.de\/martin-kramer\",\"name\":\"Martin Kramer Immobilien Einkommen \u2714\ufe0f Passiv Gehalt \u2714\ufe0f Wertanlage \u2714\ufe0f\",\"isPartOf\":{\"@id\":\"https:\/\/immobilien-einkommen.de\/#website\"},\"primaryImageOfPage\":{\"@id\":\"https:\/\/immobilien-einkommen.de\/martin-kramer#primaryimage\"},\"image\":{\"@id\":\"https:\/\/immobilien-einkommen.de\/martin-kramer#primaryimage\"},\"thumbnailUrl\":\"https:\/\/immobilien-einkommen.de\/wp-content\/uploads\/2021\/06\/martin-kramer.image_-1.png\",\"datePublished\":\"2021-06-15T16:05:39+00:00\",\"dateModified\":\"2024-01-15T16:24:30+00:00\",\"description\":\"Martin Kramer \u2b50 Passiv Einkommen mit Immobilien, da\u00df Ziel beim Kauf einer Kapitalanlage Immobilie \u2b50 Wertanlage mit Rendite \u2b50 Immobilienkauf \u2b50\",\"breadcrumb\":{\"@id\":\"https:\/\/immobilien-einkommen.de\/martin-kramer#breadcrumb\"},\"inLanguage\":\"en-US\",\"potentialAction\":[{\"@type\":\"ReadAction\",\"target\":[\"https:\/\/immobilien-einkommen.de\/martin-kramer\"]}]},{\"@type\":\"ImageObject\",\"inLanguage\":\"en-US\",\"@id\":\"https:\/\/immobilien-einkommen.de\/martin-kramer#primaryimage\",\"url\":\"https:\/\/immobilien-einkommen.de\/wp-content\/uploads\/2021\/06\/martin-kramer.image_-1.png\",\"contentUrl\":\"https:\/\/immobilien-einkommen.de\/wp-content\/uploads\/2021\/06\/martin-kramer.image_-1.png\",\"width\":903,\"height\":1280},{\"@type\":\"BreadcrumbList\",\"@id\":\"https:\/\/immobilien-einkommen.de\/martin-kramer#breadcrumb\",\"itemListElement\":[{\"@type\":\"ListItem\",\"position\":1,\"name\":\"Startseite\",\"item\":\"https:\/\/immobilien-einkommen.de\/\"},{\"@type\":\"ListItem\",\"position\":2,\"name\":\"Martin Kramer\"}]},{\"@type\":\"WebSite\",\"@id\":\"https:\/\/immobilien-einkommen.de\/#website\",\"url\":\"https:\/\/immobilien-einkommen.de\/\",\"name\":\"Immobilien Einkommen\",\"description\":\"\",\"publisher\":{\"@id\":\"https:\/\/immobilien-einkommen.de\/#\/schema\/person\/d56a4fdec187ddb642d134edb3f6d320\"},\"potentialAction\":[{\"@type\":\"SearchAction\",\"target\":{\"@type\":\"EntryPoint\",\"urlTemplate\":\"https:\/\/immobilien-einkommen.de\/?s={search_term_string}\"},\"query-input\":{\"@type\":\"PropertyValueSpecification\",\"valueRequired\":true,\"valueName\":\"search_term_string\"}}],\"inLanguage\":\"en-US\"},{\"@type\":[\"Person\",\"Organization\"],\"@id\":\"https:\/\/immobilien-einkommen.de\/#\/schema\/person\/d56a4fdec187ddb642d134edb3f6d320\",\"name\":\"Martin Kramer\",\"image\":{\"@type\":\"ImageObject\",\"inLanguage\":\"en-US\",\"@id\":\"https:\/\/immobilien-einkommen.de\/#\/schema\/person\/image\/\",\"url\":\"https:\/\/immobilien-einkommen.de\/wp-content\/uploads\/2024\/01\/cropped-cropped-Logo3.png\",\"contentUrl\":\"https:\/\/immobilien-einkommen.de\/wp-content\/uploads\/2024\/01\/cropped-cropped-Logo3.png\",\"width\":531,\"height\":290,\"caption\":\"Martin Kramer\"},\"logo\":{\"@id\":\"https:\/\/immobilien-einkommen.de\/#\/schema\/person\/image\/\"},\"sameAs\":[\"http:\/\/immobilien-einkommen.de\"]}]}<\/script>\n<!-- \/ Yoast SEO plugin. -->","yoast_head_json":{"title":"Martin Kramer Real Estate Income \u2714\ufe0f Passive Salary \u2714\ufe0f Value Investment \u2714\ufe0f","description":"Martin Kramer \u2b50 Passive income with real estate that goal when buying an investment property \u2b50 Value investment with yield \u2b50 Real estate purchase \u2b50","robots":{"index":"index","follow":"follow","max-snippet":"max-snippet:-1","max-image-preview":"max-image-preview:large","max-video-preview":"max-video-preview:-1"},"canonical":"https:\/\/immobilien-einkommen.de\/en\/martin-kramer\/","og_locale":"en_US","og_type":"article","og_title":"Martin Kramer Immobilien Einkommen \u2714\ufe0f Passiv Gehalt \u2714\ufe0f Wertanlage \u2714\ufe0f","og_description":"Martin Kramer \u2b50 Passiv Einkommen mit Immobilien, da\u00df Ziel beim Kauf einer Kapitalanlage Immobilie \u2b50 Wertanlage mit Rendite \u2b50 Immobilienkauf \u2b50","og_url":"https:\/\/immobilien-einkommen.de\/en\/martin-kramer\/","og_site_name":"Immobilien Einkommen","article_modified_time":"2024-01-15T16:24:30+00:00","og_image":[{"width":903,"height":1280,"url":"https:\/\/immobilien-einkommen.de\/wp-content\/uploads\/2021\/06\/martin-kramer.image_-1.png","type":"image\/png"}],"twitter_card":"summary_large_image","twitter_misc":{"Est. reading time":"1 minute"},"schema":{"@context":"https:\/\/schema.org","@graph":[{"@type":"WebPage","@id":"https:\/\/immobilien-einkommen.de\/martin-kramer","url":"https:\/\/immobilien-einkommen.de\/martin-kramer","name":"Martin Kramer Real Estate Income \u2714\ufe0f Passive Salary \u2714\ufe0f Value Investment \u2714\ufe0f","isPartOf":{"@id":"https:\/\/immobilien-einkommen.de\/#website"},"primaryImageOfPage":{"@id":"https:\/\/immobilien-einkommen.de\/martin-kramer#primaryimage"},"image":{"@id":"https:\/\/immobilien-einkommen.de\/martin-kramer#primaryimage"},"thumbnailUrl":"https:\/\/immobilien-einkommen.de\/wp-content\/uploads\/2021\/06\/martin-kramer.image_-1.png","datePublished":"2021-06-15T16:05:39+00:00","dateModified":"2024-01-15T16:24:30+00:00","description":"Martin Kramer \u2b50 Passive income with real estate that goal when buying an investment property \u2b50 Value investment with yield \u2b50 Real estate purchase \u2b50","breadcrumb":{"@id":"https:\/\/immobilien-einkommen.de\/martin-kramer#breadcrumb"},"inLanguage":"en-US","potentialAction":[{"@type":"ReadAction","target":["https:\/\/immobilien-einkommen.de\/martin-kramer"]}]},{"@type":"ImageObject","inLanguage":"en-US","@id":"https:\/\/immobilien-einkommen.de\/martin-kramer#primaryimage","url":"https:\/\/immobilien-einkommen.de\/wp-content\/uploads\/2021\/06\/martin-kramer.image_-1.png","contentUrl":"https:\/\/immobilien-einkommen.de\/wp-content\/uploads\/2021\/06\/martin-kramer.image_-1.png","width":903,"height":1280},{"@type":"BreadcrumbList","@id":"https:\/\/immobilien-einkommen.de\/martin-kramer#breadcrumb","itemListElement":[{"@type":"ListItem","position":1,"name":"Startseite","item":"https:\/\/immobilien-einkommen.de\/"},{"@type":"ListItem","position":2,"name":"Martin Kramer"}]},{"@type":"WebSite","@id":"https:\/\/immobilien-einkommen.de\/#website","url":"https:\/\/immobilien-einkommen.de\/","name":"Real estate income","description":"","publisher":{"@id":"https:\/\/immobilien-einkommen.de\/#\/schema\/person\/d56a4fdec187ddb642d134edb3f6d320"},"potentialAction":[{"@type":"SearchAction","target":{"@type":"EntryPoint","urlTemplate":"https:\/\/immobilien-einkommen.de\/?s={search_term_string}"},"query-input":{"@type":"PropertyValueSpecification","valueRequired":true,"valueName":"search_term_string"}}],"inLanguage":"en-US"},{"@type":["Person","Organization"],"@id":"https:\/\/immobilien-einkommen.de\/#\/schema\/person\/d56a4fdec187ddb642d134edb3f6d320","name":"Martin Kramer","image":{"@type":"ImageObject","inLanguage":"en-US","@id":"https:\/\/immobilien-einkommen.de\/#\/schema\/person\/image\/","url":"https:\/\/immobilien-einkommen.de\/wp-content\/uploads\/2024\/01\/cropped-cropped-Logo3.png","contentUrl":"https:\/\/immobilien-einkommen.de\/wp-content\/uploads\/2024\/01\/cropped-cropped-Logo3.png","width":531,"height":290,"caption":"Martin Kramer"},"logo":{"@id":"https:\/\/immobilien-einkommen.de\/#\/schema\/person\/image\/"},"sameAs":["http:\/\/immobilien-einkommen.de"]}]}},"_links":{"self":[{"href":"https:\/\/immobilien-einkommen.de\/en\/wp-json\/wp\/v2\/pages\/51","targetHints":{"allow":["GET"]}}],"collection":[{"href":"https:\/\/immobilien-einkommen.de\/en\/wp-json\/wp\/v2\/pages"}],"about":[{"href":"https:\/\/immobilien-einkommen.de\/en\/wp-json\/wp\/v2\/types\/page"}],"author":[{"embeddable":true,"href":"https:\/\/immobilien-einkommen.de\/en\/wp-json\/wp\/v2\/users\/2"}],"replies":[{"embeddable":true,"href":"https:\/\/immobilien-einkommen.de\/en\/wp-json\/wp\/v2\/comments?post=51"}],"version-history":[{"count":139,"href":"https:\/\/immobilien-einkommen.de\/en\/wp-json\/wp\/v2\/pages\/51\/revisions"}],"predecessor-version":[{"id":11524,"href":"https:\/\/immobilien-einkommen.de\/en\/wp-json\/wp\/v2\/pages\/51\/revisions\/11524"}],"wp:featuredmedia":[{"embeddable":true,"href":"https:\/\/immobilien-einkommen.de\/en\/wp-json\/wp\/v2\/media\/508"}],"wp:attachment":[{"href":"https:\/\/immobilien-einkommen.de\/en\/wp-json\/wp\/v2\/media?parent=51"}],"curies":[{"name":"wp","href":"https:\/\/api.w.org\/{rel}","templated":true}]}}