{"id":4148,"date":"2021-09-29T10:22:26","date_gmt":"2021-09-29T08:22:26","guid":{"rendered":"https:\/\/immobilien-einkommen.de\/?page_id=4148"},"modified":"2024-07-30T10:28:07","modified_gmt":"2024-07-30T08:28:07","slug":"neubau-nur-das-beste","status":"publish","type":"page","link":"https:\/\/immobilien-einkommen.de\/en\/neubau-nur-das-beste","title":{"rendered":"New construction - only the best"},"content":{"rendered":"<div data-elementor-type=\"wp-page\" data-elementor-id=\"4148\" class=\"elementor elementor-4148\">\n\t\t\t\t\t\t<section class=\"elementor-section elementor-top-section elementor-element elementor-element-58772d2e elementor-section-content-middle elementor-reverse-mobile elementor-section-stretched elementor-section-boxed elementor-section-height-default elementor-section-height-default\" data-id=\"58772d2e\" data-element_type=\"section\" data-e-type=\"section\" data-settings=\"{&quot;stretch_section&quot;:&quot;section-stretched&quot;,&quot;background_background&quot;:&quot;classic&quot;}\">\n\t\t\t\t\t\t<div class=\"elementor-container elementor-column-gap-no\">\n\t\t\t\t\t<div class=\"elementor-column elementor-col-100 elementor-top-column elementor-element elementor-element-7067c719\" data-id=\"7067c719\" data-element_type=\"column\" data-e-type=\"column\">\n\t\t\t<div class=\"elementor-widget-wrap elementor-element-populated\">\n\t\t\t\t\t\t<section class=\"elementor-section elementor-inner-section elementor-element elementor-element-749d0ae8 elementor-section-boxed elementor-section-height-default elementor-section-height-default\" data-id=\"749d0ae8\" data-element_type=\"section\" data-e-type=\"section\">\n\t\t\t\t\t\t<div class=\"elementor-container elementor-column-gap-default\">\n\t\t\t\t\t<div class=\"elementor-column elementor-col-50 elementor-inner-column elementor-element elementor-element-144a8da2\" data-id=\"144a8da2\" data-element_type=\"column\" data-e-type=\"column\" data-settings=\"{&quot;background_background&quot;:&quot;classic&quot;}\">\n\t\t\t<div class=\"elementor-widget-wrap elementor-element-populated\">\n\t\t\t\t\t\t<div class=\"elementor-element elementor-element-54f100d3 elementor-widget elementor-widget-heading\" data-id=\"54f100d3\" data-element_type=\"widget\" data-e-type=\"widget\" data-widget_type=\"heading.default\">\n\t\t\t\t<div class=\"elementor-widget-container\">\n\t\t\t\t\t<h2 class=\"elementor-heading-title elementor-size-default\">New construction -<br> only the best<\/h2>\t\t\t\t<\/div>\n\t\t\t\t<\/div>\n\t\t\t\t\t<\/div>\n\t\t<\/div>\n\t\t\t\t<div class=\"elementor-column elementor-col-50 elementor-inner-column elementor-element elementor-element-22373ac6 elementor-hidden-mobile\" data-id=\"22373ac6\" data-element_type=\"column\" data-e-type=\"column\" data-settings=\"{&quot;background_background&quot;:&quot;classic&quot;}\">\n\t\t\t<div class=\"elementor-widget-wrap elementor-element-populated\">\n\t\t\t\t\t\t\t<\/div>\n\t\t<\/div>\n\t\t\t\t\t<\/div>\n\t\t<\/section>\n\t\t\t\t\t<\/div>\n\t\t<\/div>\n\t\t\t\t\t<\/div>\n\t\t<\/section>\n\t\t\t\t<section class=\"elementor-section elementor-top-section elementor-element elementor-element-8ac9555 elementor-section-boxed elementor-section-height-default elementor-section-height-default\" data-id=\"8ac9555\" data-element_type=\"section\" data-e-type=\"section\">\n\t\t\t\t\t\t<div class=\"elementor-container elementor-column-gap-default\">\n\t\t\t\t\t<div class=\"elementor-column elementor-col-100 elementor-top-column elementor-element elementor-element-ee05ce3\" data-id=\"ee05ce3\" data-element_type=\"column\" data-e-type=\"column\">\n\t\t\t<div class=\"elementor-widget-wrap elementor-element-populated\">\n\t\t\t\t\t\t<div class=\"elementor-element elementor-element-f026eb0 elementor-widget elementor-widget-text-editor\" data-id=\"f026eb0\" data-element_type=\"widget\" data-e-type=\"widget\" data-widget_type=\"text-editor.default\">\n\t\t\t\t<div class=\"elementor-widget-container\">\n\t\t\t\t\t\t\t\t\tEcological new construction combined with top equipment: underfloor heating, barrier-free access, floor-to-ceiling windows for apartments flooded with light, showers that are flush with the floor, real glass partitions, elegant bathroom fittings, parquet flooring, high ceilings, downlights, electric shutters or Venetian blinds, large balconies or terraces and many other highlights. Success in renting also has a lot to do with your property being better than 95% of the normal apartments on the market. Then you will have fun with it in the long run.<\/p><p>Come to our info seminars and just look at the details.\t\t\t\t\t\t\t\t<\/div>\n\t\t\t\t<\/div>\n\t\t\t\t<div class=\"elementor-element elementor-element-247d8e8 elementor-align-justify elementor-widget elementor-widget-button\" data-id=\"247d8e8\" data-element_type=\"widget\" data-e-type=\"widget\" data-widget_type=\"button.default\">\n\t\t\t\t<div class=\"elementor-widget-container\">\n\t\t\t\t\t\t\t\t\t<div class=\"elementor-button-wrapper\">\n\t\t\t\t\t<a class=\"elementor-button elementor-button-link elementor-size-md\" href=\"\/en\/online-meeting\/\">\n\t\t\t\t\t\t<span class=\"elementor-button-content-wrapper\">\n\t\t\t\t\t\t\t\t\t<span class=\"elementor-button-text\">ONLINE MEETING<\/span>\n\t\t\t\t\t<\/span>\n\t\t\t\t\t<\/a>\n\t\t\t\t<\/div>\n\t\t\t\t\t\t\t\t<\/div>\n\t\t\t\t<\/div>\n\t\t\t\t<div class=\"elementor-element elementor-element-e89b576 elementor-widget elementor-widget-spacer\" data-id=\"e89b576\" data-element_type=\"widget\" data-e-type=\"widget\" data-widget_type=\"spacer.default\">\n\t\t\t\t<div class=\"elementor-widget-container\">\n\t\t\t\t\t\t\t<div class=\"elementor-spacer\">\n\t\t\t<div class=\"elementor-spacer-inner\"><\/div>\n\t\t<\/div>\n\t\t\t\t\t\t<\/div>\n\t\t\t\t<\/div>\n\t\t\t\t\t<\/div>\n\t\t<\/div>\n\t\t\t\t\t<\/div>\n\t\t<\/section>\n\t\t\t\t<section class=\"elementor-section elementor-top-section elementor-element elementor-element-aa8a2f8 elementor-section-full_width elementor-section-stretched elementor-section-height-default elementor-section-height-default\" data-id=\"aa8a2f8\" data-element_type=\"section\" data-e-type=\"section\" data-settings=\"{&quot;stretch_section&quot;:&quot;section-stretched&quot;,&quot;background_background&quot;:&quot;classic&quot;}\">\n\t\t\t\t\t\t<div class=\"elementor-container elementor-column-gap-default\">\n\t\t\t\t\t<div class=\"elementor-column elementor-col-50 elementor-top-column elementor-element elementor-element-4568e3b\" data-id=\"4568e3b\" data-element_type=\"column\" data-e-type=\"column\">\n\t\t\t<div class=\"elementor-widget-wrap elementor-element-populated\">\n\t\t\t\t\t\t<div class=\"elementor-element elementor-element-ebb3b4f elementor-widget elementor-widget-image\" data-id=\"ebb3b4f\" data-element_type=\"widget\" data-e-type=\"widget\" data-widget_type=\"image.default\">\n\t\t\t\t<div class=\"elementor-widget-container\">\n\t\t\t\t\t\t\t\t\t\t\t\t\t\t\t<img decoding=\"async\" src=\"https:\/\/immobilien-einkommen.de\/wp-content\/uploads\/elementor\/thumbs\/Schillerhoefe-Bild-6-scaled-qrv3dge2pw187ueu12ew336saurkcy41ngtnvkyfa8.jpg\" title=\"Schillerh\u00f6fe picture (6)\" alt=\"Schillerh\u00f6fe picture (6)\" loading=\"lazy\" \/>\t\t\t\t\t\t\t\t\t\t\t\t\t\t\t<\/div>\n\t\t\t\t<\/div>\n\t\t\t\t<div class=\"elementor-element elementor-element-6a534a9 elementor-widget elementor-widget-image\" data-id=\"6a534a9\" data-element_type=\"widget\" data-e-type=\"widget\" data-widget_type=\"image.default\">\n\t\t\t\t<div class=\"elementor-widget-container\">\n\t\t\t\t\t\t\t\t\t\t\t\t\t\t\t<img decoding=\"async\" src=\"https:\/\/immobilien-einkommen.de\/wp-content\/uploads\/2024\/07\/Visualisierung-Hanau-1a_cmyk.tif\" title=\"Visualization Hanau 1a_cmyk\" alt=\"Visualization Hanau 1a_cmyk\" loading=\"lazy\" \/>\t\t\t\t\t\t\t\t\t\t\t\t\t\t\t<\/div>\n\t\t\t\t<\/div>\n\t\t\t\t<div class=\"elementor-element elementor-element-2464d4d elementor-widget elementor-widget-image\" data-id=\"2464d4d\" data-element_type=\"widget\" data-e-type=\"widget\" data-widget_type=\"image.default\">\n\t\t\t\t<div class=\"elementor-widget-container\">\n\t\t\t\t\t\t\t\t\t\t\t\t\t\t\t<img decoding=\"async\" src=\"https:\/\/immobilien-einkommen.de\/wp-content\/uploads\/elementor\/thumbs\/Moebilierte-Mikroapartements_2-qrv3k50rbh6ms0pazyfdtegsdhtj3gnbwjtyqf1n1c.png\" title=\"Furnished micro apartments_2\" alt=\"Furnished micro apartments_2\" loading=\"lazy\" \/>\t\t\t\t\t\t\t\t\t\t\t\t\t\t\t<\/div>\n\t\t\t\t<\/div>\n\t\t\t\t\t<\/div>\n\t\t<\/div>\n\t\t\t\t<div class=\"elementor-column elementor-col-50 elementor-top-column elementor-element elementor-element-a9228d4\" data-id=\"a9228d4\" data-element_type=\"column\" data-e-type=\"column\">\n\t\t\t<div class=\"elementor-widget-wrap elementor-element-populated\">\n\t\t\t\t\t\t<div class=\"elementor-element elementor-element-93c5bf8 elementor-widget elementor-widget-image\" data-id=\"93c5bf8\" data-element_type=\"widget\" data-e-type=\"widget\" data-widget_type=\"image.default\">\n\t\t\t\t<div class=\"elementor-widget-container\">\n\t\t\t\t\t\t\t\t\t\t\t\t\t\t\t<img decoding=\"async\" src=\"https:\/\/immobilien-einkommen.de\/wp-content\/uploads\/elementor\/thumbs\/Schillerhoefe-Bild-3-scaled-qrv3c4gb1c7lrqcgszox1xaa07bugdtqgvjwegxi3k.jpg\" title=\"Schillerh\u00f6fe picture (3)\" alt=\"Schillerh\u00f6fe picture (3)\" loading=\"lazy\" \/>\t\t\t\t\t\t\t\t\t\t\t\t\t\t\t<\/div>\n\t\t\t\t<\/div>\n\t\t\t\t<div class=\"elementor-element elementor-element-10c0eb0 elementor-widget elementor-widget-image\" data-id=\"10c0eb0\" data-element_type=\"widget\" data-e-type=\"widget\" data-widget_type=\"image.default\">\n\t\t\t\t<div class=\"elementor-widget-container\">\n\t\t\t\t\t\t\t\t\t\t\t\t\t\t\t<img decoding=\"async\" src=\"https:\/\/immobilien-einkommen.de\/wp-content\/uploads\/elementor\/thumbs\/Motiv_03052024-qrv3pymrnj5kp28tzz16rfkkuf4dryrh1db8r4euhs.png\" title=\"Motif_03052024\" alt=\"Motif_03052024\" loading=\"lazy\" \/>\t\t\t\t\t\t\t\t\t\t\t\t\t\t\t<\/div>\n\t\t\t\t<\/div>\n\t\t\t\t<div class=\"elementor-element elementor-element-3fff1dc elementor-widget elementor-widget-image\" data-id=\"3fff1dc\" data-element_type=\"widget\" data-e-type=\"widget\" data-widget_type=\"image.default\">\n\t\t\t\t<div class=\"elementor-widget-container\">\n\t\t\t\t\t\t\t\t\t\t\t\t\t\t\t<img decoding=\"async\" src=\"https:\/\/immobilien-einkommen.de\/wp-content\/uploads\/elementor\/thumbs\/DA-ORO-VP-Visualisierung-Dachterrasse-klein-qrv3ntk0348291csi1ps2z0s4toa8s9hertfefl4o0.jpg\" title=\"DA ORO - VP - Visualization roof terrace (small)\" alt=\"DA ORO - VP - Visualization roof terrace (small)\" loading=\"lazy\" \/>\t\t\t\t\t\t\t\t\t\t\t\t\t\t\t<\/div>\n\t\t\t\t<\/div>\n\t\t\t\t\t<\/div>\n\t\t<\/div>\n\t\t\t\t\t<\/div>\n\t\t<\/section>\n\t\t\t\t<section class=\"elementor-section elementor-top-section elementor-element elementor-element-d1a8ce2 elementor-section-full_width elementor-section-stretched elementor-section-height-default elementor-section-height-default\" data-id=\"d1a8ce2\" data-element_type=\"section\" data-e-type=\"section\" data-settings=\"{&quot;stretch_section&quot;:&quot;section-stretched&quot;,&quot;background_background&quot;:&quot;classic&quot;}\">\n\t\t\t\t\t\t<div class=\"elementor-container elementor-column-gap-default\">\n\t\t\t\t\t<div class=\"elementor-column elementor-col-50 elementor-top-column elementor-element elementor-element-d39eae7\" data-id=\"d39eae7\" data-element_type=\"column\" data-e-type=\"column\">\n\t\t\t<div class=\"elementor-widget-wrap elementor-element-populated\">\n\t\t\t\t\t\t<div class=\"elementor-element elementor-element-539381d elementor-align-justify elementor-mobile-align-justify elementor-widget elementor-widget-button\" data-id=\"539381d\" data-element_type=\"widget\" data-e-type=\"widget\" data-widget_type=\"button.default\">\n\t\t\t\t<div class=\"elementor-widget-container\">\n\t\t\t\t\t\t\t\t\t<div class=\"elementor-button-wrapper\">\n\t\t\t\t\t<a class=\"elementor-button elementor-button-link elementor-size-md\" href=\"\/en\/oekologischer-neubau\/\">\n\t\t\t\t\t\t<span class=\"elementor-button-content-wrapper\">\n\t\t\t\t\t\t\t\t\t<span class=\"elementor-button-text\">&lt;&lt;&lt; Ecological new build<\/span>\n\t\t\t\t\t<\/span>\n\t\t\t\t\t<\/a>\n\t\t\t\t<\/div>\n\t\t\t\t\t\t\t\t<\/div>\n\t\t\t\t<\/div>\n\t\t\t\t\t<\/div>\n\t\t<\/div>\n\t\t\t\t<div class=\"elementor-column elementor-col-50 elementor-top-column elementor-element elementor-element-abb9650\" data-id=\"abb9650\" data-element_type=\"column\" data-e-type=\"column\">\n\t\t\t<div class=\"elementor-widget-wrap elementor-element-populated\">\n\t\t\t\t\t\t<div class=\"elementor-element elementor-element-fbd51e4 elementor-align-justify elementor-mobile-align-justify elementor-widget elementor-widget-button\" data-id=\"fbd51e4\" data-element_type=\"widget\" data-e-type=\"widget\" data-widget_type=\"button.default\">\n\t\t\t\t<div class=\"elementor-widget-container\">\n\t\t\t\t\t\t\t\t\t<div class=\"elementor-button-wrapper\">\n\t\t\t\t\t<a class=\"elementor-button elementor-button-link elementor-size-md\" href=\"\/en\/denkmal-unikate\/\">\n\t\t\t\t\t\t<span class=\"elementor-button-content-wrapper\">\n\t\t\t\t\t\t\t\t\t<span class=\"elementor-button-text\">Unique monuments &gt;&gt;&gt;<\/span>\n\t\t\t\t\t<\/span>\n\t\t\t\t\t<\/a>\n\t\t\t\t<\/div>\n\t\t\t\t\t\t\t\t<\/div>\n\t\t\t\t<\/div>\n\t\t\t\t\t<\/div>\n\t\t<\/div>\n\t\t\t\t\t<\/div>\n\t\t<\/section>\n\t\t\t\t<\/div>","protected":false},"excerpt":{"rendered":"<p>Neubau \u2013 nur das Beste \u00d6kologischer Neubau kombiniert mit Top-Ausstattung: Fu\u00dfbodenheizung, Barrierefreiheit, bodentiefe Fenster f\u00fcr lichtdurchflutete Wohnungen, bodengleiche Duschen, Echtglasabtrennungen, edle Badausstattungen, Parkettb\u00f6den, hohe Decken, Downlights, elektrische Rolll\u00e4den oder Raffstores, [&hellip;]<\/p>\n","protected":false},"author":2,"featured_media":3221,"parent":0,"menu_order":0,"comment_status":"closed","ping_status":"closed","template":"","meta":{"footnotes":""},"class_list":["post-4148","page","type-page","status-publish","has-post-thumbnail","hentry","wpbf-post"],"yoast_head":"<!-- This site is optimized with the Yoast SEO plugin v27.1.1 - https:\/\/yoast.com\/product\/yoast-seo-wordpress\/ -->\n<title>Neubau \u2013 nur das Beste | Immobilien \u2714\ufe0f Passiv Gehalt \u2714\ufe0f Wertanlage \u2714\ufe0f<\/title>\n<meta name=\"description\" content=\"Neubau \u2013 nur das Beste \u2b50 Passiv Einkommen \u2b50 Immobilienkauf einer Kapitalanlage mit Gewinn \u2b50 Wertanlage mit Rendite \u2b50 Immobilienkauf \u2b50\" \/>\n<meta name=\"robots\" content=\"index, follow, max-snippet:-1, max-image-preview:large, max-video-preview:-1\" \/>\n<link rel=\"canonical\" href=\"https:\/\/immobilien-einkommen.de\/en\/neubau-nur-das-beste\/\" \/>\n<meta property=\"og:locale\" content=\"en_US\" \/>\n<meta property=\"og:type\" content=\"article\" \/>\n<meta property=\"og:title\" content=\"Neubau \u2013 nur das Beste | Immobilien \u2714\ufe0f Passiv Gehalt \u2714\ufe0f Wertanlage \u2714\ufe0f\" \/>\n<meta property=\"og:description\" content=\"Neubau \u2013 nur das Beste \u2b50 Passiv Einkommen \u2b50 Immobilienkauf einer Kapitalanlage mit Gewinn \u2b50 Wertanlage mit Rendite \u2b50 Immobilienkauf \u2b50\" \/>\n<meta property=\"og:url\" content=\"https:\/\/immobilien-einkommen.de\/en\/neubau-nur-das-beste\/\" \/>\n<meta property=\"og:site_name\" content=\"Immobilien Einkommen\" \/>\n<meta property=\"article:modified_time\" content=\"2024-07-30T08:28:07+00:00\" \/>\n<meta property=\"og:image\" content=\"https:\/\/immobilien-einkommen.de\/wp-content\/uploads\/2021\/08\/Dresden2-1024x541.png\" \/>\n\t<meta property=\"og:image:width\" content=\"1024\" \/>\n\t<meta property=\"og:image:height\" content=\"541\" \/>\n\t<meta property=\"og:image:type\" content=\"image\/png\" \/>\n<meta name=\"twitter:card\" content=\"summary_large_image\" \/>\n<meta name=\"twitter:label1\" content=\"Est. reading time\" \/>\n\t<meta name=\"twitter:data1\" content=\"2 minutes\" \/>\n<script type=\"application\/ld+json\" class=\"yoast-schema-graph\">{\"@context\":\"https:\/\/schema.org\",\"@graph\":[{\"@type\":\"WebPage\",\"@id\":\"https:\/\/immobilien-einkommen.de\/neubau-nur-das-beste\",\"url\":\"https:\/\/immobilien-einkommen.de\/neubau-nur-das-beste\",\"name\":\"Neubau \u2013 nur das Beste | Immobilien \u2714\ufe0f Passiv Gehalt \u2714\ufe0f Wertanlage \u2714\ufe0f\",\"isPartOf\":{\"@id\":\"https:\/\/immobilien-einkommen.de\/#website\"},\"primaryImageOfPage\":{\"@id\":\"https:\/\/immobilien-einkommen.de\/neubau-nur-das-beste#primaryimage\"},\"image\":{\"@id\":\"https:\/\/immobilien-einkommen.de\/neubau-nur-das-beste#primaryimage\"},\"thumbnailUrl\":\"https:\/\/immobilien-einkommen.de\/wp-content\/uploads\/2021\/08\/Dresden2.png\",\"datePublished\":\"2021-09-29T08:22:26+00:00\",\"dateModified\":\"2024-07-30T08:28:07+00:00\",\"description\":\"Neubau \u2013 nur das Beste \u2b50 Passiv Einkommen \u2b50 Immobilienkauf einer Kapitalanlage mit Gewinn \u2b50 Wertanlage mit Rendite \u2b50 Immobilienkauf \u2b50\",\"breadcrumb\":{\"@id\":\"https:\/\/immobilien-einkommen.de\/neubau-nur-das-beste#breadcrumb\"},\"inLanguage\":\"en-US\",\"potentialAction\":[{\"@type\":\"ReadAction\",\"target\":[\"https:\/\/immobilien-einkommen.de\/neubau-nur-das-beste\"]}]},{\"@type\":\"ImageObject\",\"inLanguage\":\"en-US\",\"@id\":\"https:\/\/immobilien-einkommen.de\/neubau-nur-das-beste#primaryimage\",\"url\":\"https:\/\/immobilien-einkommen.de\/wp-content\/uploads\/2021\/08\/Dresden2.png\",\"contentUrl\":\"https:\/\/immobilien-einkommen.de\/wp-content\/uploads\/2021\/08\/Dresden2.png\",\"width\":1748,\"height\":924},{\"@type\":\"BreadcrumbList\",\"@id\":\"https:\/\/immobilien-einkommen.de\/neubau-nur-das-beste#breadcrumb\",\"itemListElement\":[{\"@type\":\"ListItem\",\"position\":1,\"name\":\"Startseite\",\"item\":\"https:\/\/immobilien-einkommen.de\/\"},{\"@type\":\"ListItem\",\"position\":2,\"name\":\"Neubau \u2013 nur das Beste\"}]},{\"@type\":\"WebSite\",\"@id\":\"https:\/\/immobilien-einkommen.de\/#website\",\"url\":\"https:\/\/immobilien-einkommen.de\/\",\"name\":\"Immobilien Einkommen\",\"description\":\"\",\"publisher\":{\"@id\":\"https:\/\/immobilien-einkommen.de\/#\/schema\/person\/d56a4fdec187ddb642d134edb3f6d320\"},\"potentialAction\":[{\"@type\":\"SearchAction\",\"target\":{\"@type\":\"EntryPoint\",\"urlTemplate\":\"https:\/\/immobilien-einkommen.de\/?s={search_term_string}\"},\"query-input\":{\"@type\":\"PropertyValueSpecification\",\"valueRequired\":true,\"valueName\":\"search_term_string\"}}],\"inLanguage\":\"en-US\"},{\"@type\":[\"Person\",\"Organization\"],\"@id\":\"https:\/\/immobilien-einkommen.de\/#\/schema\/person\/d56a4fdec187ddb642d134edb3f6d320\",\"name\":\"Martin Kramer\",\"image\":{\"@type\":\"ImageObject\",\"inLanguage\":\"en-US\",\"@id\":\"https:\/\/immobilien-einkommen.de\/#\/schema\/person\/image\/\",\"url\":\"https:\/\/immobilien-einkommen.de\/wp-content\/uploads\/2024\/01\/cropped-cropped-Logo3.png\",\"contentUrl\":\"https:\/\/immobilien-einkommen.de\/wp-content\/uploads\/2024\/01\/cropped-cropped-Logo3.png\",\"width\":531,\"height\":290,\"caption\":\"Martin Kramer\"},\"logo\":{\"@id\":\"https:\/\/immobilien-einkommen.de\/#\/schema\/person\/image\/\"},\"sameAs\":[\"http:\/\/immobilien-einkommen.de\"]}]}<\/script>\n<!-- \/ Yoast SEO plugin. -->","yoast_head_json":{"title":"New construction - only the best | Real estate \u2714\ufe0f Passive salary \u2714\ufe0f Value investment \u2714\ufe0f","description":"New construction - only the best \u2b50 Passive income \u2b50 Real estate purchase of a capital investment with profit \u2b50 Value investment with return \u2b50 Real estate purchase \u2b50","robots":{"index":"index","follow":"follow","max-snippet":"max-snippet:-1","max-image-preview":"max-image-preview:large","max-video-preview":"max-video-preview:-1"},"canonical":"https:\/\/immobilien-einkommen.de\/en\/neubau-nur-das-beste\/","og_locale":"en_US","og_type":"article","og_title":"Neubau \u2013 nur das Beste | Immobilien \u2714\ufe0f Passiv Gehalt \u2714\ufe0f Wertanlage \u2714\ufe0f","og_description":"Neubau \u2013 nur das Beste \u2b50 Passiv Einkommen \u2b50 Immobilienkauf einer Kapitalanlage mit Gewinn \u2b50 Wertanlage mit Rendite \u2b50 Immobilienkauf \u2b50","og_url":"https:\/\/immobilien-einkommen.de\/en\/neubau-nur-das-beste\/","og_site_name":"Immobilien Einkommen","article_modified_time":"2024-07-30T08:28:07+00:00","og_image":[{"width":1024,"height":541,"url":"https:\/\/immobilien-einkommen.de\/wp-content\/uploads\/2021\/08\/Dresden2-1024x541.png","type":"image\/png"}],"twitter_card":"summary_large_image","twitter_misc":{"Est. reading time":"2 minutes"},"schema":{"@context":"https:\/\/schema.org","@graph":[{"@type":"WebPage","@id":"https:\/\/immobilien-einkommen.de\/neubau-nur-das-beste","url":"https:\/\/immobilien-einkommen.de\/neubau-nur-das-beste","name":"New construction - only the best | Real estate \u2714\ufe0f Passive salary \u2714\ufe0f Value investment \u2714\ufe0f","isPartOf":{"@id":"https:\/\/immobilien-einkommen.de\/#website"},"primaryImageOfPage":{"@id":"https:\/\/immobilien-einkommen.de\/neubau-nur-das-beste#primaryimage"},"image":{"@id":"https:\/\/immobilien-einkommen.de\/neubau-nur-das-beste#primaryimage"},"thumbnailUrl":"https:\/\/immobilien-einkommen.de\/wp-content\/uploads\/2021\/08\/Dresden2.png","datePublished":"2021-09-29T08:22:26+00:00","dateModified":"2024-07-30T08:28:07+00:00","description":"New construction - only the best \u2b50 Passive income \u2b50 Real estate purchase of a capital investment with profit \u2b50 Value investment with return \u2b50 Real estate purchase \u2b50","breadcrumb":{"@id":"https:\/\/immobilien-einkommen.de\/neubau-nur-das-beste#breadcrumb"},"inLanguage":"en-US","potentialAction":[{"@type":"ReadAction","target":["https:\/\/immobilien-einkommen.de\/neubau-nur-das-beste"]}]},{"@type":"ImageObject","inLanguage":"en-US","@id":"https:\/\/immobilien-einkommen.de\/neubau-nur-das-beste#primaryimage","url":"https:\/\/immobilien-einkommen.de\/wp-content\/uploads\/2021\/08\/Dresden2.png","contentUrl":"https:\/\/immobilien-einkommen.de\/wp-content\/uploads\/2021\/08\/Dresden2.png","width":1748,"height":924},{"@type":"BreadcrumbList","@id":"https:\/\/immobilien-einkommen.de\/neubau-nur-das-beste#breadcrumb","itemListElement":[{"@type":"ListItem","position":1,"name":"Startseite","item":"https:\/\/immobilien-einkommen.de\/"},{"@type":"ListItem","position":2,"name":"Neubau \u2013 nur das Beste"}]},{"@type":"WebSite","@id":"https:\/\/immobilien-einkommen.de\/#website","url":"https:\/\/immobilien-einkommen.de\/","name":"Real estate income","description":"","publisher":{"@id":"https:\/\/immobilien-einkommen.de\/#\/schema\/person\/d56a4fdec187ddb642d134edb3f6d320"},"potentialAction":[{"@type":"SearchAction","target":{"@type":"EntryPoint","urlTemplate":"https:\/\/immobilien-einkommen.de\/?s={search_term_string}"},"query-input":{"@type":"PropertyValueSpecification","valueRequired":true,"valueName":"search_term_string"}}],"inLanguage":"en-US"},{"@type":["Person","Organization"],"@id":"https:\/\/immobilien-einkommen.de\/#\/schema\/person\/d56a4fdec187ddb642d134edb3f6d320","name":"Martin Kramer","image":{"@type":"ImageObject","inLanguage":"en-US","@id":"https:\/\/immobilien-einkommen.de\/#\/schema\/person\/image\/","url":"https:\/\/immobilien-einkommen.de\/wp-content\/uploads\/2024\/01\/cropped-cropped-Logo3.png","contentUrl":"https:\/\/immobilien-einkommen.de\/wp-content\/uploads\/2024\/01\/cropped-cropped-Logo3.png","width":531,"height":290,"caption":"Martin Kramer"},"logo":{"@id":"https:\/\/immobilien-einkommen.de\/#\/schema\/person\/image\/"},"sameAs":["http:\/\/immobilien-einkommen.de"]}]}},"_links":{"self":[{"href":"https:\/\/immobilien-einkommen.de\/en\/wp-json\/wp\/v2\/pages\/4148","targetHints":{"allow":["GET"]}}],"collection":[{"href":"https:\/\/immobilien-einkommen.de\/en\/wp-json\/wp\/v2\/pages"}],"about":[{"href":"https:\/\/immobilien-einkommen.de\/en\/wp-json\/wp\/v2\/types\/page"}],"author":[{"embeddable":true,"href":"https:\/\/immobilien-einkommen.de\/en\/wp-json\/wp\/v2\/users\/2"}],"replies":[{"embeddable":true,"href":"https:\/\/immobilien-einkommen.de\/en\/wp-json\/wp\/v2\/comments?post=4148"}],"version-history":[{"count":43,"href":"https:\/\/immobilien-einkommen.de\/en\/wp-json\/wp\/v2\/pages\/4148\/revisions"}],"predecessor-version":[{"id":15820,"href":"https:\/\/immobilien-einkommen.de\/en\/wp-json\/wp\/v2\/pages\/4148\/revisions\/15820"}],"wp:featuredmedia":[{"embeddable":true,"href":"https:\/\/immobilien-einkommen.de\/en\/wp-json\/wp\/v2\/media\/3221"}],"wp:attachment":[{"href":"https:\/\/immobilien-einkommen.de\/en\/wp-json\/wp\/v2\/media?parent=4148"}],"curies":[{"name":"wp","href":"https:\/\/api.w.org\/{rel}","templated":true}]}}