{"id":4127,"date":"2021-09-29T10:01:42","date_gmt":"2021-09-29T08:01:42","guid":{"rendered":"https:\/\/immobilien-einkommen.de\/?page_id=4127"},"modified":"2023-02-09T20:33:23","modified_gmt":"2023-02-09T18:33:23","slug":"oekologischer-neubau","status":"publish","type":"page","link":"https:\/\/immobilien-einkommen.de\/en\/oekologischer-neubau","title":{"rendered":"Ecological new construction"},"content":{"rendered":"<div data-elementor-type=\"wp-page\" data-elementor-id=\"4127\" class=\"elementor elementor-4127\">\n\t\t\t\t\t\t<section class=\"elementor-section elementor-top-section elementor-element elementor-element-3f7821b3 elementor-section-content-middle elementor-reverse-mobile elementor-section-stretched elementor-section-boxed elementor-section-height-default elementor-section-height-default\" data-id=\"3f7821b3\" data-element_type=\"section\" data-e-type=\"section\" data-settings=\"{&quot;stretch_section&quot;:&quot;section-stretched&quot;,&quot;background_background&quot;:&quot;classic&quot;}\">\n\t\t\t\t\t\t<div class=\"elementor-container elementor-column-gap-no\">\n\t\t\t\t\t<div class=\"elementor-column elementor-col-100 elementor-top-column elementor-element elementor-element-179e3a41\" data-id=\"179e3a41\" data-element_type=\"column\" data-e-type=\"column\">\n\t\t\t<div class=\"elementor-widget-wrap elementor-element-populated\">\n\t\t\t\t\t\t<section class=\"elementor-section elementor-inner-section elementor-element elementor-element-334127b4 elementor-section-boxed elementor-section-height-default elementor-section-height-default\" data-id=\"334127b4\" data-element_type=\"section\" data-e-type=\"section\">\n\t\t\t\t\t\t<div class=\"elementor-container elementor-column-gap-default\">\n\t\t\t\t\t<div class=\"elementor-column elementor-col-50 elementor-inner-column elementor-element elementor-element-778dd650\" data-id=\"778dd650\" data-element_type=\"column\" data-e-type=\"column\" data-settings=\"{&quot;background_background&quot;:&quot;classic&quot;}\">\n\t\t\t<div class=\"elementor-widget-wrap elementor-element-populated\">\n\t\t\t\t\t\t<div class=\"elementor-element elementor-element-55c06a09 elementor-widget elementor-widget-heading\" data-id=\"55c06a09\" data-element_type=\"widget\" data-e-type=\"widget\" data-widget_type=\"heading.default\">\n\t\t\t\t<div class=\"elementor-widget-container\">\n\t\t\t\t\t<h2 class=\"elementor-heading-title elementor-size-default\">Ecological new construction<\/h2>\t\t\t\t<\/div>\n\t\t\t\t<\/div>\n\t\t\t\t\t<\/div>\n\t\t<\/div>\n\t\t\t\t<div class=\"elementor-column elementor-col-50 elementor-inner-column elementor-element elementor-element-4ee0cb0a elementor-hidden-mobile\" data-id=\"4ee0cb0a\" data-element_type=\"column\" data-e-type=\"column\" data-settings=\"{&quot;background_background&quot;:&quot;classic&quot;}\">\n\t\t\t<div class=\"elementor-widget-wrap elementor-element-populated\">\n\t\t\t\t\t\t\t<\/div>\n\t\t<\/div>\n\t\t\t\t\t<\/div>\n\t\t<\/section>\n\t\t\t\t\t<\/div>\n\t\t<\/div>\n\t\t\t\t\t<\/div>\n\t\t<\/section>\n\t\t\t\t<section class=\"elementor-section elementor-top-section elementor-element elementor-element-8ac9555 elementor-section-boxed elementor-section-height-default elementor-section-height-default\" data-id=\"8ac9555\" data-element_type=\"section\" data-e-type=\"section\">\n\t\t\t\t\t\t<div class=\"elementor-container elementor-column-gap-default\">\n\t\t\t\t\t<div class=\"elementor-column elementor-col-100 elementor-top-column elementor-element elementor-element-ee05ce3\" data-id=\"ee05ce3\" data-element_type=\"column\" data-e-type=\"column\">\n\t\t\t<div class=\"elementor-widget-wrap elementor-element-populated\">\n\t\t\t\t\t\t<div class=\"elementor-element elementor-element-f026eb0 elementor-widget elementor-widget-text-editor\" data-id=\"f026eb0\" data-element_type=\"widget\" data-e-type=\"widget\" data-widget_type=\"text-editor.default\">\n\t\t\t\t<div class=\"elementor-widget-container\">\n\t\t\t\t\t\t\t\t\tThere are many mediocre properties. But really good properties are rare. The best properties have the highest demand from tenants, attract the best tenants and therefore bring the most secure rental income. In a few years, no tenant will rent a property or later buy your property back from you at a great profit without asking about the \"ecological footprint\" of the property.<\/p><p>Talk to us about ecological top objects, so that you have an important advantage in the long run. Come to our info seminars and just look at the details.\t\t\t\t\t\t\t\t<\/div>\n\t\t\t\t<\/div>\n\t\t\t\t<div class=\"elementor-element elementor-element-247d8e8 elementor-align-justify elementor-widget elementor-widget-button\" data-id=\"247d8e8\" data-element_type=\"widget\" data-e-type=\"widget\" data-widget_type=\"button.default\">\n\t\t\t\t<div class=\"elementor-widget-container\">\n\t\t\t\t\t\t\t\t\t<div class=\"elementor-button-wrapper\">\n\t\t\t\t\t<a class=\"elementor-button elementor-button-link elementor-size-md\" href=\"\/en\/online-meeting\/\">\n\t\t\t\t\t\t<span class=\"elementor-button-content-wrapper\">\n\t\t\t\t\t\t\t\t\t<span class=\"elementor-button-text\">ONLINE MEETING<\/span>\n\t\t\t\t\t<\/span>\n\t\t\t\t\t<\/a>\n\t\t\t\t<\/div>\n\t\t\t\t\t\t\t\t<\/div>\n\t\t\t\t<\/div>\n\t\t\t\t<div class=\"elementor-element elementor-element-e89b576 elementor-widget elementor-widget-spacer\" data-id=\"e89b576\" data-element_type=\"widget\" data-e-type=\"widget\" data-widget_type=\"spacer.default\">\n\t\t\t\t<div class=\"elementor-widget-container\">\n\t\t\t\t\t\t\t<div class=\"elementor-spacer\">\n\t\t\t<div class=\"elementor-spacer-inner\"><\/div>\n\t\t<\/div>\n\t\t\t\t\t\t<\/div>\n\t\t\t\t<\/div>\n\t\t\t\t\t<\/div>\n\t\t<\/div>\n\t\t\t\t\t<\/div>\n\t\t<\/section>\n\t\t\t\t<section class=\"elementor-section elementor-top-section elementor-element elementor-element-aa8a2f8 elementor-section-full_width elementor-section-stretched elementor-section-height-default elementor-section-height-default\" data-id=\"aa8a2f8\" data-element_type=\"section\" data-e-type=\"section\" data-settings=\"{&quot;stretch_section&quot;:&quot;section-stretched&quot;}\">\n\t\t\t\t\t\t<div class=\"elementor-container elementor-column-gap-default\">\n\t\t\t\t\t<div class=\"elementor-column elementor-col-50 elementor-top-column elementor-element elementor-element-4568e3b\" data-id=\"4568e3b\" data-element_type=\"column\" data-e-type=\"column\">\n\t\t\t<div class=\"elementor-widget-wrap elementor-element-populated\">\n\t\t\t\t\t\t<div class=\"elementor-element elementor-element-ebb3b4f elementor-widget elementor-widget-image\" data-id=\"ebb3b4f\" data-element_type=\"widget\" data-e-type=\"widget\" data-widget_type=\"image.default\">\n\t\t\t\t<div class=\"elementor-widget-container\">\n\t\t\t\t\t\t\t\t\t\t\t\t\t\t\t<img decoding=\"async\" src=\"https:\/\/immobilien-einkommen.de\/wp-content\/uploads\/elementor\/thumbs\/Oeko-qce2levh7hard2i18svnd1scx06pr2zgy04ey5celc.jpg\" title=\"Ecological new construction | Real estate purchase\" alt=\"Ecological new construction | Real estate purchase\" loading=\"lazy\" \/>\t\t\t\t\t\t\t\t\t\t\t\t\t\t\t<\/div>\n\t\t\t\t<\/div>\n\t\t\t\t\t<\/div>\n\t\t<\/div>\n\t\t\t\t<div class=\"elementor-column elementor-col-50 elementor-top-column elementor-element elementor-element-a9228d4\" data-id=\"a9228d4\" data-element_type=\"column\" data-e-type=\"column\">\n\t\t\t<div class=\"elementor-widget-wrap elementor-element-populated\">\n\t\t\t\t\t\t<div class=\"elementor-element elementor-element-93c5bf8 elementor-widget elementor-widget-image\" data-id=\"93c5bf8\" data-element_type=\"widget\" data-e-type=\"widget\" data-widget_type=\"image.default\">\n\t\t\t\t<div class=\"elementor-widget-container\">\n\t\t\t\t\t\t\t\t\t\t\t\t\t\t\t<img decoding=\"async\" src=\"https:\/\/immobilien-einkommen.de\/wp-content\/uploads\/elementor\/thumbs\/architect-3979490_960_720-qce2levh7hard2i18svnd1scx06pr2zgy04ey5celc.jpg\" title=\"Ecological new construction | Real estate purchase\" alt=\"Ecological new construction | Real estate purchase\" loading=\"lazy\" \/>\t\t\t\t\t\t\t\t\t\t\t\t\t\t\t<\/div>\n\t\t\t\t<\/div>\n\t\t\t\t\t<\/div>\n\t\t<\/div>\n\t\t\t\t\t<\/div>\n\t\t<\/section>\n\t\t\t\t<section class=\"elementor-section elementor-top-section elementor-element elementor-element-1c0aef3 elementor-section-full_width elementor-section-stretched elementor-section-height-default elementor-section-height-default\" data-id=\"1c0aef3\" data-element_type=\"section\" data-e-type=\"section\" data-settings=\"{&quot;stretch_section&quot;:&quot;section-stretched&quot;}\">\n\t\t\t\t\t\t<div class=\"elementor-container elementor-column-gap-default\">\n\t\t\t\t\t<div class=\"elementor-column elementor-col-50 elementor-top-column elementor-element elementor-element-c808a3e\" data-id=\"c808a3e\" data-element_type=\"column\" data-e-type=\"column\">\n\t\t\t<div class=\"elementor-widget-wrap elementor-element-populated\">\n\t\t\t\t\t\t<div class=\"elementor-element elementor-element-9c774d2 elementor-align-justify elementor-mobile-align-justify elementor-widget elementor-widget-button\" data-id=\"9c774d2\" data-element_type=\"widget\" data-e-type=\"widget\" data-widget_type=\"button.default\">\n\t\t\t\t<div class=\"elementor-widget-container\">\n\t\t\t\t\t\t\t\t\t<div class=\"elementor-button-wrapper\">\n\t\t\t\t\t<a class=\"elementor-button elementor-button-link elementor-size-md\" href=\"\/en\/lage-lage-lage\/\">\n\t\t\t\t\t\t<span class=\"elementor-button-content-wrapper\">\n\t\t\t\t\t\t\t\t\t<span class=\"elementor-button-text\">&lt;&lt;&lt; Location, location, location<\/span>\n\t\t\t\t\t<\/span>\n\t\t\t\t\t<\/a>\n\t\t\t\t<\/div>\n\t\t\t\t\t\t\t\t<\/div>\n\t\t\t\t<\/div>\n\t\t\t\t\t<\/div>\n\t\t<\/div>\n\t\t\t\t<div class=\"elementor-column elementor-col-50 elementor-top-column elementor-element elementor-element-05aeaa0\" data-id=\"05aeaa0\" data-element_type=\"column\" data-e-type=\"column\">\n\t\t\t<div class=\"elementor-widget-wrap elementor-element-populated\">\n\t\t\t\t\t\t<div class=\"elementor-element elementor-element-ffbbbd0 elementor-align-justify elementor-mobile-align-justify elementor-widget elementor-widget-button\" data-id=\"ffbbbd0\" data-element_type=\"widget\" data-e-type=\"widget\" data-widget_type=\"button.default\">\n\t\t\t\t<div class=\"elementor-widget-container\">\n\t\t\t\t\t\t\t\t\t<div class=\"elementor-button-wrapper\">\n\t\t\t\t\t<a class=\"elementor-button elementor-button-link elementor-size-md\" href=\"\/en\/neubau-nur-das-beste\/\">\n\t\t\t\t\t\t<span class=\"elementor-button-content-wrapper\">\n\t\t\t\t\t\t\t\t\t<span class=\"elementor-button-text\">New building - only the best &gt;&gt;&gt;<\/span>\n\t\t\t\t\t<\/span>\n\t\t\t\t\t<\/a>\n\t\t\t\t<\/div>\n\t\t\t\t\t\t\t\t<\/div>\n\t\t\t\t<\/div>\n\t\t\t\t\t<\/div>\n\t\t<\/div>\n\t\t\t\t\t<\/div>\n\t\t<\/section>\n\t\t\t\t<\/div>","protected":false},"excerpt":{"rendered":"<p>\u00d6kologischer Neubau Mittelm\u00e4\u00dfige Immobilien gibt es viele. Richtig gute Objekt sind aber selten. Die besten Objekte haben die gr\u00f6\u00dfte Nachfrage bei Mietern, sprechen die besonders guten Mieter an und bringen [&hellip;]<\/p>\n","protected":false},"author":2,"featured_media":4037,"parent":0,"menu_order":0,"comment_status":"closed","ping_status":"closed","template":"","meta":{"footnotes":""},"class_list":["post-4127","page","type-page","status-publish","has-post-thumbnail","hentry","wpbf-post"],"yoast_head":"<!-- This site is optimized with the Yoast SEO plugin v27.1.1 - https:\/\/yoast.com\/product\/yoast-seo-wordpress\/ -->\n<title>\u00d6kologischer Neubau | Immobilien \u2714\ufe0f Passiv Gehalt \u2714\ufe0f Wertanlage \u2714\ufe0f<\/title>\n<meta name=\"description\" content=\"\u00d6kologischer Neubau \u2b50 Passiv Einkommen \u2b50 Immobilienkauf einer Kapitalanlage mit Gewinn \u2b50 Wertanlage mit Rendite \u2b50 Immobilienkauf \u2b50\" \/>\n<meta name=\"robots\" content=\"index, follow, max-snippet:-1, max-image-preview:large, max-video-preview:-1\" \/>\n<link rel=\"canonical\" href=\"https:\/\/immobilien-einkommen.de\/en\/oekologischer-neubau\/\" \/>\n<meta property=\"og:locale\" content=\"en_US\" \/>\n<meta property=\"og:type\" content=\"article\" \/>\n<meta property=\"og:title\" content=\"\u00d6kologischer Neubau | Immobilien \u2714\ufe0f Passiv Gehalt \u2714\ufe0f Wertanlage \u2714\ufe0f\" \/>\n<meta property=\"og:description\" content=\"\u00d6kologischer Neubau \u2b50 Passiv Einkommen \u2b50 Immobilienkauf einer Kapitalanlage mit Gewinn \u2b50 Wertanlage mit Rendite \u2b50 Immobilienkauf \u2b50\" \/>\n<meta property=\"og:url\" content=\"https:\/\/immobilien-einkommen.de\/en\/oekologischer-neubau\/\" \/>\n<meta property=\"og:site_name\" content=\"Immobilien Einkommen\" \/>\n<meta property=\"article:modified_time\" content=\"2023-02-09T18:33:23+00:00\" \/>\n<meta property=\"og:image\" content=\"https:\/\/immobilien-einkommen.de\/wp-content\/uploads\/2021\/09\/architect-3979490_960_720.jpg\" \/>\n\t<meta property=\"og:image:width\" content=\"960\" \/>\n\t<meta property=\"og:image:height\" content=\"578\" \/>\n\t<meta property=\"og:image:type\" content=\"image\/jpeg\" \/>\n<meta name=\"twitter:card\" content=\"summary_large_image\" \/>\n<meta name=\"twitter:label1\" content=\"Est. reading time\" \/>\n\t<meta name=\"twitter:data1\" content=\"1 minute\" \/>\n<script type=\"application\/ld+json\" class=\"yoast-schema-graph\">{\"@context\":\"https:\/\/schema.org\",\"@graph\":[{\"@type\":\"WebPage\",\"@id\":\"https:\/\/immobilien-einkommen.de\/oekologischer-neubau\",\"url\":\"https:\/\/immobilien-einkommen.de\/oekologischer-neubau\",\"name\":\"\u00d6kologischer Neubau | Immobilien \u2714\ufe0f Passiv Gehalt \u2714\ufe0f Wertanlage \u2714\ufe0f\",\"isPartOf\":{\"@id\":\"https:\/\/immobilien-einkommen.de\/#website\"},\"primaryImageOfPage\":{\"@id\":\"https:\/\/immobilien-einkommen.de\/oekologischer-neubau#primaryimage\"},\"image\":{\"@id\":\"https:\/\/immobilien-einkommen.de\/oekologischer-neubau#primaryimage\"},\"thumbnailUrl\":\"https:\/\/immobilien-einkommen.de\/wp-content\/uploads\/2021\/09\/architect-3979490_960_720.jpg\",\"datePublished\":\"2021-09-29T08:01:42+00:00\",\"dateModified\":\"2023-02-09T18:33:23+00:00\",\"description\":\"\u00d6kologischer Neubau \u2b50 Passiv Einkommen \u2b50 Immobilienkauf einer Kapitalanlage mit Gewinn \u2b50 Wertanlage mit Rendite \u2b50 Immobilienkauf \u2b50\",\"breadcrumb\":{\"@id\":\"https:\/\/immobilien-einkommen.de\/oekologischer-neubau#breadcrumb\"},\"inLanguage\":\"en-US\",\"potentialAction\":[{\"@type\":\"ReadAction\",\"target\":[\"https:\/\/immobilien-einkommen.de\/oekologischer-neubau\"]}]},{\"@type\":\"ImageObject\",\"inLanguage\":\"en-US\",\"@id\":\"https:\/\/immobilien-einkommen.de\/oekologischer-neubau#primaryimage\",\"url\":\"https:\/\/immobilien-einkommen.de\/wp-content\/uploads\/2021\/09\/architect-3979490_960_720.jpg\",\"contentUrl\":\"https:\/\/immobilien-einkommen.de\/wp-content\/uploads\/2021\/09\/architect-3979490_960_720.jpg\",\"width\":960,\"height\":578},{\"@type\":\"BreadcrumbList\",\"@id\":\"https:\/\/immobilien-einkommen.de\/oekologischer-neubau#breadcrumb\",\"itemListElement\":[{\"@type\":\"ListItem\",\"position\":1,\"name\":\"Startseite\",\"item\":\"https:\/\/immobilien-einkommen.de\/\"},{\"@type\":\"ListItem\",\"position\":2,\"name\":\"\u00d6kologischer Neubau\"}]},{\"@type\":\"WebSite\",\"@id\":\"https:\/\/immobilien-einkommen.de\/#website\",\"url\":\"https:\/\/immobilien-einkommen.de\/\",\"name\":\"Immobilien Einkommen\",\"description\":\"\",\"publisher\":{\"@id\":\"https:\/\/immobilien-einkommen.de\/#\/schema\/person\/d56a4fdec187ddb642d134edb3f6d320\"},\"potentialAction\":[{\"@type\":\"SearchAction\",\"target\":{\"@type\":\"EntryPoint\",\"urlTemplate\":\"https:\/\/immobilien-einkommen.de\/?s={search_term_string}\"},\"query-input\":{\"@type\":\"PropertyValueSpecification\",\"valueRequired\":true,\"valueName\":\"search_term_string\"}}],\"inLanguage\":\"en-US\"},{\"@type\":[\"Person\",\"Organization\"],\"@id\":\"https:\/\/immobilien-einkommen.de\/#\/schema\/person\/d56a4fdec187ddb642d134edb3f6d320\",\"name\":\"Martin Kramer\",\"image\":{\"@type\":\"ImageObject\",\"inLanguage\":\"en-US\",\"@id\":\"https:\/\/immobilien-einkommen.de\/#\/schema\/person\/image\/\",\"url\":\"https:\/\/immobilien-einkommen.de\/wp-content\/uploads\/2024\/01\/cropped-cropped-Logo3.png\",\"contentUrl\":\"https:\/\/immobilien-einkommen.de\/wp-content\/uploads\/2024\/01\/cropped-cropped-Logo3.png\",\"width\":531,\"height\":290,\"caption\":\"Martin Kramer\"},\"logo\":{\"@id\":\"https:\/\/immobilien-einkommen.de\/#\/schema\/person\/image\/\"},\"sameAs\":[\"http:\/\/immobilien-einkommen.de\"]}]}<\/script>\n<!-- \/ Yoast SEO plugin. -->","yoast_head_json":{"title":"Ecological New Construction | Real Estate \u2714\ufe0f Passive Salary \u2714\ufe0f Value Investment \u2714\ufe0f","description":"Ecological new construction \u2b50 Passive income \u2b50 Real estate purchase of a capital investment with profit \u2b50 Value investment with yield \u2b50 Real estate purchase \u2b50","robots":{"index":"index","follow":"follow","max-snippet":"max-snippet:-1","max-image-preview":"max-image-preview:large","max-video-preview":"max-video-preview:-1"},"canonical":"https:\/\/immobilien-einkommen.de\/en\/oekologischer-neubau\/","og_locale":"en_US","og_type":"article","og_title":"\u00d6kologischer Neubau | Immobilien \u2714\ufe0f Passiv Gehalt \u2714\ufe0f Wertanlage \u2714\ufe0f","og_description":"\u00d6kologischer Neubau \u2b50 Passiv Einkommen \u2b50 Immobilienkauf einer Kapitalanlage mit Gewinn \u2b50 Wertanlage mit Rendite \u2b50 Immobilienkauf \u2b50","og_url":"https:\/\/immobilien-einkommen.de\/en\/oekologischer-neubau\/","og_site_name":"Immobilien Einkommen","article_modified_time":"2023-02-09T18:33:23+00:00","og_image":[{"width":960,"height":578,"url":"https:\/\/immobilien-einkommen.de\/wp-content\/uploads\/2021\/09\/architect-3979490_960_720.jpg","type":"image\/jpeg"}],"twitter_card":"summary_large_image","twitter_misc":{"Est. reading time":"1 minute"},"schema":{"@context":"https:\/\/schema.org","@graph":[{"@type":"WebPage","@id":"https:\/\/immobilien-einkommen.de\/oekologischer-neubau","url":"https:\/\/immobilien-einkommen.de\/oekologischer-neubau","name":"Ecological New Construction | Real Estate \u2714\ufe0f Passive Salary \u2714\ufe0f Value Investment \u2714\ufe0f","isPartOf":{"@id":"https:\/\/immobilien-einkommen.de\/#website"},"primaryImageOfPage":{"@id":"https:\/\/immobilien-einkommen.de\/oekologischer-neubau#primaryimage"},"image":{"@id":"https:\/\/immobilien-einkommen.de\/oekologischer-neubau#primaryimage"},"thumbnailUrl":"https:\/\/immobilien-einkommen.de\/wp-content\/uploads\/2021\/09\/architect-3979490_960_720.jpg","datePublished":"2021-09-29T08:01:42+00:00","dateModified":"2023-02-09T18:33:23+00:00","description":"Ecological new construction \u2b50 Passive income \u2b50 Real estate purchase of a capital investment with profit \u2b50 Value investment with yield \u2b50 Real estate purchase \u2b50","breadcrumb":{"@id":"https:\/\/immobilien-einkommen.de\/oekologischer-neubau#breadcrumb"},"inLanguage":"en-US","potentialAction":[{"@type":"ReadAction","target":["https:\/\/immobilien-einkommen.de\/oekologischer-neubau"]}]},{"@type":"ImageObject","inLanguage":"en-US","@id":"https:\/\/immobilien-einkommen.de\/oekologischer-neubau#primaryimage","url":"https:\/\/immobilien-einkommen.de\/wp-content\/uploads\/2021\/09\/architect-3979490_960_720.jpg","contentUrl":"https:\/\/immobilien-einkommen.de\/wp-content\/uploads\/2021\/09\/architect-3979490_960_720.jpg","width":960,"height":578},{"@type":"BreadcrumbList","@id":"https:\/\/immobilien-einkommen.de\/oekologischer-neubau#breadcrumb","itemListElement":[{"@type":"ListItem","position":1,"name":"Startseite","item":"https:\/\/immobilien-einkommen.de\/"},{"@type":"ListItem","position":2,"name":"\u00d6kologischer Neubau"}]},{"@type":"WebSite","@id":"https:\/\/immobilien-einkommen.de\/#website","url":"https:\/\/immobilien-einkommen.de\/","name":"Real estate income","description":"","publisher":{"@id":"https:\/\/immobilien-einkommen.de\/#\/schema\/person\/d56a4fdec187ddb642d134edb3f6d320"},"potentialAction":[{"@type":"SearchAction","target":{"@type":"EntryPoint","urlTemplate":"https:\/\/immobilien-einkommen.de\/?s={search_term_string}"},"query-input":{"@type":"PropertyValueSpecification","valueRequired":true,"valueName":"search_term_string"}}],"inLanguage":"en-US"},{"@type":["Person","Organization"],"@id":"https:\/\/immobilien-einkommen.de\/#\/schema\/person\/d56a4fdec187ddb642d134edb3f6d320","name":"Martin Kramer","image":{"@type":"ImageObject","inLanguage":"en-US","@id":"https:\/\/immobilien-einkommen.de\/#\/schema\/person\/image\/","url":"https:\/\/immobilien-einkommen.de\/wp-content\/uploads\/2024\/01\/cropped-cropped-Logo3.png","contentUrl":"https:\/\/immobilien-einkommen.de\/wp-content\/uploads\/2024\/01\/cropped-cropped-Logo3.png","width":531,"height":290,"caption":"Martin Kramer"},"logo":{"@id":"https:\/\/immobilien-einkommen.de\/#\/schema\/person\/image\/"},"sameAs":["http:\/\/immobilien-einkommen.de"]}]}},"_links":{"self":[{"href":"https:\/\/immobilien-einkommen.de\/en\/wp-json\/wp\/v2\/pages\/4127","targetHints":{"allow":["GET"]}}],"collection":[{"href":"https:\/\/immobilien-einkommen.de\/en\/wp-json\/wp\/v2\/pages"}],"about":[{"href":"https:\/\/immobilien-einkommen.de\/en\/wp-json\/wp\/v2\/types\/page"}],"author":[{"embeddable":true,"href":"https:\/\/immobilien-einkommen.de\/en\/wp-json\/wp\/v2\/users\/2"}],"replies":[{"embeddable":true,"href":"https:\/\/immobilien-einkommen.de\/en\/wp-json\/wp\/v2\/comments?post=4127"}],"version-history":[{"count":44,"href":"https:\/\/immobilien-einkommen.de\/en\/wp-json\/wp\/v2\/pages\/4127\/revisions"}],"predecessor-version":[{"id":8853,"href":"https:\/\/immobilien-einkommen.de\/en\/wp-json\/wp\/v2\/pages\/4127\/revisions\/8853"}],"wp:featuredmedia":[{"embeddable":true,"href":"https:\/\/immobilien-einkommen.de\/en\/wp-json\/wp\/v2\/media\/4037"}],"wp:attachment":[{"href":"https:\/\/immobilien-einkommen.de\/en\/wp-json\/wp\/v2\/media?parent=4127"}],"curies":[{"name":"wp","href":"https:\/\/api.w.org\/{rel}","templated":true}]}}