{"id":3,"date":"2021-06-15T15:33:06","date_gmt":"2021-06-15T13:33:06","guid":{"rendered":"http:\/\/immobilien-einkommen.de\/?page_id=3"},"modified":"2025-07-28T20:35:38","modified_gmt":"2025-07-28T18:35:38","slug":"impressum","status":"publish","type":"page","link":"https:\/\/immobilien-einkommen.de\/en\/impressum","title":{"rendered":"Imprint"},"content":{"rendered":"<div data-elementor-type=\"wp-page\" data-elementor-id=\"3\" class=\"elementor elementor-3\">\n\t\t\t\t\t\t<section class=\"elementor-section elementor-top-section elementor-element elementor-element-27688c37 elementor-section-boxed elementor-section-height-default elementor-section-height-default\" data-id=\"27688c37\" data-element_type=\"section\" data-e-type=\"section\">\n\t\t\t\t\t\t<div class=\"elementor-container elementor-column-gap-default\">\n\t\t\t\t\t<div class=\"elementor-column elementor-col-100 elementor-top-column elementor-element elementor-element-3a32fab7\" data-id=\"3a32fab7\" data-element_type=\"column\" data-e-type=\"column\" data-settings=\"{&quot;background_background&quot;:&quot;classic&quot;}\">\n\t\t\t<div class=\"elementor-widget-wrap elementor-element-populated\">\n\t\t\t\t\t\t<div class=\"elementor-element elementor-element-86603ef elementor-widget elementor-widget-spacer\" data-id=\"86603ef\" data-element_type=\"widget\" data-e-type=\"widget\" data-widget_type=\"spacer.default\">\n\t\t\t\t<div class=\"elementor-widget-container\">\n\t\t\t\t\t\t\t<div class=\"elementor-spacer\">\n\t\t\t<div class=\"elementor-spacer-inner\"><\/div>\n\t\t<\/div>\n\t\t\t\t\t\t<\/div>\n\t\t\t\t<\/div>\n\t\t\t\t<div class=\"elementor-element elementor-element-5114f46 elementor-widget elementor-widget-heading\" data-id=\"5114f46\" data-element_type=\"widget\" data-e-type=\"widget\" data-widget_type=\"heading.default\">\n\t\t\t\t<div class=\"elementor-widget-container\">\n\t\t\t\t\t<h2 class=\"elementor-heading-title elementor-size-default\">Imprint<\/h2>\t\t\t\t<\/div>\n\t\t\t\t<\/div>\n\t\t\t\t<div class=\"elementor-element elementor-element-696f16bf elementor-widget elementor-widget-text-editor\" data-id=\"696f16bf\" data-element_type=\"widget\" data-e-type=\"widget\" data-widget_type=\"text-editor.default\">\n\t\t\t\t<div class=\"elementor-widget-container\">\n\t\t\t\t\t\t\t\t\t<p><\/p>\n<div>\n<div>\n<div>\n<div>\n<h4 class=\"wp-block-heading\">Martin Kramer<\/h4>\n<\/div>\n<div>\n<p>Independent franchise partner for Swiss Life Select<br><a href=\"http:\/\/maps.google.com\/maps?q=50670 K\u00f6ln,Im Mediapark 8\">In the Mediapark 8<\/a><br><a href=\"http:\/\/maps.google.com\/maps?q=50670 K\u00f6ln, Im Mediapark 8\">50670 Cologne<\/a><\/p>\n<p>Mobile: <a href=\"tel:+491772800970\">+49 177-28 00 970<\/a><br>Email: <a href=\"mailto:martin.kramer@swisslife-select.de\">martin.kramer@swisslife-select.de<\/a><\/p>\n<\/div>\n<\/div>\n<\/div>\n<\/div>\n<div>\n<div>\n<div>\n<div>\n<h2>Responsible in the sense of \u00a7 18 para. 2 MStV<\/h2>\n<\/div>\n<div>\n<p>Martin Kramer<br>In the Mediapark 8<br>50670 Cologne<\/p>\n<p>Postal address:<br>Martin Kramer, Mozartstr. 28, 42115 Wuppertal, Germany\n<\/p>\n<\/div>\n<\/div>\n<\/div>\n<\/div>\n<div>\n<div>\n<div>\n<div>\n<h2>Permission according to \u00a7 34c GewO<\/h2>\n<\/div>\n<div>\n<div>\n<h5>Supervisory authority:<\/h5>\n<p>Cologne Chamber of Industry and Commerce<br>Under Saxonyhausen 10-26<br>50667 Cologne<br>Germany <br><\/p>\n<\/div>\n<\/div>\n<\/div>\n<\/div>\n<\/div>\n<div>\n<div>\n<div>\n<div>\n<h2>Permission according to \u00a7 34d GewO<\/h2>\n<\/div>\n<div>\n<div>\n<h5>Supervisory authority:<\/h5>\n<p>Cologne Chamber of Industry and Commerce<br>Under Saxonyhausen 10-26<br>50667 Cologne<br>Germany <\/p>\n<p>Registration number: D-V53N-SIMF1-81<\/p>\n<\/div>\n<div>\n<div>\n<p>Job title: Insurance agent with permission according to \u00a7 34 d Abs. 1 GewO; Federal Republic of Germany<\/p>\n<p>Professional regulations: \u00a7 34 d Gewerbeordnung (GewO), \u00a7\u00a7 59 - 68 Gesetz \u00fcber den Versicherungsvertrag (VVG), Verordnung \u00fcber die Finanzanlagenvermittlung (FinVermV), available at&nbsp;<a href=\"http:\/\/www.gesetze-im-internet.de\/\" target=\"_blank\" rel=\"noopener\">www.gesetze-im-internet.de<\/a><\/p>\n<\/div>\n<\/div>\n<\/div>\n<\/div>\n<\/div>\n<\/div>\n<div>\n<div>\n<div>\n<div>\n<h2>Permission according to \u00a7 34f GewO<\/h2>\n<\/div>\n<div>\n<div>\n<h5>Supervisory authority:<\/h5>\n<p>Cologne Chamber of Industry and Commerce<br>Under Saxonyhausen 10-26<br>50667 Cologne<br>Germany <\/p>\n<p>Registration number: D-F-181-RR5X-85<\/p>\n<\/div>\n<div>\n<div>\n<p>Job title: Financial investment broker according to \u00a7 34f para. 1 sentence 1 No. 1 and 2 GewO; Federal Republic of Germany<\/p>\n<p>Professional regulations: \u00a7 34 f Gewerbeordnung (GewO), Verordnung \u00fcber die Finanzanlagenvermittlung (FinVermV), available at <a href=\"http:\/\/www.gesetze-im-internet.de\/\" target=\"_blank\" rel=\"noopener\">www.gesetze-im-internet.de<\/a><\/p>\n<\/div>\n<\/div>\n<\/div>\n<\/div>\n<\/div>\n<\/div>\n<div>\n<div>\n<div>\n<div>\n<h2>Permission according to \u00a7 34i GewO<\/h2>\n<\/div>\n<div>\n<div>\n<h5>Supervisory authority:<\/h5>\n<p>Cologne Chamber of Industry and Commerce<br>Under Saxonyhausen 10-26<br>50667 Cologne<br>Germany <\/p>\n<p>Registrierungsnummer: D-W-181-53F7-07<\/p>\n<\/div>\n<div>\n<div>\n<p>Job title: Real estate loan broker according to \u00a7 34i Abs. 1 GewO; Federal Republic of Germany<\/p>\n<p>Professional regulations: \u00a7 34 i Gewerbeordnung (GewO), \u00a7 675 a B\u00fcrgerliches Gesetzbuch (BGB), Article 247 Einf\u00fchrungsgesetz BGB (EGBGB), Verordnung \u00fcber Immobiliardarlehensvermittlung (ImmVermV), available at <a href=\"http:\/\/www.gesetze-im-internet.de\/\" target=\"_blank\" rel=\"noopener\">www.gesetze-im-internet.de<\/a><\/p>\n<\/div>\n<\/div>\n<\/div>\n<\/div>\n<\/div>\n<\/div>\n<p><\/p>\t\t\t\t\t\t\t\t<\/div>\n\t\t\t\t<\/div>\n\t\t\t\t\t<\/div>\n\t\t<\/div>\n\t\t\t\t\t<\/div>\n\t\t<\/section>\n\t\t\t\t<\/div>","protected":false},"excerpt":{"rendered":"<p>Impressum Martin Kramer Selbstst\u00e4ndiger Franchisepartner f\u00fcr die Swiss Life SelectIm Mediapark 850670 K\u00f6ln Mobil: +49 177-28 00 970E-Mail: martin.kramer@swisslife-select.de Verantwortlicher im Sinne des \u00a7 18 Abs. 2 MStV Martin KramerIm [&hellip;]<\/p>\n","protected":false},"author":1,"featured_media":8171,"parent":0,"menu_order":0,"comment_status":"closed","ping_status":"closed","template":"elementor_header_footer","meta":{"footnotes":""},"class_list":["post-3","page","type-page","status-publish","has-post-thumbnail","hentry","wpbf-post"],"yoast_head":"<!-- This site is optimized with the Yoast SEO plugin v27.1.1 - https:\/\/yoast.com\/product\/yoast-seo-wordpress\/ -->\n<title>Impressum |\u00a0Immobilien Einkommen \u2714\ufe0f Passiv Gehalt \u2714\ufe0f Wertanlage \u2714\ufe0f<\/title>\n<meta name=\"description\" content=\"Impressum \u2b50 Passives Einkommen Immobilien ist das Ziel beim Kauf einer Kapitalanlage Immobilie \u2b50 Wertanlage mit Rendite \u2b50 Immobilienkauf \u2b50\" \/>\n<meta name=\"robots\" content=\"index, follow, max-snippet:-1, max-image-preview:large, max-video-preview:-1\" \/>\n<link rel=\"canonical\" href=\"https:\/\/immobilien-einkommen.de\/en\/impressum\/\" \/>\n<meta property=\"og:locale\" content=\"en_US\" \/>\n<meta property=\"og:type\" content=\"article\" \/>\n<meta property=\"og:title\" content=\"Impressum |\u00a0Immobilien Einkommen \u2714\ufe0f Passiv Gehalt \u2714\ufe0f Wertanlage \u2714\ufe0f\" \/>\n<meta property=\"og:description\" content=\"Impressum \u2b50 Passives Einkommen Immobilien ist das Ziel beim Kauf einer Kapitalanlage Immobilie \u2b50 Wertanlage mit Rendite \u2b50 Immobilienkauf \u2b50\" \/>\n<meta property=\"og:url\" content=\"https:\/\/immobilien-einkommen.de\/en\/impressum\/\" \/>\n<meta property=\"og:site_name\" content=\"Immobilien Einkommen\" \/>\n<meta property=\"article:modified_time\" content=\"2025-07-28T18:35:38+00:00\" \/>\n<meta property=\"og:image\" content=\"https:\/\/immobilien-einkommen.de\/wp-content\/uploads\/2023\/02\/cropped-cropped-Immobilien-Einkommen-Logo-Rot.png\" \/>\n\t<meta property=\"og:image:width\" content=\"2000\" \/>\n\t<meta property=\"og:image:height\" content=\"1042\" \/>\n\t<meta property=\"og:image:type\" content=\"image\/png\" \/>\n<meta name=\"twitter:card\" content=\"summary_large_image\" \/>\n<meta name=\"twitter:label1\" content=\"Est. reading time\" \/>\n\t<meta name=\"twitter:data1\" content=\"2 minutes\" \/>\n<script type=\"application\/ld+json\" class=\"yoast-schema-graph\">{\"@context\":\"https:\/\/schema.org\",\"@graph\":[{\"@type\":\"WebPage\",\"@id\":\"https:\/\/immobilien-einkommen.de\/impressum\",\"url\":\"https:\/\/immobilien-einkommen.de\/impressum\",\"name\":\"Impressum |\u00a0Immobilien Einkommen \u2714\ufe0f Passiv Gehalt \u2714\ufe0f Wertanlage \u2714\ufe0f\",\"isPartOf\":{\"@id\":\"https:\/\/immobilien-einkommen.de\/#website\"},\"primaryImageOfPage\":{\"@id\":\"https:\/\/immobilien-einkommen.de\/impressum#primaryimage\"},\"image\":{\"@id\":\"https:\/\/immobilien-einkommen.de\/impressum#primaryimage\"},\"thumbnailUrl\":\"https:\/\/immobilien-einkommen.de\/wp-content\/uploads\/2023\/02\/cropped-cropped-Immobilien-Einkommen-Logo-Rot.png\",\"datePublished\":\"2021-06-15T13:33:06+00:00\",\"dateModified\":\"2025-07-28T18:35:38+00:00\",\"description\":\"Impressum \u2b50 Passives Einkommen Immobilien ist das Ziel beim Kauf einer Kapitalanlage Immobilie \u2b50 Wertanlage mit Rendite \u2b50 Immobilienkauf \u2b50\",\"breadcrumb\":{\"@id\":\"https:\/\/immobilien-einkommen.de\/impressum#breadcrumb\"},\"inLanguage\":\"en-US\",\"potentialAction\":[{\"@type\":\"ReadAction\",\"target\":[\"https:\/\/immobilien-einkommen.de\/impressum\"]}]},{\"@type\":\"ImageObject\",\"inLanguage\":\"en-US\",\"@id\":\"https:\/\/immobilien-einkommen.de\/impressum#primaryimage\",\"url\":\"https:\/\/immobilien-einkommen.de\/wp-content\/uploads\/2023\/02\/cropped-cropped-Immobilien-Einkommen-Logo-Rot.png\",\"contentUrl\":\"https:\/\/immobilien-einkommen.de\/wp-content\/uploads\/2023\/02\/cropped-cropped-Immobilien-Einkommen-Logo-Rot.png\",\"width\":2000,\"height\":1042},{\"@type\":\"BreadcrumbList\",\"@id\":\"https:\/\/immobilien-einkommen.de\/impressum#breadcrumb\",\"itemListElement\":[{\"@type\":\"ListItem\",\"position\":1,\"name\":\"Startseite\",\"item\":\"https:\/\/immobilien-einkommen.de\/\"},{\"@type\":\"ListItem\",\"position\":2,\"name\":\"Impressum\"}]},{\"@type\":\"WebSite\",\"@id\":\"https:\/\/immobilien-einkommen.de\/#website\",\"url\":\"https:\/\/immobilien-einkommen.de\/\",\"name\":\"Immobilien Einkommen\",\"description\":\"\",\"publisher\":{\"@id\":\"https:\/\/immobilien-einkommen.de\/#\/schema\/person\/d56a4fdec187ddb642d134edb3f6d320\"},\"potentialAction\":[{\"@type\":\"SearchAction\",\"target\":{\"@type\":\"EntryPoint\",\"urlTemplate\":\"https:\/\/immobilien-einkommen.de\/?s={search_term_string}\"},\"query-input\":{\"@type\":\"PropertyValueSpecification\",\"valueRequired\":true,\"valueName\":\"search_term_string\"}}],\"inLanguage\":\"en-US\"},{\"@type\":[\"Person\",\"Organization\"],\"@id\":\"https:\/\/immobilien-einkommen.de\/#\/schema\/person\/d56a4fdec187ddb642d134edb3f6d320\",\"name\":\"Martin Kramer\",\"image\":{\"@type\":\"ImageObject\",\"inLanguage\":\"en-US\",\"@id\":\"https:\/\/immobilien-einkommen.de\/#\/schema\/person\/image\/\",\"url\":\"https:\/\/immobilien-einkommen.de\/wp-content\/uploads\/2024\/01\/cropped-cropped-Logo3.png\",\"contentUrl\":\"https:\/\/immobilien-einkommen.de\/wp-content\/uploads\/2024\/01\/cropped-cropped-Logo3.png\",\"width\":531,\"height\":290,\"caption\":\"Martin Kramer\"},\"logo\":{\"@id\":\"https:\/\/immobilien-einkommen.de\/#\/schema\/person\/image\/\"},\"sameAs\":[\"http:\/\/immobilien-einkommen.de\"]}]}<\/script>\n<!-- \/ Yoast SEO plugin. -->","yoast_head_json":{"title":"Imprint | Real Estate Income \u2714\ufe0f Passive Salary \u2714\ufe0f Investment \u2714\ufe0f","description":"Imprint \u2b50 Passive income real estate is the goal when buying an investment property \u2b50 Value investment with yield \u2b50 Real estate purchase \u2b50","robots":{"index":"index","follow":"follow","max-snippet":"max-snippet:-1","max-image-preview":"max-image-preview:large","max-video-preview":"max-video-preview:-1"},"canonical":"https:\/\/immobilien-einkommen.de\/en\/impressum\/","og_locale":"en_US","og_type":"article","og_title":"Impressum |\u00a0Immobilien Einkommen \u2714\ufe0f Passiv Gehalt \u2714\ufe0f Wertanlage \u2714\ufe0f","og_description":"Impressum \u2b50 Passives Einkommen Immobilien ist das Ziel beim Kauf einer Kapitalanlage Immobilie \u2b50 Wertanlage mit Rendite \u2b50 Immobilienkauf \u2b50","og_url":"https:\/\/immobilien-einkommen.de\/en\/impressum\/","og_site_name":"Immobilien Einkommen","article_modified_time":"2025-07-28T18:35:38+00:00","og_image":[{"width":2000,"height":1042,"url":"https:\/\/immobilien-einkommen.de\/wp-content\/uploads\/2023\/02\/cropped-cropped-Immobilien-Einkommen-Logo-Rot.png","type":"image\/png"}],"twitter_card":"summary_large_image","twitter_misc":{"Est. reading time":"2 minutes"},"schema":{"@context":"https:\/\/schema.org","@graph":[{"@type":"WebPage","@id":"https:\/\/immobilien-einkommen.de\/impressum","url":"https:\/\/immobilien-einkommen.de\/impressum","name":"Imprint | Real Estate Income \u2714\ufe0f Passive Salary \u2714\ufe0f Investment \u2714\ufe0f","isPartOf":{"@id":"https:\/\/immobilien-einkommen.de\/#website"},"primaryImageOfPage":{"@id":"https:\/\/immobilien-einkommen.de\/impressum#primaryimage"},"image":{"@id":"https:\/\/immobilien-einkommen.de\/impressum#primaryimage"},"thumbnailUrl":"https:\/\/immobilien-einkommen.de\/wp-content\/uploads\/2023\/02\/cropped-cropped-Immobilien-Einkommen-Logo-Rot.png","datePublished":"2021-06-15T13:33:06+00:00","dateModified":"2025-07-28T18:35:38+00:00","description":"Imprint \u2b50 Passive income real estate is the goal when buying an investment property \u2b50 Value investment with yield \u2b50 Real estate purchase \u2b50","breadcrumb":{"@id":"https:\/\/immobilien-einkommen.de\/impressum#breadcrumb"},"inLanguage":"en-US","potentialAction":[{"@type":"ReadAction","target":["https:\/\/immobilien-einkommen.de\/impressum"]}]},{"@type":"ImageObject","inLanguage":"en-US","@id":"https:\/\/immobilien-einkommen.de\/impressum#primaryimage","url":"https:\/\/immobilien-einkommen.de\/wp-content\/uploads\/2023\/02\/cropped-cropped-Immobilien-Einkommen-Logo-Rot.png","contentUrl":"https:\/\/immobilien-einkommen.de\/wp-content\/uploads\/2023\/02\/cropped-cropped-Immobilien-Einkommen-Logo-Rot.png","width":2000,"height":1042},{"@type":"BreadcrumbList","@id":"https:\/\/immobilien-einkommen.de\/impressum#breadcrumb","itemListElement":[{"@type":"ListItem","position":1,"name":"Startseite","item":"https:\/\/immobilien-einkommen.de\/"},{"@type":"ListItem","position":2,"name":"Impressum"}]},{"@type":"WebSite","@id":"https:\/\/immobilien-einkommen.de\/#website","url":"https:\/\/immobilien-einkommen.de\/","name":"Real estate income","description":"","publisher":{"@id":"https:\/\/immobilien-einkommen.de\/#\/schema\/person\/d56a4fdec187ddb642d134edb3f6d320"},"potentialAction":[{"@type":"SearchAction","target":{"@type":"EntryPoint","urlTemplate":"https:\/\/immobilien-einkommen.de\/?s={search_term_string}"},"query-input":{"@type":"PropertyValueSpecification","valueRequired":true,"valueName":"search_term_string"}}],"inLanguage":"en-US"},{"@type":["Person","Organization"],"@id":"https:\/\/immobilien-einkommen.de\/#\/schema\/person\/d56a4fdec187ddb642d134edb3f6d320","name":"Martin Kramer","image":{"@type":"ImageObject","inLanguage":"en-US","@id":"https:\/\/immobilien-einkommen.de\/#\/schema\/person\/image\/","url":"https:\/\/immobilien-einkommen.de\/wp-content\/uploads\/2024\/01\/cropped-cropped-Logo3.png","contentUrl":"https:\/\/immobilien-einkommen.de\/wp-content\/uploads\/2024\/01\/cropped-cropped-Logo3.png","width":531,"height":290,"caption":"Martin Kramer"},"logo":{"@id":"https:\/\/immobilien-einkommen.de\/#\/schema\/person\/image\/"},"sameAs":["http:\/\/immobilien-einkommen.de"]}]}},"_links":{"self":[{"href":"https:\/\/immobilien-einkommen.de\/en\/wp-json\/wp\/v2\/pages\/3","targetHints":{"allow":["GET"]}}],"collection":[{"href":"https:\/\/immobilien-einkommen.de\/en\/wp-json\/wp\/v2\/pages"}],"about":[{"href":"https:\/\/immobilien-einkommen.de\/en\/wp-json\/wp\/v2\/types\/page"}],"author":[{"embeddable":true,"href":"https:\/\/immobilien-einkommen.de\/en\/wp-json\/wp\/v2\/users\/1"}],"replies":[{"embeddable":true,"href":"https:\/\/immobilien-einkommen.de\/en\/wp-json\/wp\/v2\/comments?post=3"}],"version-history":[{"count":58,"href":"https:\/\/immobilien-einkommen.de\/en\/wp-json\/wp\/v2\/pages\/3\/revisions"}],"predecessor-version":[{"id":25207,"href":"https:\/\/immobilien-einkommen.de\/en\/wp-json\/wp\/v2\/pages\/3\/revisions\/25207"}],"wp:featuredmedia":[{"embeddable":true,"href":"https:\/\/immobilien-einkommen.de\/en\/wp-json\/wp\/v2\/media\/8171"}],"wp:attachment":[{"href":"https:\/\/immobilien-einkommen.de\/en\/wp-json\/wp\/v2\/media?parent=3"}],"curies":[{"name":"wp","href":"https:\/\/api.w.org\/{rel}","templated":true}]}}