{"id":14255,"date":"2024-05-10T10:33:03","date_gmt":"2024-05-10T08:33:03","guid":{"rendered":"https:\/\/immobilien-einkommen.de\/?page_id=14255"},"modified":"2024-05-10T12:16:17","modified_gmt":"2024-05-10T10:16:17","slug":"sebastian-strueber","status":"publish","type":"page","link":"https:\/\/immobilien-einkommen.de\/en\/sebastian-strueber","title":{"rendered":"Sebastian Str\u00fcber"},"content":{"rendered":"<div data-elementor-type=\"wp-page\" data-elementor-id=\"14255\" class=\"elementor elementor-14255\">\n\t\t\t\t\t\t<section class=\"elementor-section elementor-top-section elementor-element elementor-element-27d890e7 elementor-section-content-middle elementor-section-stretched elementor-section-boxed elementor-section-height-default elementor-section-height-default\" data-id=\"27d890e7\" data-element_type=\"section\" data-e-type=\"section\" data-settings=\"{&quot;stretch_section&quot;:&quot;section-stretched&quot;,&quot;background_background&quot;:&quot;classic&quot;}\">\n\t\t\t\t\t\t<div class=\"elementor-container elementor-column-gap-no\">\n\t\t\t\t\t<div class=\"elementor-column elementor-col-50 elementor-top-column elementor-element elementor-element-ad7716d\" data-id=\"ad7716d\" data-element_type=\"column\" data-e-type=\"column\">\n\t\t\t<div class=\"elementor-widget-wrap elementor-element-populated\">\n\t\t\t\t\t\t<div class=\"elementor-element elementor-element-7cca79a3 elementor-widget elementor-widget-image\" data-id=\"7cca79a3\" data-element_type=\"widget\" data-e-type=\"widget\" data-widget_type=\"image.default\">\n\t\t\t\t<div class=\"elementor-widget-container\">\n\t\t\t\t\t\t\t\t\t\t\t\t\t\t\t<img fetchpriority=\"high\" decoding=\"async\" width=\"1920\" height=\"2560\" src=\"https:\/\/immobilien-einkommen.de\/wp-content\/uploads\/2024\/05\/Strueber-Sebastian-scaled.jpg\" class=\"attachment-full size-full wp-image-14284\" alt=\"\" srcset=\"https:\/\/immobilien-einkommen.de\/wp-content\/uploads\/2024\/05\/Strueber-Sebastian-scaled.jpg 1920w, https:\/\/immobilien-einkommen.de\/wp-content\/uploads\/2024\/05\/Strueber-Sebastian-225x300.jpg 225w, https:\/\/immobilien-einkommen.de\/wp-content\/uploads\/2024\/05\/Strueber-Sebastian-768x1024.jpg 768w, https:\/\/immobilien-einkommen.de\/wp-content\/uploads\/2024\/05\/Strueber-Sebastian-1152x1536.jpg 1152w, https:\/\/immobilien-einkommen.de\/wp-content\/uploads\/2024\/05\/Strueber-Sebastian-1536x2048.jpg 1536w, https:\/\/immobilien-einkommen.de\/wp-content\/uploads\/2024\/05\/Strueber-Sebastian-9x12.jpg 9w\" sizes=\"(max-width: 1920px) 100vw, 1920px\" \/>\t\t\t\t\t\t\t\t\t\t\t\t\t\t\t<\/div>\n\t\t\t\t<\/div>\n\t\t\t\t\t<\/div>\n\t\t<\/div>\n\t\t\t\t<div class=\"elementor-column elementor-col-50 elementor-top-column elementor-element elementor-element-70ecc784\" data-id=\"70ecc784\" data-element_type=\"column\" data-e-type=\"column\">\n\t\t\t<div class=\"elementor-widget-wrap elementor-element-populated\">\n\t\t\t\t\t\t<div class=\"elementor-element elementor-element-12c65bb2 elementor-view-default elementor-widget elementor-widget-icon\" data-id=\"12c65bb2\" data-element_type=\"widget\" data-e-type=\"widget\" data-widget_type=\"icon.default\">\n\t\t\t\t<div class=\"elementor-widget-container\">\n\t\t\t\t\t\t\t<div class=\"elementor-icon-wrapper\">\n\t\t\t<div class=\"elementor-icon\">\n\t\t\t<i aria-hidden=\"true\" class=\"fas fa-quote-left\"><\/i>\t\t\t<\/div>\n\t\t<\/div>\n\t\t\t\t\t\t<\/div>\n\t\t\t\t<\/div>\n\t\t\t\t<div class=\"elementor-element elementor-element-3a5da76c elementor-widget elementor-widget-text-editor\" data-id=\"3a5da76c\" data-element_type=\"widget\" data-e-type=\"widget\" data-widget_type=\"text-editor.default\">\n\t\t\t\t<div class=\"elementor-widget-container\">\n\t\t\t\t\t\t\t\t\tSebastian is one of our real estate specialists.\n\nHe handles consultations, viewings and the entire process with clients.\t\t\t\t\t\t\t\t<\/div>\n\t\t\t\t<\/div>\n\t\t\t\t<div class=\"elementor-element elementor-element-253290b elementor-widget elementor-widget-heading\" data-id=\"253290b\" data-element_type=\"widget\" data-e-type=\"widget\" data-widget_type=\"heading.default\">\n\t\t\t\t<div class=\"elementor-widget-container\">\n\t\t\t\t\t<h2 class=\"elementor-heading-title elementor-size-default\">Sebastian Str\u00fcber<\/h2>\t\t\t\t<\/div>\n\t\t\t\t<\/div>\n\t\t\t\t<div class=\"elementor-element elementor-element-55251bd2 elementor-widget elementor-widget-heading\" data-id=\"55251bd2\" data-element_type=\"widget\" data-e-type=\"widget\" data-widget_type=\"heading.default\">\n\t\t\t\t<div class=\"elementor-widget-container\">\n\t\t\t\t\t<h2 class=\"elementor-heading-title elementor-size-default\">Real estate specialist<\/h2>\t\t\t\t<\/div>\n\t\t\t\t<\/div>\n\t\t\t\t<div class=\"elementor-element elementor-element-b146fa2 elementor-widget elementor-widget-text-editor\" data-id=\"b146fa2\" data-element_type=\"widget\" data-e-type=\"widget\" data-widget_type=\"text-editor.default\">\n\t\t\t\t<div class=\"elementor-widget-container\">\n\t\t\t\t\t\t\t\t\t<p>Mobile:<br \/><a href=\"tel:+4901735213836\">0173 \u2013 52 13 836<\/a><\/p><p>Email:<br \/><a href=\"mailto:sebastian.strueber@swisslife-select.de\" target=\"_blank\" rel=\"noopener\">sebstian.strueber@swisslife-select.de<\/a><\/p><p>Address:<br><a href=\"http:\/\/maps.google.com\/maps?q=38550 Isenb\u00fcttel, Am Krainhop 9\">Am Krainhop 9<\/a><br><a href=\"http:\/\/maps.google.com\/maps?q=38550 Isenb\u00fcttel, Am Krainhop 9\">38550 Isenb\u00fcttel<\/a><br>Germany\t\t\t\t\t\t\t\t<\/div>\n\t\t\t\t<\/div>\n\t\t\t\t<div class=\"elementor-element elementor-element-377715b elementor-shape-circle e-grid-align-left elementor-grid-0 elementor-widget elementor-widget-social-icons\" data-id=\"377715b\" data-element_type=\"widget\" data-e-type=\"widget\" data-widget_type=\"social-icons.default\">\n\t\t\t\t<div class=\"elementor-widget-container\">\n\t\t\t\t\t\t\t<div class=\"elementor-social-icons-wrapper elementor-grid\" role=\"list\">\n\t\t\t\t\t\t\t<span class=\"elementor-grid-item\" role=\"listitem\">\n\t\t\t\t\t<a class=\"elementor-icon elementor-social-icon elementor-social-icon-instagram elementor-repeater-item-7b37a81\" href=\"https:\/\/www.instagram.com\/sebastian_strueber\" target=\"_blank\">\n\t\t\t\t\t\t<span class=\"elementor-screen-only\">Instagram<\/span>\n\t\t\t\t\t\t<i aria-hidden=\"true\" class=\"fab fa-instagram\"><\/i>\t\t\t\t\t<\/a>\n\t\t\t\t<\/span>\n\t\t\t\t\t\t\t<span class=\"elementor-grid-item\" role=\"listitem\">\n\t\t\t\t\t<a class=\"elementor-icon elementor-social-icon elementor-social-icon-whatsapp elementor-repeater-item-6ba4ecc\" href=\"https:\/\/wa.me\/491735213836\" target=\"_blank\">\n\t\t\t\t\t\t<span class=\"elementor-screen-only\">Whatsapp<\/span>\n\t\t\t\t\t\t<i aria-hidden=\"true\" class=\"fab fa-whatsapp\"><\/i>\t\t\t\t\t<\/a>\n\t\t\t\t<\/span>\n\t\t\t\t\t<\/div>\n\t\t\t\t\t\t<\/div>\n\t\t\t\t<\/div>\n\t\t\t\t<div class=\"elementor-element elementor-element-52aba56 elementor-button-success elementor-align-justify elementor-widget elementor-widget-button\" data-id=\"52aba56\" data-element_type=\"widget\" data-e-type=\"widget\" data-widget_type=\"button.default\">\n\t\t\t\t<div class=\"elementor-widget-container\">\n\t\t\t\t\t\t\t\t\t<div class=\"elementor-button-wrapper\">\n\t\t\t\t\t<a class=\"elementor-button elementor-button-link elementor-size-sm\" href=\"\/en\/team\/\">\n\t\t\t\t\t\t<span class=\"elementor-button-content-wrapper\">\n\t\t\t\t\t\t\t\t\t<span class=\"elementor-button-text\">Team overview<\/span>\n\t\t\t\t\t<\/span>\n\t\t\t\t\t<\/a>\n\t\t\t\t<\/div>\n\t\t\t\t\t\t\t\t<\/div>\n\t\t\t\t<\/div>\n\t\t\t\t\t<\/div>\n\t\t<\/div>\n\t\t\t\t\t<\/div>\n\t\t<\/section>\n\t\t\t\t<\/div>","protected":false},"excerpt":{"rendered":"<p>Sebastian ist einer unserer Immobilien-Spezialisten. Er \u00fcbernimmt Beratungen, Besichtigungen und den gesamten Prozess mit den Kunden. Sebastian Str\u00fcber Immobilienspezialist Mobil:0173 &#8211; 52 13 836 E-Mail:sebstian.strueber@swisslife-select.de Adresse:Am Krainhop 938550 Isenb\u00fcttelDeutschland Instagram [&hellip;]<\/p>\n","protected":false},"author":2,"featured_media":13320,"parent":0,"menu_order":0,"comment_status":"closed","ping_status":"closed","template":"elementor_header_footer","meta":{"footnotes":""},"class_list":["post-14255","page","type-page","status-publish","has-post-thumbnail","hentry","wpbf-post"],"yoast_head":"<!-- This site is optimized with the Yoast SEO plugin v27.1.1 - https:\/\/yoast.com\/product\/yoast-seo-wordpress\/ -->\n<title>Sebastian Str\u00fcber | Immobilienspezialist bei Beratungen<\/title>\n<meta name=\"description\" content=\"Sebastian Str\u00fcber | Unterst\u00fctzt Martin Kramer als Immobilienspezialist bei Beratungen und Besichtigungen.\" \/>\n<meta name=\"robots\" content=\"index, follow, max-snippet:-1, max-image-preview:large, max-video-preview:-1\" \/>\n<link rel=\"canonical\" href=\"https:\/\/immobilien-einkommen.de\/en\/sebastian-strueber\/\" \/>\n<meta property=\"og:locale\" content=\"en_US\" \/>\n<meta property=\"og:type\" content=\"article\" \/>\n<meta property=\"og:title\" content=\"Sebastian Str\u00fcber | Immobilienspezialist bei Beratungen\" \/>\n<meta property=\"og:description\" content=\"Sebastian Str\u00fcber | Unterst\u00fctzt Martin Kramer als Immobilienspezialist bei Beratungen und Besichtigungen.\" \/>\n<meta property=\"og:url\" content=\"https:\/\/immobilien-einkommen.de\/en\/sebastian-strueber\/\" \/>\n<meta property=\"og:site_name\" content=\"Immobilien Einkommen\" \/>\n<meta property=\"article:modified_time\" content=\"2024-05-10T10:16:17+00:00\" \/>\n<meta property=\"og:image\" content=\"https:\/\/immobilien-einkommen.de\/wp-content\/uploads\/2024\/04\/Strueber-Sebastian.png\" \/>\n\t<meta property=\"og:image:width\" content=\"400\" \/>\n\t<meta property=\"og:image:height\" content=\"400\" \/>\n\t<meta property=\"og:image:type\" content=\"image\/png\" \/>\n<meta name=\"twitter:card\" content=\"summary_large_image\" \/>\n<meta name=\"twitter:label1\" content=\"Est. reading time\" \/>\n\t<meta name=\"twitter:data1\" content=\"1 minute\" \/>\n<script type=\"application\/ld+json\" class=\"yoast-schema-graph\">{\"@context\":\"https:\/\/schema.org\",\"@graph\":[{\"@type\":\"WebPage\",\"@id\":\"https:\/\/immobilien-einkommen.de\/sebastian-strueber\",\"url\":\"https:\/\/immobilien-einkommen.de\/sebastian-strueber\",\"name\":\"Sebastian Str\u00fcber | Immobilienspezialist bei Beratungen\",\"isPartOf\":{\"@id\":\"https:\/\/immobilien-einkommen.de\/#website\"},\"primaryImageOfPage\":{\"@id\":\"https:\/\/immobilien-einkommen.de\/sebastian-strueber#primaryimage\"},\"image\":{\"@id\":\"https:\/\/immobilien-einkommen.de\/sebastian-strueber#primaryimage\"},\"thumbnailUrl\":\"https:\/\/immobilien-einkommen.de\/wp-content\/uploads\/2024\/04\/Strueber-Sebastian.png\",\"datePublished\":\"2024-05-10T08:33:03+00:00\",\"dateModified\":\"2024-05-10T10:16:17+00:00\",\"description\":\"Sebastian Str\u00fcber | Unterst\u00fctzt Martin Kramer als Immobilienspezialist bei Beratungen und Besichtigungen.\",\"breadcrumb\":{\"@id\":\"https:\/\/immobilien-einkommen.de\/sebastian-strueber#breadcrumb\"},\"inLanguage\":\"en-US\",\"potentialAction\":[{\"@type\":\"ReadAction\",\"target\":[\"https:\/\/immobilien-einkommen.de\/sebastian-strueber\"]}]},{\"@type\":\"ImageObject\",\"inLanguage\":\"en-US\",\"@id\":\"https:\/\/immobilien-einkommen.de\/sebastian-strueber#primaryimage\",\"url\":\"https:\/\/immobilien-einkommen.de\/wp-content\/uploads\/2024\/04\/Strueber-Sebastian.png\",\"contentUrl\":\"https:\/\/immobilien-einkommen.de\/wp-content\/uploads\/2024\/04\/Strueber-Sebastian.png\",\"width\":400,\"height\":400},{\"@type\":\"BreadcrumbList\",\"@id\":\"https:\/\/immobilien-einkommen.de\/sebastian-strueber#breadcrumb\",\"itemListElement\":[{\"@type\":\"ListItem\",\"position\":1,\"name\":\"Startseite\",\"item\":\"https:\/\/immobilien-einkommen.de\/\"},{\"@type\":\"ListItem\",\"position\":2,\"name\":\"Sebastian Str\u00fcber\"}]},{\"@type\":\"WebSite\",\"@id\":\"https:\/\/immobilien-einkommen.de\/#website\",\"url\":\"https:\/\/immobilien-einkommen.de\/\",\"name\":\"Immobilien Einkommen\",\"description\":\"\",\"publisher\":{\"@id\":\"https:\/\/immobilien-einkommen.de\/#\/schema\/person\/d56a4fdec187ddb642d134edb3f6d320\"},\"potentialAction\":[{\"@type\":\"SearchAction\",\"target\":{\"@type\":\"EntryPoint\",\"urlTemplate\":\"https:\/\/immobilien-einkommen.de\/?s={search_term_string}\"},\"query-input\":{\"@type\":\"PropertyValueSpecification\",\"valueRequired\":true,\"valueName\":\"search_term_string\"}}],\"inLanguage\":\"en-US\"},{\"@type\":[\"Person\",\"Organization\"],\"@id\":\"https:\/\/immobilien-einkommen.de\/#\/schema\/person\/d56a4fdec187ddb642d134edb3f6d320\",\"name\":\"Martin Kramer\",\"image\":{\"@type\":\"ImageObject\",\"inLanguage\":\"en-US\",\"@id\":\"https:\/\/immobilien-einkommen.de\/#\/schema\/person\/image\/\",\"url\":\"https:\/\/immobilien-einkommen.de\/wp-content\/uploads\/2024\/01\/cropped-cropped-Logo3.png\",\"contentUrl\":\"https:\/\/immobilien-einkommen.de\/wp-content\/uploads\/2024\/01\/cropped-cropped-Logo3.png\",\"width\":531,\"height\":290,\"caption\":\"Martin Kramer\"},\"logo\":{\"@id\":\"https:\/\/immobilien-einkommen.de\/#\/schema\/person\/image\/\"},\"sameAs\":[\"http:\/\/immobilien-einkommen.de\"]}]}<\/script>\n<!-- \/ Yoast SEO plugin. -->","yoast_head_json":{"title":"Sebastian Str\u00fcber | Real estate specialist for consultations","description":"Sebastian Str\u00fcber | Supports Martin Kramer as a real estate specialist in consultations and viewings.","robots":{"index":"index","follow":"follow","max-snippet":"max-snippet:-1","max-image-preview":"max-image-preview:large","max-video-preview":"max-video-preview:-1"},"canonical":"https:\/\/immobilien-einkommen.de\/en\/sebastian-strueber\/","og_locale":"en_US","og_type":"article","og_title":"Sebastian Str\u00fcber | Immobilienspezialist bei Beratungen","og_description":"Sebastian Str\u00fcber | Unterst\u00fctzt Martin Kramer als Immobilienspezialist bei Beratungen und Besichtigungen.","og_url":"https:\/\/immobilien-einkommen.de\/en\/sebastian-strueber\/","og_site_name":"Immobilien Einkommen","article_modified_time":"2024-05-10T10:16:17+00:00","og_image":[{"width":400,"height":400,"url":"https:\/\/immobilien-einkommen.de\/wp-content\/uploads\/2024\/04\/Strueber-Sebastian.png","type":"image\/png"}],"twitter_card":"summary_large_image","twitter_misc":{"Est. reading time":"1 minute"},"schema":{"@context":"https:\/\/schema.org","@graph":[{"@type":"WebPage","@id":"https:\/\/immobilien-einkommen.de\/sebastian-strueber","url":"https:\/\/immobilien-einkommen.de\/sebastian-strueber","name":"Sebastian Str\u00fcber | Real estate specialist for consultations","isPartOf":{"@id":"https:\/\/immobilien-einkommen.de\/#website"},"primaryImageOfPage":{"@id":"https:\/\/immobilien-einkommen.de\/sebastian-strueber#primaryimage"},"image":{"@id":"https:\/\/immobilien-einkommen.de\/sebastian-strueber#primaryimage"},"thumbnailUrl":"https:\/\/immobilien-einkommen.de\/wp-content\/uploads\/2024\/04\/Strueber-Sebastian.png","datePublished":"2024-05-10T08:33:03+00:00","dateModified":"2024-05-10T10:16:17+00:00","description":"Sebastian Str\u00fcber | Supports Martin Kramer as a real estate specialist in consultations and viewings.","breadcrumb":{"@id":"https:\/\/immobilien-einkommen.de\/sebastian-strueber#breadcrumb"},"inLanguage":"en-US","potentialAction":[{"@type":"ReadAction","target":["https:\/\/immobilien-einkommen.de\/sebastian-strueber"]}]},{"@type":"ImageObject","inLanguage":"en-US","@id":"https:\/\/immobilien-einkommen.de\/sebastian-strueber#primaryimage","url":"https:\/\/immobilien-einkommen.de\/wp-content\/uploads\/2024\/04\/Strueber-Sebastian.png","contentUrl":"https:\/\/immobilien-einkommen.de\/wp-content\/uploads\/2024\/04\/Strueber-Sebastian.png","width":400,"height":400},{"@type":"BreadcrumbList","@id":"https:\/\/immobilien-einkommen.de\/sebastian-strueber#breadcrumb","itemListElement":[{"@type":"ListItem","position":1,"name":"Startseite","item":"https:\/\/immobilien-einkommen.de\/"},{"@type":"ListItem","position":2,"name":"Sebastian Str\u00fcber"}]},{"@type":"WebSite","@id":"https:\/\/immobilien-einkommen.de\/#website","url":"https:\/\/immobilien-einkommen.de\/","name":"Real estate income","description":"","publisher":{"@id":"https:\/\/immobilien-einkommen.de\/#\/schema\/person\/d56a4fdec187ddb642d134edb3f6d320"},"potentialAction":[{"@type":"SearchAction","target":{"@type":"EntryPoint","urlTemplate":"https:\/\/immobilien-einkommen.de\/?s={search_term_string}"},"query-input":{"@type":"PropertyValueSpecification","valueRequired":true,"valueName":"search_term_string"}}],"inLanguage":"en-US"},{"@type":["Person","Organization"],"@id":"https:\/\/immobilien-einkommen.de\/#\/schema\/person\/d56a4fdec187ddb642d134edb3f6d320","name":"Martin Kramer","image":{"@type":"ImageObject","inLanguage":"en-US","@id":"https:\/\/immobilien-einkommen.de\/#\/schema\/person\/image\/","url":"https:\/\/immobilien-einkommen.de\/wp-content\/uploads\/2024\/01\/cropped-cropped-Logo3.png","contentUrl":"https:\/\/immobilien-einkommen.de\/wp-content\/uploads\/2024\/01\/cropped-cropped-Logo3.png","width":531,"height":290,"caption":"Martin Kramer"},"logo":{"@id":"https:\/\/immobilien-einkommen.de\/#\/schema\/person\/image\/"},"sameAs":["http:\/\/immobilien-einkommen.de"]}]}},"_links":{"self":[{"href":"https:\/\/immobilien-einkommen.de\/en\/wp-json\/wp\/v2\/pages\/14255","targetHints":{"allow":["GET"]}}],"collection":[{"href":"https:\/\/immobilien-einkommen.de\/en\/wp-json\/wp\/v2\/pages"}],"about":[{"href":"https:\/\/immobilien-einkommen.de\/en\/wp-json\/wp\/v2\/types\/page"}],"author":[{"embeddable":true,"href":"https:\/\/immobilien-einkommen.de\/en\/wp-json\/wp\/v2\/users\/2"}],"replies":[{"embeddable":true,"href":"https:\/\/immobilien-einkommen.de\/en\/wp-json\/wp\/v2\/comments?post=14255"}],"version-history":[{"count":7,"href":"https:\/\/immobilien-einkommen.de\/en\/wp-json\/wp\/v2\/pages\/14255\/revisions"}],"predecessor-version":[{"id":14287,"href":"https:\/\/immobilien-einkommen.de\/en\/wp-json\/wp\/v2\/pages\/14255\/revisions\/14287"}],"wp:featuredmedia":[{"embeddable":true,"href":"https:\/\/immobilien-einkommen.de\/en\/wp-json\/wp\/v2\/media\/13320"}],"wp:attachment":[{"href":"https:\/\/immobilien-einkommen.de\/en\/wp-json\/wp\/v2\/media?parent=14255"}],"curies":[{"name":"wp","href":"https:\/\/api.w.org\/{rel}","templated":true}]}}